{"id":7308,"date":"2018-02-12T21:53:56","date_gmt":"2018-02-12T20:53:56","guid":{"rendered":"http:\/\/songkol.com\/WordPress3\/?page_id=7308"},"modified":"2018-02-12T22:15:51","modified_gmt":"2018-02-12T21:15:51","slug":"vente-a-chilien","status":"publish","type":"page","link":"http:\/\/songkol.com\/WordPress3\/preparation\/vente-a-chilien\/","title":{"rendered":"Vente \u00e0 un Chilien"},"content":{"rendered":"<p>La vente a plus de chance de se r\u00e9aliser si l&rsquo;acheteur embauche un agent des douanes habitu\u00e9 \u00e0 ce genre de dossier. Rapprochez-vous du\u00a0plus important centre de douanes du pays qui se situe au port \u00e0 sec de Placilla de Valparaiso. L&rsquo;\u00e2ge du v\u00e9hicule est d\u00e9terminant \u00e0 cause des normes de pollution. La plupart des camping-car europ\u00e9ens n&rsquo;\u00e9tant pas commercialis\u00e9 en Amerique du sud, les marques tardent \u00e0 donner l&rsquo;homologation au nouveau propri\u00e9taire.<\/p>\n<h1>Proc\u00e9dure<\/h1>\n<p>1 &#8211; Trouver un acheteur. Poser une annonce sur le groupe facebook \u00ab\u00a0<a href=\"https:\/\/www.facebook.com\/groups\/143965992463836\/\" target=\"_blank\" rel=\"noopener\">casas rodantes en la Patagonia<\/a>\u00ab\u00a0.<br \/>\n2 &#8211; Pr\u00e9senter le CC \u00e0 l&rsquo;acheteur. L&rsquo;inciter\u00a0\u00e0 embaucher un agent des douanes habitu\u00e9 \u00e0 ce genre de dossier.<br \/>\n3 &#8211; Vider le camping-car en vue du passage \u00e0 la douane. Pendant ce temps, confier vos documents \u00e0 l&rsquo;agent recrut\u00e9 par l&rsquo;acheteur (copie des passeports, carte grise,&#8230;).<br \/>\n4 &#8211; D\u00e9clarez une valeur de vente inf\u00e9rieure \u00e0 la valeur r\u00e9elle pour que l&rsquo;acheteur ait moins de frais. Ne pas trop baisser car il y a des minimas \u00e0 respecter (exemple : 10.500 USD pour un iveco daily 35C13 de 2001 avec cellule).<br \/>\n5 &#8211; Attendre 24h et le retour de l&rsquo;agent. Puis rendez vous pr\u00e8s du\u00a0centre de douanes\u00a0pour enlever les plaques et se rendre ensemble \u00e0 la douane. L&rsquo;acheteur paye la somme convenue.<br \/>\n6 &#8211; Faire un acte de vente devant notaire (indiquer la somme officielle)<br \/>\n7 &#8211; L&rsquo;acheteur r\u00e9cup\u00e8re le v\u00e9hicule 2 jours apr\u00e8s puis passe le contr\u00f4le technique, etc&#8230;<\/p>\n<p>Plus d&rsquo;infos, contactez les\u00a0<a href=\"http:\/\/www.lesvirevoltants.com\/\" target=\"_blank\" rel=\"noopener\">www.lesvirevoltants.com<\/a><\/p>\n","protected":false},"excerpt":{"rendered":"<p>La vente a plus de chance de se r\u00e9aliser si l&rsquo;acheteur embauche un agent des douanes habitu\u00e9 \u00e0 ce genre de dossier. Rapprochez-vous du\u00a0plus important centre de douanes du pays qui se situe au port \u00e0 sec de Placilla de Valparaiso. L&rsquo;\u00e2ge du v\u00e9hicule est d\u00e9terminant \u00e0 cause des normes de pollution. La plupart des [&hellip;]<\/p>\n","protected":false},"author":2,"featured_media":0,"parent":40,"menu_order":3,"comment_status":"closed","ping_status":"closed","template":"","meta":{"spay_email":""},"jetpack_sharing_enabled":true,"jetpack_shortlink":"https:\/\/wp.me\/P4uy6M-1TS","jetpack_likes_enabled":true,"_links":{"self":[{"href":"http:\/\/songkol.com\/WordPress3\/wp-json\/wp\/v2\/pages\/7308"}],"collection":[{"href":"http:\/\/songkol.com\/WordPress3\/wp-json\/wp\/v2\/pages"}],"about":[{"href":"http:\/\/songkol.com\/WordPress3\/wp-json\/wp\/v2\/types\/page"}],"author":[{"embeddable":true,"href":"http:\/\/songkol.com\/WordPress3\/wp-json\/wp\/v2\/users\/2"}],"replies":[{"embeddable":true,"href":"http:\/\/songkol.com\/WordPress3\/wp-json\/wp\/v2\/comments?post=7308"}],"version-history":[{"count":6,"href":"http:\/\/songkol.com\/WordPress3\/wp-json\/wp\/v2\/pages\/7308\/revisions"}],"predecessor-version":[{"id":7314,"href":"http:\/\/songkol.com\/WordPress3\/wp-json\/wp\/v2\/pages\/7308\/revisions\/7314"}],"up":[{"embeddable":true,"href":"http:\/\/songkol.com\/WordPress3\/wp-json\/wp\/v2\/pages\/40"}],"wp:attachment":[{"href":"http:\/\/songkol.com\/WordPress3\/wp-json\/wp\/v2\/media?parent=7308"}],"curies":[{"name":"wp","href":"https:\/\/api.w.org\/{rel}","templated":true}]}}