{"id":7221,"date":"2017-06-20T09:31:21","date_gmt":"2017-06-20T07:31:21","guid":{"rendered":"http:\/\/songkol.com\/WordPress3\/?page_id=7221"},"modified":"2018-02-12T22:03:13","modified_gmt":"2018-02-12T21:03:13","slug":"acheter-europe-amerique","status":"publish","type":"page","link":"http:\/\/songkol.com\/WordPress3\/preparation\/acheter-europe-amerique\/","title":{"rendered":"Acheter en Europe ou en Am\u00e9rique ?"},"content":{"rendered":"<p>A moins d&rsquo;avoir d\u00e9j\u00e0 votre v\u00e9hicule sous la main, c&rsquo;est certainement la premi\u00e8re question que vous vous poserez\u00a0dans votre projet de voyage. Ci-dessous des avantages et inconv\u00e9nients (non exhaustif) d&rsquo;acheter votre v\u00e9hicule en Europe ou en Am\u00e9rique. Vous trouverez des conseils pratiques pour l&rsquo;achat en Am\u00e9rique du Sud et du Nord sur cette page :\u00a0<a href=\"http:\/\/songkol.com\/WordPress3\/preparation\/acheter-am-sud\/\">Acheter en Am\u00e9rique du sud et du nord<\/a>.\u00a0Voici quelques conseils pour le choix et les caract\u00e9ristiques du\u00a0v\u00e9hicule adapt\u00e9 \u00e0\u00a0votre programme :<br \/>\n&#8211;\u00a0<a class=\"bump-view\" href=\"http:\/\/songkol.com\/WordPress3\/preparation\/choix-du-vehicule\/\" data-bump-view=\"tp\">Choix du v\u00e9hicule<\/a><br \/>\n&#8211;\u00a0<a class=\"bump-view\" href=\"http:\/\/songkol.com\/WordPress3\/preparation\/choix-du-vehicule\/traction-ou-propulsion\/\" data-bump-view=\"tp\">Traction ou propulsion ?<br \/>\n<\/a>&#8211;\u00a0<a href=\"http:\/\/songkol.com\/WordPress3\/preparation\/a-penser-avant-la-preparation\/\">cl\u00e9s de la pr\u00e9paration de votre v\u00e9hicule<\/a><\/p>\n<h1><span id=\"Achat_en_Europe\"><span style=\"color: #ff6600;\">Achat en Europe<\/span><\/span><\/h1><div id=\"toc_container\" class=\"toc_wrap_right no_bullets\"><p class=\"toc_title\">Sommaire<\/p><ul class=\"toc_list\"><li><a href=\"#Achat_en_Europe\"><span class=\"toc_number toc_depth_1\">1<\/span> Achat en Europe<\/a><ul><li><ul><li><a href=\"#Les\"><span class=\"toc_number toc_depth_3\">1.0.1<\/span> Les +<\/a><\/li><li><a href=\"#Les_8211\"><span class=\"toc_number toc_depth_3\">1.0.2<\/span> Les &#8211;<\/a><\/li><\/ul><\/li><\/ul><\/li><li><a href=\"#Achat_en_Amerique_dun_vehicule_francais_entre_Francais\"><span class=\"toc_number toc_depth_1\">2<\/span> Achat en Am\u00e9rique d\u2019un v\u00e9hicule fran\u00e7ais entre Fran\u00e7ais<\/a><ul><li><ul><li><a href=\"#Les-2\"><span class=\"toc_number toc_depth_3\">2.0.1<\/span> Les +<\/a><\/li><li><a href=\"#Les_8211-2\"><span class=\"toc_number toc_depth_3\">2.0.2<\/span> Les &#8211;<\/a><\/li><\/ul><\/li><\/ul><\/li><li><a href=\"#Achat_en_Amerique_dun_vehicule_local\"><span class=\"toc_number toc_depth_1\">3<\/span> Achat en Am\u00e9rique d\u2019un v\u00e9hicule local<\/a><ul><li><ul><li><a href=\"#Les-3\"><span class=\"toc_number toc_depth_3\">3.0.1<\/span> Les +<\/a><\/li><li><a href=\"#Les_8211-3\"><span class=\"toc_number toc_depth_3\">3.0.2<\/span> Les &#8211;<\/a><\/li><\/ul><\/li><\/ul><\/li><\/ul><\/div>\n\n<h3><span id=\"Les\"><span style=\"color: #000000;\">Les +<\/span><\/span><\/h3>\n<p><span style=\"color: #000000;\">&#8211; march\u00e9 de l&rsquo;occasion important<br \/>\n&#8211; <\/span><span style=\"color: #000000;\">possibilit\u00e9 de tester avant l\u2019achat<br \/>\n&#8211; <\/span><span style=\"color: #000000;\">faible consommation des v\u00e9hicules europ\u00e9ens (12l\/100km au lieu de 20l\/100km pour les V8 des USA)<br \/>\n&#8211; <\/span><span style=\"color: #000000;\">prix d\u2019achat plus int\u00e9ressant parce que plus de concurrence<br \/>\n&#8211; <\/span><span style=\"color: #000000;\">temps pour la prise en main<br \/>\n&#8211; <\/span><span style=\"color: #000000;\">temps pour la fiabilisation\/pr\u00e9paration (m\u00e9canique et cellule)<br \/>\n&#8211; <\/span><span style=\"color: #000000;\">toutes les pi\u00e8ces d\u00e9tach\u00e9es sous la main<br \/>\n&#8211; <\/span><span style=\"color: #000000;\">le charger avec ses affaires (v\u00eatements, pi\u00e8ces m\u00e9caniques,\u2026) pour la travers\u00e9e en cargo<br \/>\n&#8211; tous les papiers sont en r\u00e8gle (plus d&rsquo;infos sur <a href=\"http:\/\/songkol.com\/WordPress3\/preparation\/conseils-pour-la-revente-dun-vehicule-francais-entre-francais\/\">la revente entre fran\u00e7ais<\/a>)<\/span><\/p>\n<h3><span id=\"Les_8211\"><span style=\"color: #000000;\">Les &#8211;<\/span><\/span><\/h3>\n<p><span style=\"color: #000000;\">&#8211; co\u00fbt du <a href=\"http:\/\/songkol.com\/WordPress3\/preparation\/compagnies-et-transitaires\/\">shipping<\/a> important (transport maritime de\u00a0+\/-\u00a04.000 \u20ac en RoRo, moins si container partag\u00e9)<br \/>\n&#8211; <\/span><span style=\"color: #000000;\">risques li\u00e9s au <a href=\"http:\/\/songkol.com\/WordPress3\/preparation\/compagnies-et-transitaires\/\">shipping<\/a> : vol, retard, reports\/annulation du d\u00e9part du cargo<br \/>\n&#8211; <\/span><span style=\"color: #000000;\">pi\u00e8ces d\u00e9tach\u00e9es non disponibles en Am\u00e9rique (<a href=\"http:\/\/songkol.com\/WordPress3\/preparation\/expedition-de-pieces\/\">Fedex\/UPS\/TNT restent n\u00e9anmoins une solution rapide<\/a> mais risques de retenue \u00e0 la douane)<br \/>\n&#8211; <\/span><span style=\"color: #000000;\">n\u00e9cessite d&rsquo;une autonomie en m\u00e9canique<br \/>\n&#8211; fuir\/<\/span><span style=\"color: #000000;\">\u00e9viter les v\u00e9hicules trop \u00e9lectroniques et \u00e9quip\u00e9s de FAP et EGR qui ne sont pas ou peu pris en charge sur place<br \/>\n&#8211; en fin de voyage,\u00a0la revente est pr\u00e9f\u00e9rable en Am\u00e9rique o\u00f9 il est adapt\u00e9 au voyage plut\u00f4t qu&rsquo;en France o\u00f9 il ne vaut rien (ancien mod\u00e8le) et est sur\u00e9quip\u00e9.<\/span><\/p>\n<h1><span id=\"Achat_en_Amerique_dun_vehicule_francais_entre_Francais\"><span style=\"color: #ff6600;\">Achat en Am\u00e9rique d\u2019un v\u00e9hicule fran\u00e7ais entre Fran\u00e7ais<\/span><\/span><\/h1>\n<p>&gt;&gt; Topo sur le sujet de l&rsquo;<a href=\"http:\/\/songkol.com\/WordPress3\/preparation\/conseils-pour-la-revente-dun-vehicule-francais-entre-francais\/\" target=\"_blank\" rel=\"noopener\">achat\/vente en Am\u00e9rique d&rsquo;un v\u00e9hicule fran\u00e7ais entre fran\u00e7ais<\/a><\/p>\n<h3><span id=\"Les-2\"><span style=\"color: #000000;\">Les +<\/span><\/span><\/h3>\n<p><span style=\"color: #000000;\">&#8211; \u00e9conomie du shipping pour le vendeur et l\u2019acheteur (+\/- 4.000 \u20ac par cargo, moins si container partag\u00e9)<br \/>\n&#8211; <\/span><span style=\"color: #000000;\">v\u00e9hicules d\u00e9j\u00e0 adapt\u00e9s au\u00a0voyage au long cours aux Am\u00e9riques\u00a0(gaz, eau, \u00e9lectricit\u00e9 110-220v,\u2026)<\/span><\/p>\n<h3><span id=\"Les_8211-2\"><span style=\"color: #000000;\">Les &#8211;<\/span><\/span><\/h3>\n<p><span style=\"color: #000000;\">&#8211; march\u00e9 de l&rsquo;occasion faible en AmSud<br \/>\n&#8211; <\/span><span style=\"color: #000000;\">pas de test possible sauf par une personne de confiance sur place (famille ?)<br \/>\n&#8211; <\/span><span style=\"color: #000000;\">acheter \u00e0 distance est risqu\u00e9 financi\u00e8rement (paiements par tiers ?)<br \/>\n&#8211; <\/span><span style=\"color: #000000;\">pi\u00e8ces d\u00e9tach\u00e9es non disponibles en Am\u00e9rique (<a href=\"http:\/\/songkol.com\/WordPress3\/preparation\/expedition-de-pieces\/\" target=\"_blank\" rel=\"noopener\">Fedex\/UPS\/TNT restent n\u00e9anmoins une solution rapide<\/a> mais risques de retenue \u00e0 la douane)<br \/>\n&#8211; <\/span><span style=\"color: #000000;\">usure pr\u00e9matur\u00e9e du v\u00e9hicule qui a d\u00e9j\u00e0 subi plusieurs km de pistes<br \/>\n&#8211; <\/span><span style=\"color: #000000;\">timing des vendeurs et acheteurs pas \u00e9vident \u00e0 faire co\u00efncider<br \/>\n&#8211; <\/span><span style=\"color: #000000;\">formalit\u00e9s administrative pour le transfert de propri\u00e9t\u00e9<\/span><\/p>\n<h1><span id=\"Achat_en_Amerique_dun_vehicule_local\"><span style=\"color: #ff6600;\">Achat en Am\u00e9rique d\u2019un v\u00e9hicule local<\/span><\/span><\/h1>\n<h3><span id=\"Les-3\"><span style=\"color: #000000;\">Les +<\/span><\/span><\/h3>\n<p><span style=\"color: #000000;\">&#8211; \u00e9conomie du shipping<br \/>\n<\/span><span style=\"color: #000000;\">&#8211; pr\u00e9sence en quantit\u00e9 des pi\u00e8ces d\u00e9tach\u00e9es<br \/>\n&#8211; <\/span><span style=\"color: #000000;\">moteur connu par les m\u00e9canos locaux (en tous cas pour le pays o\u00f9 il a \u00e9t\u00e9 achet\u00e9 \u00e0 un local)<\/span><\/p>\n<h3><span id=\"Les_8211-3\"><span style=\"color: #000000;\">Les &#8211;<\/span><\/span><\/h3>\n<p><span style=\"color: #000000;\">&#8211; formalit\u00e9s administrative pour le transfert de propri\u00e9t\u00e9<br \/>\n&#8211; <\/span><span style=\"color: #000000;\">incertitudes sur le cadre l\u00e9gal de la revente d\u2019un v\u00e9hicule \u00e9tranger entre \u00e9trangers<br \/>\n&#8211; <\/span><span style=\"color: #000000;\">consommation importante des moteurs USA de 20 \u00e0 22 l\/100km contre 12 l\/100km pour un moteur europ\u00e9en (pour info, le carburant est le premier poste de d\u00e9pense dans un voyage au long cours)<\/span><\/p>\n","protected":false},"excerpt":{"rendered":"<p>Les avantages et inconv\u00e9nients (non exhaustif) d&rsquo;acheter votre v\u00e9hicule en Europe ou en Am\u00e9rique<\/p>\n","protected":false},"author":2,"featured_media":0,"parent":40,"menu_order":4,"comment_status":"closed","ping_status":"closed","template":"","meta":{"spay_email":""},"jetpack_sharing_enabled":true,"jetpack_shortlink":"https:\/\/wp.me\/P4uy6M-1St","jetpack_likes_enabled":true,"_links":{"self":[{"href":"http:\/\/songkol.com\/WordPress3\/wp-json\/wp\/v2\/pages\/7221"}],"collection":[{"href":"http:\/\/songkol.com\/WordPress3\/wp-json\/wp\/v2\/pages"}],"about":[{"href":"http:\/\/songkol.com\/WordPress3\/wp-json\/wp\/v2\/types\/page"}],"author":[{"embeddable":true,"href":"http:\/\/songkol.com\/WordPress3\/wp-json\/wp\/v2\/users\/2"}],"replies":[{"embeddable":true,"href":"http:\/\/songkol.com\/WordPress3\/wp-json\/wp\/v2\/comments?post=7221"}],"version-history":[{"count":25,"href":"http:\/\/songkol.com\/WordPress3\/wp-json\/wp\/v2\/pages\/7221\/revisions"}],"predecessor-version":[{"id":7298,"href":"http:\/\/songkol.com\/WordPress3\/wp-json\/wp\/v2\/pages\/7221\/revisions\/7298"}],"up":[{"embeddable":true,"href":"http:\/\/songkol.com\/WordPress3\/wp-json\/wp\/v2\/pages\/40"}],"wp:attachment":[{"href":"http:\/\/songkol.com\/WordPress3\/wp-json\/wp\/v2\/media?parent=7221"}],"curies":[{"name":"wp","href":"https:\/\/api.w.org\/{rel}","templated":true}]}}