{"id":7120,"date":"2016-12-01T11:23:37","date_gmt":"2016-12-01T10:23:37","guid":{"rendered":"http:\/\/songkol.com\/WordPress3\/?page_id=7120"},"modified":"2018-02-12T22:04:50","modified_gmt":"2018-02-12T21:04:50","slug":"expedition-de-pieces","status":"publish","type":"page","link":"http:\/\/songkol.com\/WordPress3\/preparation\/expedition-de-pieces\/","title":{"rendered":"Exp\u00e9dition de pi\u00e8ces"},"content":{"rendered":"<p><img data-attachment-id=\"7139\" data-permalink=\"http:\/\/songkol.com\/WordPress3\/preparation\/expedition-de-pieces\/shippingengines\/\" data-orig-file=\"https:\/\/i0.wp.com\/songkol.com\/WordPress3\/wp-content\/uploads\/2016\/12\/shippingengines.jpg?fit=640%2C480\" data-orig-size=\"640,480\" data-comments-opened=\"1\" data-image-meta=\"{&quot;aperture&quot;:&quot;2.7&quot;,&quot;credit&quot;:&quot;&quot;,&quot;camera&quot;:&quot;Canon PowerShot S5 IS&quot;,&quot;caption&quot;:&quot;&quot;,&quot;created_timestamp&quot;:&quot;1210946863&quot;,&quot;copyright&quot;:&quot;&quot;,&quot;focal_length&quot;:&quot;6&quot;,&quot;iso&quot;:&quot;200&quot;,&quot;shutter_speed&quot;:&quot;0.05&quot;,&quot;title&quot;:&quot;&quot;,&quot;orientation&quot;:&quot;1&quot;}\" data-image-title=\"shippingengines\" data-image-description=\"\" data-image-caption=\"\" data-medium-file=\"https:\/\/i0.wp.com\/songkol.com\/WordPress3\/wp-content\/uploads\/2016\/12\/shippingengines.jpg?fit=300%2C225\" data-large-file=\"https:\/\/i0.wp.com\/songkol.com\/WordPress3\/wp-content\/uploads\/2016\/12\/shippingengines.jpg?fit=640%2C480\" loading=\"lazy\" class=\"alignright wp-image-7139 size-medium\" src=\"https:\/\/i0.wp.com\/songkol.com\/WordPress3\/wp-content\/uploads\/2016\/12\/shippingengines.jpg?resize=300%2C225\" alt=\"exp\u00e9dition de pi\u00e8ces\" width=\"300\" height=\"225\" srcset=\"https:\/\/i0.wp.com\/songkol.com\/WordPress3\/wp-content\/uploads\/2016\/12\/shippingengines.jpg?resize=300%2C225 300w, https:\/\/i0.wp.com\/songkol.com\/WordPress3\/wp-content\/uploads\/2016\/12\/shippingengines.jpg?w=640 640w\" sizes=\"(max-width: 300px) 100vw, 300px\" data-recalc-dims=\"1\" \/><\/p>\n<p>Avec la Poste, Fedex, UPS, TNT,\u2026 l&rsquo;exp\u00e9dition de\u00a0pi\u00e8ces d\u00e9tach\u00e9es n&rsquo;a jamais \u00e9t\u00e9 aussi simple. La question est plut\u00f4t de savoir comment l&rsquo;exp\u00e9diteur (famille, amis, garage de votre domicile, site internet de vente de pi\u00e8ces (<a href=\"https:\/\/www.oscaro.com\" target=\"_blank\">Oscaro<\/a>, <a href=\"http:\/\/www.hendy.co.uk\" target=\"_blank\">Hendy Group<\/a>),\u2026) doit pr\u00e9senter le paquet pour qu&rsquo;il soit retenu le moins longtemps possible en douane et que\u00a0le douanier calcul au plus juste les taxes \u00e0 payer en fonction de l&rsquo;utilisation qui sera faite du\u00a0contenu du paquet.<br \/>\nSi pour les USA vous avez tout int\u00e9r\u00eat \u00e0 ne pas \u00eatre avare de d\u00e9tails (voir plus bas), en revanche pour un pays comme la Bolivie plus votre paquet sera anonyme moins vous aurez de chance qu&rsquo;un douanier corrompu vous fasse payer des taxes \u00ab\u00a0sur\u00e9valu\u00e9es\u00a0\u00bb en voyant l&rsquo;importance du paquet pour vous.<\/p>\n<h3>Document \u00e0 joindre dans le paquet<\/h3>\n<p><img data-attachment-id=\"7145\" data-permalink=\"http:\/\/songkol.com\/WordPress3\/preparation\/expedition-de-pieces\/capture-decran-2016-12-16-a-12-38-11\/\" data-orig-file=\"https:\/\/i0.wp.com\/songkol.com\/WordPress3\/wp-content\/uploads\/2016\/12\/Capture-d\u2019\u00e9cran-2016-12-16-\u00e0-12.38.11.jpg?fit=434%2C171\" data-orig-size=\"434,171\" data-comments-opened=\"1\" data-image-meta=\"{&quot;aperture&quot;:&quot;0&quot;,&quot;credit&quot;:&quot;&quot;,&quot;camera&quot;:&quot;&quot;,&quot;caption&quot;:&quot;&quot;,&quot;created_timestamp&quot;:&quot;0&quot;,&quot;copyright&quot;:&quot;&quot;,&quot;focal_length&quot;:&quot;0&quot;,&quot;iso&quot;:&quot;0&quot;,&quot;shutter_speed&quot;:&quot;0&quot;,&quot;title&quot;:&quot;&quot;,&quot;orientation&quot;:&quot;0&quot;}\" data-image-title=\"tableau des pi\u00e8ces d\u00e9tach\u00e9es\" data-image-description=\"\" data-image-caption=\"\" data-medium-file=\"https:\/\/i0.wp.com\/songkol.com\/WordPress3\/wp-content\/uploads\/2016\/12\/Capture-d\u2019\u00e9cran-2016-12-16-\u00e0-12.38.11.jpg?fit=300%2C118\" data-large-file=\"https:\/\/i0.wp.com\/songkol.com\/WordPress3\/wp-content\/uploads\/2016\/12\/Capture-d\u2019\u00e9cran-2016-12-16-\u00e0-12.38.11.jpg?fit=434%2C171\" loading=\"lazy\" class=\"size-full wp-image-7145 alignright\" src=\"https:\/\/i0.wp.com\/songkol.com\/WordPress3\/wp-content\/uploads\/2016\/12\/Capture-d\u2019\u00e9cran-2016-12-16-\u00e0-12.38.11.jpg?resize=434%2C171\" alt=\"tableau des pi\u00e8ces d\u00e9tach\u00e9es\" width=\"434\" height=\"171\" srcset=\"https:\/\/i0.wp.com\/songkol.com\/WordPress3\/wp-content\/uploads\/2016\/12\/Capture-d\u2019\u00e9cran-2016-12-16-\u00e0-12.38.11.jpg?w=434 434w, https:\/\/i0.wp.com\/songkol.com\/WordPress3\/wp-content\/uploads\/2016\/12\/Capture-d\u2019\u00e9cran-2016-12-16-\u00e0-12.38.11.jpg?resize=300%2C118 300w\" sizes=\"(max-width: 434px) 100vw, 434px\" data-recalc-dims=\"1\" \/>La premi\u00e8re \u00e9tape est de d\u00e9terminer quel transporteur international est le plus utilis\u00e9 dans le pays\/ville o\u00f9 vous \u00eates. Demander l&rsquo;envoi du paquet directement au garage.\u00a0Ensuite, en r\u00e8gle g\u00e9n\u00e9rale, l&rsquo;id\u00e9al est de faire joindre au colis un document bien mis en \u00e9vidence expliquant <strong>dans la langue du pays<\/strong> les \u00e9l\u00e9ments suivants :<br \/>\n&#8211; adresse de l&rsquo;exp\u00e9diteur<br \/>\n&#8211; adresse du garage qui effectue\u00a0la r\u00e9paration + t\u00e9l\u00e9phone<br \/>\n&#8211; tableau des pi\u00e8ces pr\u00e9cisant en colonne : description\/composition (aluminium, fer, caoutchouc,\u2026)\/pays de fabrication\/prix\u00a0HT<br \/>\n&#8211; l&rsquo;usage pr\u00e9vu (r\u00e9paration d&rsquo;un v\u00e9hicule\u00a0immatricul\u00e9 en France XX-XX-XX, de la marque XX)<br \/>\n&#8211; votre\u00a0situation (X et Y, voyageurs avec leur propre v\u00e9hicule\u00a0arriv\u00e9s dans le pays depuis le XX\/XX\/XX + sortie du territoire pr\u00e9vue le XX\/XX\/XX)<br \/>\n&#8211; le v\u00e9hicule est en importation temporaire du XX (poste fronti\u00e8re\u00a0d&rsquo;entr\u00e9e) au XX (poste de fronti\u00e8re de sortie suppos\u00e9)<br \/>\n&#8211; l&rsquo;engagement que vous gardez\u00a0les pi\u00e8ces usag\u00e9es pour les pr\u00e9senter\u00a0\u00e0 un contr\u00f4le de la douane si demand\u00e9<br \/>\n&#8211; une photo montrant le v\u00e9hicule et si possible la panne<\/p>\n<p><span style=\"color: #993300;\"><strong>Important :<\/strong><\/span>\u00a0Le <strong>bordereau d&rsquo;envoi Fedex\/TNT\/UPS\u2026<\/strong> doit imp\u00e9rativement mentionner la\u00a0composition, l&rsquo;origine et le prix des pi\u00e8ces.<br \/>\nLe\u00a0colis ne reste que 5 jours ouvr\u00e9s avant d&rsquo;\u00eatre r\u00e9-exp\u00e9di\u00e9s (\u00e0 vos frais) en France\u2026<\/p>\n","protected":false},"excerpt":{"rendered":"<p>L&rsquo;exp\u00e9dition de pi\u00e8ces d\u00e9tach\u00e9es n&rsquo;a jamais \u00e9t\u00e9 aussi simple. La question est plut\u00f4t de savoir comment l&rsquo;exp\u00e9diteur doit pr\u00e9senter le paquet pour qu&rsquo;il soit retenu le moins longtemps possible en douane.<\/p>\n","protected":false},"author":2,"featured_media":0,"parent":40,"menu_order":9,"comment_status":"closed","ping_status":"closed","template":"","meta":{"spay_email":""},"jetpack_sharing_enabled":true,"jetpack_shortlink":"https:\/\/wp.me\/P4uy6M-1QQ","jetpack_likes_enabled":true,"_links":{"self":[{"href":"http:\/\/songkol.com\/WordPress3\/wp-json\/wp\/v2\/pages\/7120"}],"collection":[{"href":"http:\/\/songkol.com\/WordPress3\/wp-json\/wp\/v2\/pages"}],"about":[{"href":"http:\/\/songkol.com\/WordPress3\/wp-json\/wp\/v2\/types\/page"}],"author":[{"embeddable":true,"href":"http:\/\/songkol.com\/WordPress3\/wp-json\/wp\/v2\/users\/2"}],"replies":[{"embeddable":true,"href":"http:\/\/songkol.com\/WordPress3\/wp-json\/wp\/v2\/comments?post=7120"}],"version-history":[{"count":17,"href":"http:\/\/songkol.com\/WordPress3\/wp-json\/wp\/v2\/pages\/7120\/revisions"}],"predecessor-version":[{"id":7179,"href":"http:\/\/songkol.com\/WordPress3\/wp-json\/wp\/v2\/pages\/7120\/revisions\/7179"}],"up":[{"embeddable":true,"href":"http:\/\/songkol.com\/WordPress3\/wp-json\/wp\/v2\/pages\/40"}],"wp:attachment":[{"href":"http:\/\/songkol.com\/WordPress3\/wp-json\/wp\/v2\/media?parent=7120"}],"curies":[{"name":"wp","href":"https:\/\/api.w.org\/{rel}","templated":true}]}}