{"id":7057,"date":"2016-09-26T09:51:49","date_gmt":"2016-09-26T07:51:49","guid":{"rendered":"http:\/\/songkol.com\/WordPress3\/?page_id=7057"},"modified":"2016-09-26T10:19:26","modified_gmt":"2016-09-26T08:19:26","slug":"traitement-de-leau","status":"publish","type":"page","link":"http:\/\/songkol.com\/WordPress3\/preparation\/traitement-de-leau\/","title":{"rendered":"Traitement de l&rsquo;eau"},"content":{"rendered":"<h2><span id=\"Quatre_ennemis\">Quatre ennemis<\/span><\/h2><div id=\"toc_container\" class=\"toc_wrap_right no_bullets\"><p class=\"toc_title\">Sommaire<\/p><ul class=\"toc_list\"><li><a href=\"#Quatre_ennemis\"><span class=\"toc_number toc_depth_1\">1<\/span> Quatre ennemis<\/a><ul><li><a href=\"#1-La_pollutionhumaine_ou_non\"><span class=\"toc_number toc_depth_2\">1.1<\/span> 1-\u00a0La pollution\u00a0(humaine ou non)<\/a><\/li><li><a href=\"#2-Les_virus\"><span class=\"toc_number toc_depth_2\">1.2<\/span> 2-\u00a0Les virus.<\/a><\/li><li><a href=\"#3-Les_bacteries\"><span class=\"toc_number toc_depth_2\">1.3<\/span> 3-\u00a0Les bact\u00e9ries.<\/a><\/li><li><a href=\"#4-Les_protozoaires\"><span class=\"toc_number toc_depth_2\">1.4<\/span> \u00a04-\u00a0Les protozoaires.<\/a><\/li><\/ul><\/li><li><a href=\"#La_solution_le_traitement_UV\"><span class=\"toc_number toc_depth_1\">2<\/span> La solution : le traitement UV<\/a><\/li><\/ul><\/div>\n\n<h3><span id=\"1-La_pollutionhumaine_ou_non\">1-\u00a0La pollution\u00a0(humaine ou non)<\/span><\/h3>\n<p>On doit filtrer les\u00a0particules en suspension, fixer les polluants par des r\u00e9sines et\/ou du charbon actif, r\u00e9guler le pH.<\/p>\n<h3><span id=\"2-Les_virus\">2-\u00a0Les virus.<\/span><\/h3>\n<p>Tr\u00e8s petits, ils passent les filtres. N\u2019\u00e9tant pas vraiment vivants, il sont difficiles \u00e0 tuer, m\u00eame \u00e0 des temp\u00e9ratures sup\u00e9rieures \u00e0 100\u00b0C (h\u00e9patite&#8230;).<\/p>\n<h3><span id=\"3-Les_bacteries\">3-\u00a0Les bact\u00e9ries.<\/span><\/h3>\n<p>Plus grosses que les virus, elles s\u2019\u00e9liminent facilement par filtration et avec des proc\u00e9d\u00e9s chimiques qui ne sont pas nocifs pour nous (chlore, iode, argent&#8230;). Pour la temp\u00e9rature, c&rsquo;est assez variable.<\/p>\n<h3><span id=\"4-Les_protozoaires\">\u00a04-\u00a0Les protozoaires.<\/span><\/h3>\n<p>Ils sont proches de nous, la lutte chimique est donc difficile. Mais leur taille importante permet de les filtrer facilement et de les \u00e9liminer \u00e0 basse temp\u00e9rature sauf les formes r\u00e9sistantes (cystes).<\/p>\n<h2><span id=\"La_solution_le_traitement_UV\">La solution : le traitement UV<\/span><\/h2>\n<div id=\"attachment_7061\" style=\"width: 310px\" class=\"wp-caption alignright\"><img aria-describedby=\"caption-attachment-7061\" data-attachment-id=\"7061\" data-permalink=\"http:\/\/songkol.com\/WordPress3\/preparation\/traitement-de-leau\/product_detailed_image_31440_331\/\" data-orig-file=\"https:\/\/i0.wp.com\/songkol.com\/WordPress3\/wp-content\/uploads\/2016\/09\/product_detailed_image_31440_331.gif?fit=644%2C333\" data-orig-size=\"644,333\" data-comments-opened=\"1\" data-image-meta=\"{&quot;aperture&quot;:&quot;0&quot;,&quot;credit&quot;:&quot;&quot;,&quot;camera&quot;:&quot;&quot;,&quot;caption&quot;:&quot;&quot;,&quot;created_timestamp&quot;:&quot;0&quot;,&quot;copyright&quot;:&quot;&quot;,&quot;focal_length&quot;:&quot;0&quot;,&quot;iso&quot;:&quot;0&quot;,&quot;shutter_speed&quot;:&quot;0&quot;,&quot;title&quot;:&quot;&quot;,&quot;orientation&quot;:&quot;0&quot;}\" data-image-title=\"Traitement de l&amp;rsquo;eau par UV\" data-image-description=\"\" data-image-caption=\"&lt;p&gt;Traitement de l&amp;rsquo;eau par UV&lt;\/p&gt;\n\" data-medium-file=\"https:\/\/i0.wp.com\/songkol.com\/WordPress3\/wp-content\/uploads\/2016\/09\/product_detailed_image_31440_331.gif?fit=300%2C155\" data-large-file=\"https:\/\/i0.wp.com\/songkol.com\/WordPress3\/wp-content\/uploads\/2016\/09\/product_detailed_image_31440_331.gif?fit=644%2C333\" loading=\"lazy\" class=\"size-medium wp-image-7061\" src=\"https:\/\/i0.wp.com\/songkol.com\/WordPress3\/wp-content\/uploads\/2016\/09\/product_detailed_image_31440_331.gif?resize=300%2C155\" alt=\"Traitement de l'eau par UV\" width=\"300\" height=\"155\" data-recalc-dims=\"1\" \/><p id=\"caption-attachment-7061\" class=\"wp-caption-text\">Traitement de l&rsquo;eau par UV<\/p><\/div>\n<p>L&rsquo;ensemble de ces formes peut \u00eatre d\u00e9truite par les UV (cf. Steripen de rando) en quelques minutes quelque soit la temp\u00e9rature et le pH sous r\u00e9serve que l&rsquo;eau soit limpide\u00a0(pr\u00e9filtrage indispensable).\u00a0Il existe des solutions UV d\u00e9di\u00e9es aux camping-car et bateaux (12 et 220 V). Par manque d&rsquo;experienceJe n&rsquo;ai pas de mod\u00e8les \u00e0 recommander.<br \/>\nN&rsquo;ayant pas connaissance de ce mode de purification\u00a0nous avions\u00a0opt\u00e9 pour\u00a0un\u00a0<a href=\"http:\/\/www.santeduvoyageur.com\/traitement-de-leau\/katadynr-filtre-kd-mono.html\" target=\"_blank\">robinet purificateur d\u2019eau KD Mono<\/a>\u00a0sans pompage avec cartouche Superdyn. Le\u00a0<a href=\"http:\/\/www.seagull-west-europe.com\/produits\/seagull_IV.html\">Seagull<\/a>\u00a0a tr\u00e8s bonne r\u00e9putation. A vous de voir si vous avez besoin de filtrer toute l&rsquo;eau du v\u00e9hicule ou seulement un robinet install\u00e9 dans le coin cuisine.<\/p>\n","protected":false},"excerpt":{"rendered":"<p>Virus, bact\u00e9ries et protozoaures peuvent \u00eatre d\u00e9truits par les UV en quelques minutes<\/p>\n","protected":false},"author":2,"featured_media":0,"parent":40,"menu_order":5,"comment_status":"closed","ping_status":"closed","template":"","meta":{"spay_email":""},"jetpack_sharing_enabled":true,"jetpack_shortlink":"https:\/\/wp.me\/P4uy6M-1PP","jetpack_likes_enabled":true,"_links":{"self":[{"href":"http:\/\/songkol.com\/WordPress3\/wp-json\/wp\/v2\/pages\/7057"}],"collection":[{"href":"http:\/\/songkol.com\/WordPress3\/wp-json\/wp\/v2\/pages"}],"about":[{"href":"http:\/\/songkol.com\/WordPress3\/wp-json\/wp\/v2\/types\/page"}],"author":[{"embeddable":true,"href":"http:\/\/songkol.com\/WordPress3\/wp-json\/wp\/v2\/users\/2"}],"replies":[{"embeddable":true,"href":"http:\/\/songkol.com\/WordPress3\/wp-json\/wp\/v2\/comments?post=7057"}],"version-history":[{"count":6,"href":"http:\/\/songkol.com\/WordPress3\/wp-json\/wp\/v2\/pages\/7057\/revisions"}],"predecessor-version":[{"id":7064,"href":"http:\/\/songkol.com\/WordPress3\/wp-json\/wp\/v2\/pages\/7057\/revisions\/7064"}],"up":[{"embeddable":true,"href":"http:\/\/songkol.com\/WordPress3\/wp-json\/wp\/v2\/pages\/40"}],"wp:attachment":[{"href":"http:\/\/songkol.com\/WordPress3\/wp-json\/wp\/v2\/media?parent=7057"}],"curies":[{"name":"wp","href":"https:\/\/api.w.org\/{rel}","templated":true}]}}