{"id":6599,"date":"2016-02-26T11:49:25","date_gmt":"2016-02-26T10:49:25","guid":{"rendered":"http:\/\/songkol.com\/WordPress3\/?page_id=6599"},"modified":"2017-12-18T10:01:35","modified_gmt":"2017-12-18T09:01:35","slug":"importations-temporaires-par-pays","status":"publish","type":"page","link":"http:\/\/songkol.com\/WordPress3\/preparation\/importations-temporaires-par-pays\/","title":{"rendered":"Importation temporaire"},"content":{"rendered":"<p>En r\u00e9sum\u00e9, aucun des pays cit\u00e9s plus bas\u00a0ne demandent le\u00a0carnet de passage en douane (cf <a href=\"http:\/\/songkol.com\/WordPress3\/preparation\/assurance-et-cpd\/\">page d\u00e9di\u00e9e au CPD<\/a>) et la plupart donnent 90 jours d&rsquo;importation temporaire ou la dur\u00e9e du visa. Si vous avez besoin de rentrer en Europe sans votre v\u00e9hicule, regardez plut\u00f4t du c\u00f4t\u00e9 de l&rsquo;Uruguay avec ses 12 mois,\u00a0le Mexique avec ses 10 ans ou 6 mois (en fonction du v\u00e9hicule), le P\u00e9rou et le Costa Rica avec l&rsquo;option de suspendre l&rsquo;importation\u00a0le temps de votre A\/R en Europe.<br \/>\n&gt; Plus d&rsquo;infos pratiques sur les forums les\u00a0<a href=\"https:\/\/groups.google.com\/forum\/#!forum\/le-lien-amnordcentrale\" target=\"_blank\" rel=\"noopener\">LIEN AmNordCentrale<\/a>\u00a0et\u00a0<a href=\"https:\/\/fr.groups.yahoo.com\/neo\/groups\/lelien-amsud\/info\" target=\"_blank\" rel=\"noopener\">AmSud<\/a>\u00a0et\u00a0sur le\u00a0<a href=\"http:\/\/wikioverland.org\/Main_Page\" target=\"_blank\" rel=\"noopener\">wikioverland<\/a>\u00a0(anglophone).<br \/>\n&gt; Pour des recherches \u00e0 ce sujet, tapez :\u00a0<a href=\"https:\/\/www.google.fr\/search?q=Admision+temporal+de+vehiculos+turisticos+extranjeros\" target=\"_blank\" rel=\"noopener\">Admisi\u00f3n temporal de veh\u00edculos turisticos extranjeros<\/a>\u00a0ou encore\u00a0<a href=\"https:\/\/www.google.fr\/search?q=ingreso+de+vehiculo+en+admision+temporal\" target=\"_blank\" rel=\"noopener\">ingreso de veh\u00edculo en admisi\u00f3n temporal<\/a><\/p>\n<p><em>Derni\u00e8re modification :\u00a0<span class=\"last-modified-timestamp\">D\u00e9c 18, 2017 @ 10 h 01 min<\/span><\/em><\/p>\n<h3><span id=\"Uruguay\"><span style=\"color: #993300;\">Uruguay<\/span><\/span><\/h3><div id=\"toc_container\" class=\"toc_wrap_right no_bullets\"><p class=\"toc_title\">Sommaire<\/p><ul class=\"toc_list\"><li><a href=\"#Uruguay\"><span class=\"toc_number toc_depth_1\">1<\/span> Uruguay<\/a><\/li><li><a href=\"#Argentine\"><span class=\"toc_number toc_depth_1\">2<\/span> Argentine<\/a><\/li><li><a href=\"#Chili\"><span class=\"toc_number toc_depth_1\">3<\/span> Chili<\/a><\/li><li><a href=\"#Bolivie\"><span class=\"toc_number toc_depth_1\">4<\/span> Bolivie<\/a><\/li><li><a href=\"#Perou\"><span class=\"toc_number toc_depth_1\">5<\/span> P\u00e9rou<\/a><\/li><li><a href=\"#Equateur\"><span class=\"toc_number toc_depth_1\">6<\/span> Equateur<\/a><\/li><li><a href=\"#Colombie\"><span class=\"toc_number toc_depth_1\">7<\/span> Colombie<\/a><\/li><li><a href=\"#Panama\"><span class=\"toc_number toc_depth_1\">8<\/span> Panama<\/a><\/li><li><a href=\"#Costa_Rica\"><span class=\"toc_number toc_depth_1\">9<\/span> Costa Rica<\/a><\/li><li><a href=\"#Belize\"><span class=\"toc_number toc_depth_1\">10<\/span> Belize<\/a><\/li><li><a href=\"#Mexique\"><span class=\"toc_number toc_depth_1\">11<\/span> Mexique<\/a><\/li><li><a href=\"#USA\"><span class=\"toc_number toc_depth_1\">12<\/span> USA<\/a><\/li><li><a href=\"#Canada\"><span class=\"toc_number toc_depth_1\">13<\/span> Canada<\/a><\/li><\/ul><\/div>\n\n<div id=\"attachment_3857\" style=\"width: 410px\" class=\"wp-caption alignright\"><img aria-describedby=\"caption-attachment-3857\" data-attachment-id=\"3857\" data-permalink=\"http:\/\/songkol.com\/WordPress3\/preparation\/importations-temporaires-par-pays\/cusco-7\/\" data-orig-file=\"https:\/\/i0.wp.com\/songkol.com\/WordPress3\/wp-content\/uploads\/2014\/10\/CUSCO-7.jpg?fit=1200%2C600\" data-orig-size=\"1200,600\" data-comments-opened=\"1\" data-image-meta=\"{&quot;aperture&quot;:&quot;14&quot;,&quot;credit&quot;:&quot;&quot;,&quot;camera&quot;:&quot;Canon EOS 5D&quot;,&quot;caption&quot;:&quot;&quot;,&quot;created_timestamp&quot;:&quot;1412153980&quot;,&quot;copyright&quot;:&quot;&quot;,&quot;focal_length&quot;:&quot;17&quot;,&quot;iso&quot;:&quot;800&quot;,&quot;shutter_speed&quot;:&quot;0.0025&quot;,&quot;title&quot;:&quot;&quot;,&quot;orientation&quot;:&quot;1&quot;}\" data-image-title=\"CUSCO-7\" data-image-description=\"\" data-image-caption=\"&lt;p&gt;CUSCO \/ le camping Quintalala&lt;\/p&gt;\n\" data-medium-file=\"https:\/\/i0.wp.com\/songkol.com\/WordPress3\/wp-content\/uploads\/2014\/10\/CUSCO-7.jpg?fit=300%2C150\" data-large-file=\"https:\/\/i0.wp.com\/songkol.com\/WordPress3\/wp-content\/uploads\/2014\/10\/CUSCO-7.jpg?fit=768%2C384\" loading=\"lazy\" class=\"wp-image-3857\" src=\"https:\/\/i0.wp.com\/songkol.com\/WordPress3\/wp-content\/uploads\/2014\/10\/CUSCO-7.jpg?resize=400%2C200\" alt=\"Importation temporaire\" width=\"400\" height=\"200\" srcset=\"https:\/\/i0.wp.com\/songkol.com\/WordPress3\/wp-content\/uploads\/2014\/10\/CUSCO-7.jpg?resize=1024%2C512 1024w, https:\/\/i0.wp.com\/songkol.com\/WordPress3\/wp-content\/uploads\/2014\/10\/CUSCO-7.jpg?resize=300%2C150 300w, https:\/\/i0.wp.com\/songkol.com\/WordPress3\/wp-content\/uploads\/2014\/10\/CUSCO-7.jpg?w=1200 1200w\" sizes=\"(max-width: 400px) 100vw, 400px\" data-recalc-dims=\"1\" \/><p id=\"caption-attachment-3857\" class=\"wp-caption-text\">CUSCO \/ le camping Quintalala<\/p><\/div>\n<p>Avec le P\u00e9rou, l&rsquo;Uruguay est l&rsquo;une des meilleures options pour laisser son v\u00e9hicule en stationnement de longue dur\u00e9e en Am\u00e9rique du Sud<br \/>\n<strong>Importation temporaire :<\/strong>\u00a012 mois<br \/>\n<strong>Note :<\/strong> Possibilit\u00e9 de mettre le v\u00e9hicule en gardiennage et de quitter le pays, \u00e0 condition de quitter le pays avec le v\u00e9hicule avant la fin de l&rsquo;importation temporaire.<br \/>\n<strong>Gardiennage possible :<\/strong> camping\u00a0Paraiso Suizo\u00a0\u00e0 Jaurequibery (Piriapolis) tenu par des\u2026 Suisses. GPS :\u00a034\u00b047.35 S55\u00b025.88<br \/>\n<strong>Source<\/strong> :\u00a0<a href=\"http:\/\/tramites.gub.uy\/ampliados?id=191\" target=\"_blank\" rel=\"noopener\">tramites.gub.uy<\/a><\/p>\n<h3><span id=\"Argentine\"><span style=\"color: #993300;\">Argentine<\/span><\/span><\/h3>\n<p><strong>Importation temporaire :<\/strong> 90 jours (renouvelable facilement comme votre visa, en sortant du pays et revenant le m\u00eame jour). Possibilit\u00e9 d&rsquo;obtenir 8 mois max.<br \/>\n<strong>Important :<\/strong> ne pas acheter un v\u00e9hicule en Argentine\u00a0sous peine d&rsquo;une saisie du v\u00e9hicule + une amende tr\u00e8s sal\u00e9e car votre nom ne sera pas celui indiqu\u00e9 sur le papier d&rsquo;importation cr\u00e9\u00e9 \u00e0 l&rsquo;entr\u00e9 sur le territoire. Vendeur et acheteur doivent sortir et revenir en Argentine ensemble (le vendeur cl\u00f4t l&rsquo;importation et l&rsquo;acheteur en d\u00e9marre une nouvelle).<br \/>\n<strong>Note :<\/strong> Possibilit\u00e9 de mettre le v\u00e9hicule en gardiennage et de quitter le pays, \u00e0 condition de quitter le pays avec le v\u00e9hicule avant la fin de l&rsquo;importation temporaire<br \/>\n<strong>Source<\/strong> :\u00a0<a href=\"https:\/\/www.afip.gob.ar\/aduana\/circulacionVehiculos.asp\" target=\"_blank\" rel=\"noopener\">www.afip.gob.ar<\/a><\/p>\n<h3><span id=\"Chili\"><span style=\"color: #993300;\">Chili<\/span><\/span><\/h3>\n<p><strong>Importation temporaire :<\/strong> 90 jours (renouvelable facilement comme votre visa, en sortant du pays et revenant le m\u00eame jour)<br \/>\n<strong>Note :<\/strong> Possibilit\u00e9 de mettre le v\u00e9hicule en gardiennage et de quitter le pays, \u00e0 condition de quitter le pays avec le v\u00e9hicule avant la fin de l&rsquo;importation temporaire<br \/>\n<strong>Source<\/strong> :\u00a0<a href=\"http:\/\/www.aduana.cl\/aduana\/site\/artic\/20070228\/pags\/20070228135452.html\" target=\"_blank\" rel=\"noopener\">www.aduana.cl<\/a><\/p>\n<h3><span id=\"Bolivie\"><span style=\"color: #993300;\">Bolivie<\/span><\/span><\/h3>\n<p><strong>Importation temporaire :<\/strong> 90 jours<br \/>\n<strong>Note :<\/strong> Possibilit\u00e9 de mettre le v\u00e9hicule en gardiennage et de quitter le pays, \u00e0 condition de quitter le pays avec le v\u00e9hicule avant la fin de l&rsquo;importation temporaire<br \/>\n<strong>Source<\/strong> :\u00a0<a href=\"http:\/\/www.aduana.gob.bo\/aduana7\/content\/ingresar-territorio-bolviano-en-veh%C3%ADculo-particular\" target=\"_blank\" rel=\"noopener\">www.aduana.gob.bo<\/a><\/p>\n<h3><span id=\"Perou\"><span style=\"color: #993300;\">P\u00e9rou<\/span><\/span><\/h3>\n<p>Avec l&rsquo;Uruguay, le P\u00e9rou est l&rsquo;une des meilleures options pour laisser son v\u00e9hicule en stationnement de longue dur\u00e9e en Am\u00e9rique du Sud<br \/>\n<strong>Importation temporaire :<\/strong> 90 jours (renouvelable une fois)<br \/>\n<strong>Note :<\/strong> le permit peut \u00eatre suspendu pour une dur\u00e9e illimit\u00e9e le temps que vous quittez le pays.\u00a0Possibilit\u00e9 de mettre le v\u00e9hicule en gardiennage et de quitter le pays, \u00e0 condition de quitter le pays avec le v\u00e9hicule avant la fin de l&rsquo;importation temporaire.<br \/>\n<strong>Gardiennage possible :<\/strong> <a href=\"https:\/\/www.facebook.com\/Camping-Quinta-LALA-153185128088457\/\" target=\"_blank\" rel=\"noopener\">Camping Quintalala<\/a> de Cuzco (3\u20ac\/jours)<br \/>\n<strong>Source<\/strong> :\u00a0<a href=\"http:\/\/www.sunat.gob.pe\/orientacionaduanera\/internamientovehiculos\/index.html\" target=\"_blank\" rel=\"noopener\">www.sunat.gob.pe<\/a><\/p>\n<h3><span id=\"Equateur\"><span style=\"color: #993300;\">Equateur<\/span><\/span><\/h3>\n<p><strong>Importation temporaire :<\/strong>\u00a0dur\u00e9e de votre visa soit 90 jours (amende de +\/-300\u20ac\/jours de d\u00e9passement) renouvelable une fois.<br \/>\n<strong>Source<\/strong> :\u00a0<a href=\"http:\/\/www.aduana.gob.ec\/pro\/border_entry.action\" target=\"_blank\" rel=\"noopener\">www.aduana.gob.ec<\/a><\/p>\n<h3><span id=\"Colombie\"><span style=\"color: #993300;\">Colombie<\/span><\/span><\/h3>\n<p><strong>Importation temporaire :<\/strong> idem \u00e0 la dur\u00e9e de votre visa (amende de 5\u20ac\/jour de d\u00e9passement)<br \/>\n<strong>Note :<\/strong>\u00a0Possibilit\u00e9 de mettre le v\u00e9hicule en gardiennage et de quitter le pays, \u00e0 condition de quitter le pays avec le v\u00e9hicule avant la fin de l&rsquo;importation temporaire<br \/>\n<strong>Gardiennage possible :<\/strong> Hotel Renacer \u00e0 Villa de Leiva (40\u20ac\/mois)<br \/>\n<strong>Source :<\/strong>\u00a0<a href=\"http:\/\/www.dian.gov.co\" target=\"_blank\" rel=\"noopener\">www.dian.gov.co<\/a><\/p>\n<h3><span id=\"Panama\"><span style=\"color: #993300;\">Panama<\/span><\/span><\/h3>\n<p><strong>Importation temporaire :<\/strong> 30 jours pour le v\u00e9hicule et 90 pour votre visa<br \/>\n<strong>Note :<\/strong>\u00a0Possibilit\u00e9 de mettre le v\u00e9hicule en gardiennage et de quitter le pays, \u00e0 condition de quitter le pays avec le v\u00e9hicule avant la fin de l&rsquo;importation temporaire. Importation temporaire suspendue quand vous quittez le territoire.<br \/>\n<strong>Gardiennage possible :<\/strong> dans un parking de la douane<br \/>\n<strong>Source :<\/strong>\u00a0<a href=\"https:\/\/www.ana.gob.pa\/index.php\/ct-menu-item-29\/ct-menu-item-30\/ct-menu-item-34\/item\/58-veh%C3%ADculos-de-turistas\" target=\"_blank\" rel=\"noopener\">www.ana.gob.pa<\/a><\/p>\n<h3><span id=\"Costa_Rica\"><span style=\"color: #993300;\">Costa Rica<\/span><\/span><\/h3>\n<p><strong>Importation temporaire :<\/strong> 90 jours (non renouvelable et retour impossible sans avoir\u00a0quitt\u00e9 le territoire 90 jours)<br \/>\n<strong>Note :<\/strong>\u00a0Possibilit\u00e9 de mettre le v\u00e9hicule en gardiennage et de quitter le pays, \u00e0 condition de quitter le pays avec le v\u00e9hicule avant la fin de l&rsquo;importation temporaire. Importation temporaire suspendue quand vous quittez le territoire.<br \/>\n<strong>Gardiennage possible :<\/strong> Almacen fiscal El Coco \u00e0 proximit\u00e9 de l\u2019a\u00e9roport de San Jose (GPS\u00a0<a href=\"https:\/\/www.google.fr\/maps\/place\/9\u00b059'10.2%22N+84\u00b013'22.7%22W\/@9.9861653,-84.2251487,17z\/data=!4m5!3m4!1s0x0:0x0!8m2!3d9.9861667!4d-84.2229722\" target=\"_blank\" rel=\"noopener\">9.98616 -84.22296<\/a>). Tarif : 2,50$\/jour.\u00a0Avec le re\u00e7u de l&rsquo;almacen, aller \u00e0 la douane Santa Maria en taxi pour faire la suspension\u00a0(GPS\u00a0<a href=\"https:\/\/www.google.fr\/maps\/place\/9\u00b059'50.8%22N+84\u00b012'38.7%22W\/@9.997463,-84.2111192,18z\/data=!4m5!3m4!1s0x0:0x0!8m2!3d9.99744!4d-84.21076\" target=\"_blank\" rel=\"noopener\">9,99744\/-84,21076<\/a>).\u00a0Au retour : se rendre \u00e0 la douane avec une assurance (INS \u00e0 l&rsquo;Alajuela pr\u00e8s du tribunal) et une photo imprim\u00e9e du v\u00e9hicule avec la plaque d\u2019immatriculation visible. La douane vous remet une nouvelle importation temporaire \u00e0 montrer\u00a0\u00e0 l\u2019almacen El Coco pour reprendre votre v\u00e9hicule.<br \/>\n<strong>Source :<\/strong> <a href=\"http:\/\/www.hacienda.go.cr\/contenido\/404-importacion-temporal-de-vehiculos-para-fines-no-lucrativos--turismo\" target=\"_blank\" rel=\"noopener\">www.hacienda.go.cr<\/a><\/p>\n<h3><span id=\"Belize\"><span style=\"color: #993300;\">Belize<\/span><\/span><\/h3>\n<p><strong>Importation temporaire :<\/strong> 30 jours (renouvelable une fois)<br \/>\n<strong>Important :<\/strong> impossible de quitter le pays sans le v\u00e9hicule (coup de tampon dans le passeport)<br \/>\n<strong>Source :<\/strong>\u00a0<a href=\"http:\/\/www.customs.gov.bz\" target=\"_blank\" rel=\"noopener\">www.customs.gov.bz<\/a><\/p>\n<h3><span id=\"Mexique\"><span style=\"color: #993300;\">Mexique<\/span><\/span><\/h3>\n<p><strong>Visa : <\/strong>180 jours\/an<strong><br \/>\nImportation temporaire :<\/strong>\u00a06 mois par d\u00e9faut\u00a0ou 10 ans pour un v\u00e9hicule identifi\u00e9 comme camping-car (non renouvelable)<br \/>\n<strong>Note :<\/strong>\u00a0possibilit\u00e9 de mettre le v\u00e9hicule en gardiennage et de quitter le pays, \u00e0 condition de quitter le pays avec le v\u00e9hicule avant la fin de l&rsquo;importation temporaire.<br \/>\n<strong>Note :<\/strong>\u00a0il n&rsquo;y a pas de douane de sortie du territoire mexicain\u00a0quand vous\u00a0vous rendez aux\u00a0USA. Concr\u00e8tement, vous arrivez directement \u00e0 la fronti\u00e8re des USA.<br \/>\n<strong>Gardiennages possibles :<\/strong><br \/>\n&#8211;\u00a0<a href=\"https:\/\/www.tripadvisor.fr\/Hotel_Review-g499421-d4262557-Reviews-Teotihuacan_RV_and_Trailer_Park-San_Juan_Teotihuacan_Central_Mexico_and_Gulf_Coast.html\" target=\"_blank\" rel=\"noopener\">Trailer Park<\/a> \u00e0\u00a0Teotihuacan (Mexico)<br \/>\n&#8211;\u00a0<a href=\"mailto:totofavela@gmail.com\">Los Pinos<\/a> \u00e0\u00a0Morelia\u00a0(Michoacan)<br \/>\n&#8211;\u00a0Camping Canc\u00fan RV (<a href=\"https:\/\/goo.gl\/maps\/yAavw1jVuf12\" target=\"_blank\" rel=\"noopener\">N21\u00b05.210&prime; W87\u00b00.220&prime;<\/a>) sur la route Merida-Cancun :\u00a01000 Pesos\/mois<br \/>\n&#8211;\u00a0Romantic Santo Domingo (Izamal)<br \/>\n<strong>Source :<\/strong>\u00a0<a href=\"http:\/\/www.sat.gob.mx\/aduanas\/vehiculos\/importacion_temporal\/paginas\/automoviles.aspx\" target=\"_blank\" rel=\"noopener\">www.sat.gob.mx<\/a><\/p>\n<h3><span id=\"USA\"><span style=\"color: #993300;\">USA<\/span><\/span><\/h3>\n<p><strong>Visa : <\/strong>90 jours\/an ou 180 jours\/an pendant 10 ans si visa B1\/B2 (pas besoin d\u2019ESTA pour une entr\u00e9e aux US par voie terrestre &#8211;\u00a0source :\u00a0 <a href=\"http:\/\/www.office-tourisme-usa.com\/etape-de-preparation\/formulaire-esta\" target=\"_blank\" rel=\"noopener\">www.office-tourisme-usa.com<\/a>)<strong><br \/>\nImportation temporaire :<\/strong><br \/>\n&#8211; arriv\u00e9e par <span style=\"text-decoration: underline;\">voie terrestre<\/span> (Mexique ou Canada) : 12 mois, sans suspension possible. Dis autrement : le compteur des 360 jours commence d\u00e8s l&rsquo;entr\u00e9e du v\u00e9hicule sur le territoire USA et ne s&rsquo;arr\u00eatera pas m\u00eame si vous allez plusieurs mois au Canada et Mexique.<br \/>\n<b>&#8211;\u00a0<\/b>\u00a0arriv\u00e9e par <span style=\"text-decoration: underline;\">voie maritime<\/span> (Baltimore) : \u00a012 mois aussi mais pour toute l&rsquo;Am\u00e9rique du nord (USA-Mexique-Canada). Une preuve devra \u00eatre envoy\u00e9e aux douanes maritimes d\u00e8s la sortie de la zone. Attention, le contr\u00f4le semble tr\u00e8s stricte. Plusieurs voyageurs ont \u00a0eu des menaces par les douanes USA de destruction du v\u00e9hicule\u2026<br \/>\n<strong>Note :<\/strong> les\u00a0USA et le Canada sont les seuls pays de notre voyage qui ne nous ont pas fait remplir\u00a0un papier officiel d&rsquo;importation temporaire. Le v\u00e9hicule est pris en photo \u00e0 son entr\u00e9e sur le territoire. A vous de le faire sortir avant la fin des 12 mois.<br \/>\n<strong>Note :<\/strong>\u00a0Il est en th\u00e9orie interdit\u00a0de quitter le territoire sans votre v\u00e9hicule mais de nombreux voyageurs le font.<br \/>\n<strong>Note :<\/strong>\u00a0il n&rsquo;y a pas de douane de sortie du territoire des USA\u00a0quand vous\u00a0vous rendez au Mexique ou Canada. Concr\u00e8tement, vous arrivez directement \u00e0 la fronti\u00e8re du Mexique ou Canada.<br \/>\n<strong>Source :\u00a0<\/strong>Temporarily importing a vehicle, car or engine into the U.S. &#8211;\u00a0<a href=\"https:\/\/help.cbp.gov\/app\/answers\/detail\/a_id\/1664\/~\/temporary-importation-of-a-car-for-personal-use\" target=\"_blank\" rel=\"noopener\">https:\/\/help.cbp.gov\/<\/a><\/p>\n<h3><span id=\"Canada\"><span style=\"color: #993300;\">Canada<\/span><\/span><\/h3>\n<p><strong>Visa : <\/strong>6 mois (besoin d\u2019AVE pour une entr\u00e9e a\u00e9rienne au Canada depuis\u00a0nov 2016, mais pas par voie terrestre &#8211; source : <a href=\"http:\/\/www.cic.gc.ca\/francais\/visiter\/visas.asp\" target=\"_blank\" rel=\"noopener\">www.cic.gc.ca<\/a>)<strong><br \/>\nImportation temporaire :<\/strong>\u00a012 mois<br \/>\n<strong>Note :<\/strong>\u00a0Avec les USA, le Canada est\u00a0le seul pays de notre voyage qui ne nous a\u00a0pas fait remplir\u00a0un papier officiel d&rsquo;importation temporaire. Le v\u00e9hicule est pris en photo \u00e0 son entr\u00e9e sur le territoire. A vous de le faire sortir avant la fin des 12 mois.<br \/>\n<strong>Note :<\/strong>\u00a0Il est en th\u00e9orie interdit\u00a0de quitter le territoire sans votre v\u00e9hicule mais de nombreux voyageurs le font.<br \/>\n<strong>Note :<\/strong>\u00a0il n&rsquo;y a pas de douane de sortie du territoire canadien quand vous vous rendez aux\u00a0USA. Concr\u00e8tement, vous arrivez directement \u00e0 la fronti\u00e8re des USA.<br \/>\n<strong>Source :\u00a0<\/strong>Renseignements pour touristes admis au Canada\u00a0avec un v\u00e9hicule \u00e9tranger &#8211;\u00a0<a href=\"https:\/\/www.tc.gc.ca\/fra\/securiteautomobile\/vehiculessecuritaires-importation-visiteurs-1334.htm\" target=\"_blank\" rel=\"noopener\">https:\/\/www.tc.gc.ca\/fra\/<\/a><\/p>\n<p><em>Derni\u00e8re modification :\u00a0<span class=\"last-modified-timestamp\">D\u00e9c 18, 2017 @ 10 h 01 min<\/span><\/em><\/p>\n","protected":false},"excerpt":{"rendered":"<p>En r\u00e9sum\u00e9, aucun des pays cit\u00e9s plus bas\u00a0ne demandent le\u00a0carnet de passage en douane (cf page d\u00e9di\u00e9e au CPD) et la plupart donnent 90 jours d&rsquo;importation temporaire ou la dur\u00e9e du visa. Si vous avez besoin de rentrer en Europe sans votre v\u00e9hicule, regardez plut\u00f4t du c\u00f4t\u00e9 de l&rsquo;Uruguay avec ses 12 mois,\u00a0le Mexique avec [&hellip;]<\/p>\n","protected":false},"author":2,"featured_media":0,"parent":40,"menu_order":20,"comment_status":"closed","ping_status":"closed","template":"","meta":{"spay_email":""},"jetpack_sharing_enabled":true,"jetpack_shortlink":"https:\/\/wp.me\/P4uy6M-1Ir","jetpack_likes_enabled":true,"_links":{"self":[{"href":"http:\/\/songkol.com\/WordPress3\/wp-json\/wp\/v2\/pages\/6599"}],"collection":[{"href":"http:\/\/songkol.com\/WordPress3\/wp-json\/wp\/v2\/pages"}],"about":[{"href":"http:\/\/songkol.com\/WordPress3\/wp-json\/wp\/v2\/types\/page"}],"author":[{"embeddable":true,"href":"http:\/\/songkol.com\/WordPress3\/wp-json\/wp\/v2\/users\/2"}],"replies":[{"embeddable":true,"href":"http:\/\/songkol.com\/WordPress3\/wp-json\/wp\/v2\/comments?post=6599"}],"version-history":[{"count":64,"href":"http:\/\/songkol.com\/WordPress3\/wp-json\/wp\/v2\/pages\/6599\/revisions"}],"predecessor-version":[{"id":7290,"href":"http:\/\/songkol.com\/WordPress3\/wp-json\/wp\/v2\/pages\/6599\/revisions\/7290"}],"up":[{"embeddable":true,"href":"http:\/\/songkol.com\/WordPress3\/wp-json\/wp\/v2\/pages\/40"}],"wp:attachment":[{"href":"http:\/\/songkol.com\/WordPress3\/wp-json\/wp\/v2\/media?parent=6599"}],"curies":[{"name":"wp","href":"https:\/\/api.w.org\/{rel}","templated":true}]}}