{"id":6307,"date":"2016-02-04T16:45:12","date_gmt":"2016-02-04T15:45:12","guid":{"rendered":"http:\/\/songkol.com\/WordPress3\/?page_id=6307"},"modified":"2016-07-13T09:47:28","modified_gmt":"2016-07-13T07:47:28","slug":"assurance-et-cpd","status":"publish","type":"page","link":"http:\/\/songkol.com\/WordPress3\/preparation\/assurance-et-cpd\/","title":{"rendered":"Assurance et CPD"},"content":{"rendered":"<h3><span id=\"Assurance_vehicule\"><span style=\"color: #993300;\">Assurance v\u00e9hicule<\/span><\/span><\/h3><div id=\"toc_container\" class=\"toc_wrap_right no_bullets\"><p class=\"toc_title\">Sommaire<\/p><ul class=\"toc_list\"><li><a href=\"#Assurance_vehicule\"><span class=\"toc_number toc_depth_1\">1<\/span> Assurance v\u00e9hicule<\/a><\/li><li><a href=\"#Quid_de_lrsquoassurance_en_France\"><span class=\"toc_number toc_depth_1\">2<\/span> Quid de l&rsquo;assurance en France ?<\/a><\/li><li><a href=\"#Carnet_de_passage_en_douane\"><span class=\"toc_number toc_depth_1\">3<\/span> Carnet de passage en douane<\/a><\/li><\/ul><\/div>\n\n<p>La carte verte couvre le v\u00e9hicule tant qu\u2019il est dans les pays dont les initiales sont indiqu\u00e9es dessus. Pour tous les autres pays, il faut prendre une assurance fronti\u00e8re.\u00a0Pass\u00e9 90 jours, il vous faudra prendre une assurance dans chaque pays, soit \u00e0 la fronti\u00e8re soit quelques kilom\u00e8tres apr\u00e8s. Ne r\u00eavez pas : ces assurances ne valent rien\u2026 mais c\u2019est \u00e7a de moins qui pourra \u00eatre retenu contre vous. A titre d&rsquo;exemple,\u00a0en attendant l\u2019arriv\u00e9e du camping-car \u00e0 Montevideo, nous avions souscrit une assurance v\u00e9hicule en se rendant directement dans l\u2019un des bureaux de la compagnie d&rsquo;assurance <a href=\"http:\/\/www.sancristobal.com.ar\/\" target=\"_blank\">San Cristobal<\/a>\u00a0\u00e0 Buenos Aires. San Cristobal couvrait tous les pays du Mercosur et\u00a0le P\u00e9rou.\u00a0<strong>Conseil :<\/strong>\u00a0En cas d\u2019accident vous \u00eates toujours fautif et c\u2019est \u00e0 vous de prouver le contraire. Il sera difficile de trouver des gens qui parleront en votre faveur. Ne signez pas de documents que vous ne comprenez pas. Demandez de l\u2019aide \u00e0 votre consulat.<\/p>\n<blockquote><p><strong>IMPORTANT :<\/strong> Pour les 90 premiers jours de notre voyage, nous avions souscrit un contrat \u00e0 l\u2019<strong><a href=\"https:\/\/www.allianz.fr\/assurances-particuliers\/agence\/38350\/la-mure\/marie\/\" target=\"_blank\">agence Allianz<\/a><\/strong> de La Mure (Is\u00e8re) pour une assurance Monde de 90 jours. Cette agence est bien connue de tous les voyageurs au long cours. Elle nous a \u00e9t\u00e9 bien utile lors de notre accident en Argentine et pour le remplacement d\u2019une pare-brise.<br \/>\n<strong><a href=\"https:\/\/www.allianz.fr\/assurances-particuliers\/agence\/38350\/la-mure\/marie\/\" target=\"_blank\">Agence Allianz<\/a>\u00a0&#8211;\u00a0<\/strong>R\u00e9gis MARIE<br \/>\nT\u00e9l: 0476810663<br \/>\n2 Place Docteur Bethoux<br \/>\n38350 La Mure d\u2019Is\u00e8re<\/p><\/blockquote>\n<h3><span id=\"Quid_de_lrsquoassurance_en_France\"><span style=\"color: #993300;\">Quid de l&rsquo;assurance en France ?<\/span><\/span><\/h3>\n<p>Entre r\u00e9siliation et suspension, une suspension permet\u00a0de red\u00e9marrer vos garanties peu avant le retour du v\u00e9hicule en France et de recevoir une\u00a0carte verte.\u00a0<strong>IMPORTANT :<\/strong> conservez bien la preuve de vos\u00a0assurances am\u00e9ricaines qui vous seront\u00a0demand\u00e9es pour prouver que votre\u00a0v\u00e9hicule est bien rest\u00e9 en circulation et assur\u00e9 durant votre\u00a0voyage hors de France. En absence de ces justificatifs, votre bonus pourrait tomber \u00e0 z\u00e9ro\u2026<\/p>\n<h3><span id=\"Carnet_de_passage_en_douane\"><span style=\"color: #993300;\">Carnet de passage en douane<\/span><\/span><\/h3>\n<p><strong>Le Carnet de passages en douane, ou CPD, n\u2019est pas n\u00e9cessaire<\/strong> en Argentine, Chili, Bolivie, P\u00e9rou, Equateur, Colombie, Panama, Costa Rica, Nicaragua, San Salvador, Honduras, Guatemala, Mexique, USA, Canada. Je n\u2019ai pas d\u2019infos pour les autres pays d\u2019Am\u00e9rique du sud. Pour votre information, c\u2019est un document douanier international qui identifie le v\u00e9hicule et lui permet de rentrer provisoirement dans un pays \u00e9tranger. Il est obligatoire dans certains pays (Egypte, Iran,\u2026) afin de garantir que vous ne laisserez\/venderez pas le v\u00e9hicule sur place et qu\u2019il s\u2019agit bien d\u2019une importation temporaire. Pour plus d\u2019infos, contactez l&rsquo;<a href=\"https:\/\/www.automobile-club.org\/tourisme-et-voyages\/carnet-de-passages-en-douane\" target=\"_blank\">Automobile Club d&rsquo;Ile de France<\/a> qui le d\u00e9livre.<\/p>\n","protected":false},"excerpt":{"rendered":"<p>Assurance v\u00e9hiculeSommaire1 Assurance v\u00e9hicule2 Quid de l&rsquo;assurance en France ?3 Carnet de passage en douane La carte verte couvre le v\u00e9hicule tant qu\u2019il est dans les pays dont les initiales sont indiqu\u00e9es dessus. Pour tous les autres pays, il faut prendre une assurance fronti\u00e8re.\u00a0Pass\u00e9 90 jours, il vous faudra prendre une assurance dans chaque pays, [&hellip;]<\/p>\n","protected":false},"author":2,"featured_media":0,"parent":40,"menu_order":13,"comment_status":"closed","ping_status":"closed","template":"","meta":{"spay_email":""},"jetpack_sharing_enabled":true,"jetpack_shortlink":"https:\/\/wp.me\/P4uy6M-1DJ","jetpack_likes_enabled":true,"_links":{"self":[{"href":"http:\/\/songkol.com\/WordPress3\/wp-json\/wp\/v2\/pages\/6307"}],"collection":[{"href":"http:\/\/songkol.com\/WordPress3\/wp-json\/wp\/v2\/pages"}],"about":[{"href":"http:\/\/songkol.com\/WordPress3\/wp-json\/wp\/v2\/types\/page"}],"author":[{"embeddable":true,"href":"http:\/\/songkol.com\/WordPress3\/wp-json\/wp\/v2\/users\/2"}],"replies":[{"embeddable":true,"href":"http:\/\/songkol.com\/WordPress3\/wp-json\/wp\/v2\/comments?post=6307"}],"version-history":[{"count":14,"href":"http:\/\/songkol.com\/WordPress3\/wp-json\/wp\/v2\/pages\/6307\/revisions"}],"predecessor-version":[{"id":6945,"href":"http:\/\/songkol.com\/WordPress3\/wp-json\/wp\/v2\/pages\/6307\/revisions\/6945"}],"up":[{"embeddable":true,"href":"http:\/\/songkol.com\/WordPress3\/wp-json\/wp\/v2\/pages\/40"}],"wp:attachment":[{"href":"http:\/\/songkol.com\/WordPress3\/wp-json\/wp\/v2\/media?parent=6307"}],"curies":[{"name":"wp","href":"https:\/\/api.w.org\/{rel}","templated":true}]}}