{"id":6301,"date":"2016-02-04T15:46:23","date_gmt":"2016-02-04T14:46:23","guid":{"rendered":"http:\/\/songkol.com\/WordPress3\/?page_id=6301"},"modified":"2018-06-05T18:26:42","modified_gmt":"2018-06-05T16:26:42","slug":"compagnies-et-transitaires","status":"publish","type":"page","link":"http:\/\/songkol.com\/WordPress3\/preparation\/compagnies-et-transitaires\/","title":{"rendered":"Shipping et transitaires"},"content":{"rendered":"<div id=\"attachment_6761\" style=\"width: 315px\" class=\"wp-caption alignright\"><img aria-describedby=\"caption-attachment-6761\" data-attachment-id=\"6761\" data-permalink=\"http:\/\/songkol.com\/WordPress3\/preparation\/compagnies-et-transitaires\/grimaldi-lines-roro-vessel\/\" data-orig-file=\"https:\/\/i0.wp.com\/songkol.com\/WordPress3\/wp-content\/uploads\/2016\/02\/Grimaldi-Lines-RORO-Vessel.jpg?fit=305%2C226\" data-orig-size=\"305,226\" data-comments-opened=\"1\" data-image-meta=\"{&quot;aperture&quot;:&quot;0&quot;,&quot;credit&quot;:&quot;&quot;,&quot;camera&quot;:&quot;&quot;,&quot;caption&quot;:&quot;&quot;,&quot;created_timestamp&quot;:&quot;0&quot;,&quot;copyright&quot;:&quot;&quot;,&quot;focal_length&quot;:&quot;0&quot;,&quot;iso&quot;:&quot;0&quot;,&quot;shutter_speed&quot;:&quot;0&quot;,&quot;title&quot;:&quot;&quot;,&quot;orientation&quot;:&quot;0&quot;}\" data-image-title=\"Shipping en mode RoRo\" data-image-description=\"\" data-image-caption=\"&lt;p&gt;Shipping en mode RoRo&lt;\/p&gt;\n\" data-medium-file=\"https:\/\/i0.wp.com\/songkol.com\/WordPress3\/wp-content\/uploads\/2016\/02\/Grimaldi-Lines-RORO-Vessel.jpg?fit=300%2C222\" data-large-file=\"https:\/\/i0.wp.com\/songkol.com\/WordPress3\/wp-content\/uploads\/2016\/02\/Grimaldi-Lines-RORO-Vessel.jpg?fit=305%2C226\" loading=\"lazy\" class=\"wp-image-6761 size-full\" src=\"https:\/\/i0.wp.com\/songkol.com\/WordPress3\/wp-content\/uploads\/2016\/02\/Grimaldi-Lines-RORO-Vessel.jpg?resize=305%2C226\" alt=\"Shipping et transitaires\" width=\"305\" height=\"226\" srcset=\"https:\/\/i0.wp.com\/songkol.com\/WordPress3\/wp-content\/uploads\/2016\/02\/Grimaldi-Lines-RORO-Vessel.jpg?w=305 305w, https:\/\/i0.wp.com\/songkol.com\/WordPress3\/wp-content\/uploads\/2016\/02\/Grimaldi-Lines-RORO-Vessel.jpg?resize=300%2C222 300w\" sizes=\"(max-width: 305px) 100vw, 305px\" data-recalc-dims=\"1\" \/><p id=\"caption-attachment-6761\" class=\"wp-caption-text\">Shipping en mode RoRo<\/p><\/div>\n<p>Le transport maritime (shipping) distingue deux intervenants : le chargeur et l&rsquo;armateur.<br \/>\n<strong>&#8211; Le chargeur<\/strong>\u00a0est l&rsquo;exp\u00e9diteur du v\u00e9hicule (vous), ou un mandataire de celui-ci (un transitaire au\u00a0port de d\u00e9part et un autre au port d&rsquo;arriv\u00e9e)<br \/>\n<strong>&#8211; L&rsquo;armateur<\/strong> est la compagnie maritime (Grimaldi par exemple pour l&rsquo;AmSud).<br \/>\n<strong>Le transitaire<\/strong>\u00a0est une entreprise mandat\u00e9e par l\u2019exp\u00e9diteur (vous) dont la mission est d\u2019organiser la liaison entre les diff\u00e9rents transporteurs et d\u2019assurer ainsi la continuit\u00e9 du transport. Il faut choisir un transitaire pour le port de d\u00e9part et un autre pour le port d&rsquo;arriv\u00e9e.\u00a0Certains transitaires ont l\u2019habitude de travailler ensemble.<br \/>\n<strong>Attention : L&rsquo;armateur<\/strong>\u00a0(compagnie maritime) ne s\u2019occupe de vous facturer que les frais de transports mais n\u2019assure pas la logistique au port. Son\u00a0devis ne comprend donc jamais l\u2019assurance maritime et les frais de port de destination, le d\u00e9chargement, la livraison ou frais de d\u00e9douanement dans le pays d\u2019arriv\u00e9e. C&rsquo;est l\u00e0 qu&rsquo;interviennent <strong>les transitaires<\/strong>\u00a0(celui \u00e0 l\u2019exp\u00e9dition et celui \u00e0 la r\u00e9ception).<\/p>\n<h3><span id=\"Organiser_son_shipping\"><span style=\"color: #993300;\">Organiser son shipping<\/span><\/span><\/h3><div id=\"toc_container\" class=\"toc_wrap_right no_bullets\"><p class=\"toc_title\">Sommaire<\/p><ul class=\"toc_list\"><li><a href=\"#Organiser_son_shipping\"><span class=\"toc_number toc_depth_1\">1<\/span> Organiser son shipping<\/a><\/li><li><a href=\"#Documents_necessaire_pour_le_retour_en_France\"><span class=\"toc_number toc_depth_1\">2<\/span> Documents n\u00e9cessaire pour le retour en France<\/a><\/li><li><a href=\"#Preparation_du_vehicule_pour_un_shipping_en_RoRo\"><span class=\"toc_number toc_depth_1\">3<\/span> Pr\u00e9paration du v\u00e9hicule pour un shipping en RoRo<\/a><\/li><li><a href=\"#Cout_du_shipping\"><span class=\"toc_number toc_depth_1\">4<\/span> Co\u00fbt du shipping<\/a><\/li><li><a href=\"#Voyager_avec_le_vehicule_ou_par_avion\"><span class=\"toc_number toc_depth_1\">5<\/span> Voyager avec le v\u00e9hicule ou par avion ?<\/a><\/li><li><a href=\"#Compagnies_maritimes\"><span class=\"toc_number toc_depth_1\">6<\/span> Compagnies maritimes<\/a><\/li><li><a href=\"#Transitaires\"><span class=\"toc_number toc_depth_1\">7<\/span> Transitaires<\/a><\/li><li><a href=\"#Suivre_votre_navire\"><span class=\"toc_number toc_depth_1\">8<\/span> Suivre votre navire<\/a><\/li><li><a href=\"#Vocabulaire\"><span class=\"toc_number toc_depth_1\">9<\/span> Vocabulaire<\/a><\/li><\/ul><\/div>\n\n<p><strong>La r\u00e9servation doit se faire\u00a03 \u00e0 4 mois\u00a0\u00e0 l&rsquo;avance, au plus tard\u00a02 semaines avant le d\u00e9part.\u00a0Plus vous \u00eates flexible sur les dates plus vous ferez d&rsquo;\u00e9conomies (haute et basse saisons).<\/strong><br \/>\n<strong>1 &#8211;<\/strong> Identifier la taille du v\u00e9hicule pour\u00a0d\u00e9terminer s\u2019il voyagera dans un conteneur (ferm\u00e9, open top ou flat rack) ou sinon en RoRo\u00a0: <a href=\"http:\/\/songkol.com\/WordPress3\/preparation\/conteneur-roro\/\">plus d&rsquo;infos sur les dimensions par ici<\/a><br \/>\n<strong>2 &#8211;<\/strong> Trouver les\u00a0compagnies maritimes qui empruntent l&rsquo;itin\u00e9raire\u00a0d\u00e9sir\u00e9\u00a0: faites\u00a0une recherche \u00ab\u00a0Shipping car oversea\u00a0\u00bb ou \u00ab\u00a0route shipping line\u00a0\u00bb ou \u00ab\u00a0Trade maps\u00a0\u00bb ou \u00ab\u00a0RoRo Service route maps\u00a0\u00bb.\u00a0Trouver\u00a0la voie avec\u00a0le moins d\u2019arr\u00eats de ports et la plus courte (worldportsource.com est un site utile pour connaitre l&rsquo;importance des ports : <a href=\"http:\/\/www.worldportsource.com\/ports\/region.9.php\" target=\"_blank\" rel=\"noopener\">les ports d&rsquo;Am\u00e9rique du Sud<\/a>\u00a0&#8211; <a href=\"http:\/\/www.worldportsource.com\/ports\/region.5.php\" target=\"_blank\" rel=\"noopener\">les ports d&rsquo;Am\u00e9rique centrale<\/a> &#8211; <a href=\"http:\/\/www.worldportsource.com\/ports\/region.8.php\" target=\"_blank\" rel=\"noopener\">les ports d&rsquo;Am\u00e9rique du Nord<\/a>). Routes emprunt\u00e9es par les principaux armateurs (Car carrier)\u00a0: <a href=\"http:\/\/www.2wglobal.com\/global-network\/route-maps\/route-maps-list\" target=\"_blank\" rel=\"noopener\">Wallenius<\/a>\u00a0&#8211; <a href=\"http:\/\/www.grimaldi.napoli.it\/en\/schedule_atlantic_network.html\" target=\"_blank\" rel=\"noopener\">Grimaldi<\/a>\u00a0&#8211; <a href=\"http:\/\/www.eukor.com\/homepage\/eukor\/routes_overview.jsp\" target=\"_blank\" rel=\"noopener\">Eukor<\/a> &#8211; <a href=\"http:\/\/www.cma-cgm.fr\/produits-services\/roro\" target=\"_blank\" rel=\"noopener\">CMA-CGM<\/a>\u00a0&#8211; <a href=\"http:\/\/www.nykroro.com\/customer\/trade-maps.html\" target=\"_blank\" rel=\"noopener\">NYK Line<\/a>\u00a0&#8211; <a href=\"http:\/\/www.kline.com\/KAMCarCarrierSvcMaps\/Car-Carrier-RoRo-Service-Route-Maps.asp\" target=\"_blank\" rel=\"noopener\">K-Line<\/a><br \/>\nAttention : Toutes les compagnies ne font pas du RoRo. Dans une m\u00eame zone g\u00e9ographique, un port peut-\u00eatre moins cher et\/ou moins corrompu qu&rsquo;un autre. Pour l&rsquo;AmSud, mieux vaut par exemple arriver \u00e0 Montevideo (Uruguay) qu&rsquo;\u00e0 Zarate (Argentine). Posez la question sur les <a href=\"http:\/\/songkol.com\/WordPress3\/preparatifs\/sites-forums-utiles\/\">forums<\/a> avant de vous d\u00e9cider.<br \/>\n<strong>3\u00a0&#8211;<\/strong> Demander \u00e0 la compagnie la liste des transitaires avec qui elle a l&rsquo;habitude de travailler au <span style=\"text-decoration: underline;\">port d&rsquo;arriv\u00e9e<\/span><br \/>\n<strong>4\u00a0&#8211;<\/strong> Demander \u00e0 ce transitaire avec quel transitaire il a l&rsquo;habitude de travailler au port\u00a0de d\u00e9part<br \/>\n<strong>5\u00a0&#8211;<\/strong> Demander les devis pour l&rsquo;exp\u00e9dition<br \/>\nAvec ces devis, vous d\u00e9couvrirez le monde\u00a0complexe\u00a0du transport maritime\u2026 Mes comp\u00e9tences s&rsquo;arr\u00eatent l\u00e0 et je vous renvoie sur ces dossiers d\u00e9taill\u00e9s fait par des voyageurs au long cours\u00a0:\u00a0<a href=\"http:\/\/www.landcruisingadventure.com\/?s=shipping\" target=\"_blank\" rel=\"noopener\">LandCruisingAdventure<\/a>, <a href=\"http:\/\/www.camion4x4.com\/spip.php?article345\" target=\"_blank\" rel=\"noopener\">Camion4x4<\/a>, <a href=\"http:\/\/www.zigzagcruiser.eu\/CPD_conteneur.html\" target=\"_blank\" rel=\"noopener\">ZigZagCruiser<\/a>, <a href=\"http:\/\/overlandsphere.com\/overland-forum\/forums\/shipping.20\/\" target=\"_blank\" rel=\"noopener\">Overland Sphere<\/a><\/p>\n<h3><span id=\"Documents_necessaire_pour_le_retour_en_France\"><span style=\"color: #993300;\">Documents n\u00e9cessaire pour le retour en France<\/span><\/span><\/h3>\n<p><strong>EXA23\/10.<\/strong> Demander au transitaire (Seabridge,\u2026) le formulaire EXA23\/10 qui sera \u00e0 pr\u00e9senter \u00e0 la douane au retour du v\u00e9hicule en France.<\/p>\n<h3><span id=\"Preparation_du_vehicule_pour_un_shipping_en_RoRo\"><span style=\"color: #993300;\">Pr\u00e9paration du v\u00e9hicule pour un shipping en RoRo<\/span><\/span><\/h3>\n<p>&gt; Pour limiter\u00a0les risques de vol, monter une <strong>cloison de s\u00e9paration solide entre la cabine et la cellule<\/strong>. C&rsquo;est le soin apport\u00e9\u00a0\u00e0 cette cloison qui fera que votre v\u00e9hicule aura moins de chance d&rsquo;\u00eatre\u00a0\u00ab\u00a0visit\u00e9\u00a0\u00bb. Pour info, il vous sera demand\u00e9 au port de laisser les porti\u00e8res avant ouvertes et les cl\u00e9s suspendues au r\u00e9troviseur int\u00e9rieur\u2026 Ma cloison \u00e9tait\u00a0en bois-medium mais certain la font en grillage, d&rsquo;autres avec des plaques de d\u00e9sensablement. Certain soudent les portes arri\u00e8res de leur fourgon.<br \/>\n&gt; <strong>Vider les r\u00e9servoirs<\/strong> au max et ne laisser qu&rsquo;un fond\u00a0de r\u00e9servoir de carburant. Le carburant sera toujours moins cher l\u00e0 o\u00f9 vous arriverez. Certain ajoutent\u00a0un additif pour limiter la condensation et la formation d&rsquo;algues dans le r\u00e9servoir pendant la travers\u00e9e.<br \/>\n&gt; Laisser un <strong>v\u00e9hicule propre et prenez-le en photo au port<\/strong> (int\u00e9rieur\/ext\u00e9rieur sous tous les angles) au cas o\u00f9 il y aurait des d\u00e9g\u00e2ts pendant la travers\u00e9e<br \/>\n&gt; D\u00e9brancher les batteries cellules et s&rsquo;assurer que la\u00a0<strong>batterie moteur est en bon \u00e9tat<\/strong> pour\u00a0que le v\u00e9hicule ne soit pas remorqu\u00e9 pendant les op\u00e9rations de chargement\/d\u00e9chargement (augmente les risques de casse\u2026)<br \/>\n&gt; Prendre en photo les documents d&rsquo;exp\u00e9dition et les autocollants coll\u00e9s sur le v\u00e9hicule<br \/>\nNB :\u00a0si votre <a href=\"http:\/\/songkol.com\/WordPress3\/preparation\/6299-2\/\">v\u00e9hicule rentre dans un conteneur<\/a>,\u00a0il faut d\u00e9cider si vous amenez votre v\u00e9hicule au port de d\u00e9part ou si un transporteur vient le mettre en conteneur \u00e0 domicile\u00a0; si\u00a0<a href=\"http:\/\/songkol.com\/WordPress3\/preparation\/6299-2\/\">votre v\u00e9hicule navigue en RoRo<\/a>,\u00a0il vous faudra amener le v\u00e9hicule au port de d\u00e9part.<\/p>\n<h3><span id=\"Cout_du_shipping\"><span style=\"color: #993300;\">Co\u00fbt du shipping<\/span><\/span><\/h3>\n<p>Pour un container (<a href=\"http:\/\/songkol.com\/WordPress3\/preparation\/6299-2\/\">cliquez ici pour en savoir plus sur les diff\u00e9rentes dimensions<\/a>), le prix est quasiment le m\u00eame qu&rsquo;il soit rempli ou pas. D&rsquo;o\u00f9 des propositions sur les forums de partager un container. En revanche, le co\u00fbt en <a href=\"http:\/\/songkol.com\/WordPress3\/preparation\/6299-2\/\">mode Roro<\/a> se calcul principalement en fonction du volume de votre v\u00e9hicule. La travers\u00e9e de notre CC seul (6,8&#215;2,5&#215;2,9)\u00a0en RoRo a \u00e9t\u00e9 de 4100\u20ac tout compris. Les prix changent d&rsquo;une ann\u00e9e \u00e0 l&rsquo;autre.<\/p>\n<h3><span id=\"Voyager_avec_le_vehicule_ou_par_avion\"><span style=\"color: #993300;\">Voyager avec le v\u00e9hicule ou par avion ?<\/span><\/span><\/h3>\n<p>Nous n&rsquo;avons pas voyag\u00e9 avec notre CC et pourtant nous l&rsquo;avions rempli de tout ce que nous pouvions sauf le mat\u00e9riel \u00e9lectronique.\u00a0L&rsquo;avantage de voyager avec son v\u00e9hicule c&rsquo;est que ca laisse du temps pour peaufiner l&rsquo;itin\u00e9raire, apprendre l&rsquo;espagnol et que vous pouvez faire la phase de d\u00e9douanement tout seul \u00e0 l&rsquo;arriv\u00e9e. C&rsquo;est aussi possible quand vous ne voyagez pas avec le v\u00e9hicule mais la paperasse est plus longue. Tout d\u00e9pend de l&rsquo;exp\u00e9rience de chacun.<\/p>\n<h3><span id=\"Compagnies_maritimes\"><span style=\"color: #993300;\">Compagnies maritimes<\/span><\/span><\/h3>\n<p><a href=\"http:\/\/www.2wglobal.com\" target=\"_blank\" rel=\"noopener\">WALLENIUS<\/a><br \/>\n<a href=\"http:\/\/www.cma-cgm.fr\/default.aspx\" target=\"_blank\" rel=\"noopener\">CMA-CGM <\/a><br \/>\n<a href=\"http:\/\/www.grimaldi.napoli.it\/en\/index.html\" target=\"_blank\" rel=\"noopener\">GRIMALDI<\/a><br \/>\n<a href=\"http:\/\/www.nyk.com\/english\/service\/bulk\/car\/\" target=\"_blank\" rel=\"noopener\">NYK LINE<\/a><br \/>\n<a href=\"http:\/\/www.kline.co.jp\/en\/index.html\" target=\"_blank\" rel=\"noopener\">K LINE<\/a><br \/>\n<a href=\"http:\/\/www.mscgva.com\/\" target=\"_blank\" rel=\"noopener\">MSC<\/a><\/p>\n<h3><span id=\"Transitaires\"><span style=\"color: #993300;\">Transitaires<\/span><\/span><\/h3>\n<p>Europe &lt;\u2014&gt; Am\u00e9rique du Sud<br \/>\n<strong>ZIEGLER seafreight <\/strong>(notre agent\u00a0\u00e0 Antwerpen)<br \/>\nAntwerpen &#8211; BELGIUM<br \/>\nIvan De Pauw<br \/>\nPhone : +32.3.221.83.11<br \/>\nFax : +32.3.221.83.01<br \/>\n<a href=\"http:\/\/www.Zieglergroup.com\" target=\"_blank\" rel=\"noopener\">Zieglergroup.com<\/a><br \/>\n<a href=\"mailto:Ivan_De_Pauw@Zieglergroup.com\">Ivan_De_Pauw@Zieglergroup.com<\/a><\/p>\n<p>Europe &lt;\u2014&gt; Am\u00e9rique du Sud<br \/>\n<strong>Wave Logistics<\/strong> (notre agent fran\u00e7ais \u00e0 Montevideo)<br \/>\nMontevideo \u2013 Uruguay<br \/>\nOlivier Chetanneau<br \/>\n<a href=\"http:\/\/wave-logistics.com\/fr\/\" target=\"_blank\" rel=\"noopener\">wave-logistics.com<\/a><br \/>\nTel: 598- 2916 80 75<br \/>\nMob: 598-97 09 69 26<br \/>\n<a href=\"mailto:olivier@wave-logistics.com\">olivier@wave-logistics.com<\/a><\/p>\n<p>Europe &lt;\u2014&gt; Am\u00e9rique du Sud<br \/>\n<strong>Seabridge<\/strong><br \/>\nWilhelm Heinrich Weg 13<br \/>\n40231 D\u00fcsseldorf<br \/>\nTel.: +49-(0)211-210 8083<br \/>\nFax: +49-(0)211-210 8097<br \/>\n<a href=\"mailto:seabridge@t-online.de\">seabridge@t-online.de<\/a><br \/>\n<a href=\"http:\/\/www.seabridge-tours.de\" target=\"_blank\" rel=\"noopener\">www.seabridge-tours.de<\/a><\/p>\n<p>Europe &lt;\u2014&gt; Am\u00e9rique du Sud<br \/>\n<strong>C.C.C. Catalina Cargo Conseil<br \/>\n<\/strong>Contact utile si vous voulez voyager avec le\u00a0v\u00e9hicule<br \/>\n34, rue Mouffetard<br \/>\n75005 Paris<br \/>\nT\u00e9l. +33 (0) 1 45 35 49 88<br \/>\nE-mail : <a href=\"mailto:catalina.da.silva@wanadoo.fr\" target=\"_blank\" rel=\"noopener\">catalina.da.silva@wanadoo.fr<\/a><br \/>\nWeb : <a href=\"http:\/\/www.cargo-voyages.com\" target=\"_blank\" rel=\"noopener\">www.cargo-voyages.com<\/a><\/p>\n<p>Europe &lt;\u2014&gt; Am\u00e9rique du Sud<b><br \/>\nAlejandra Barreto\u00a0<\/b><br \/>\nMHSA<br \/>\n1498 Colon ST., Suites 501, 502 &amp; 503<br \/>\n11001 Montevideo &#8211;\u00a0URUGUAY<br \/>\nPH ++ 598 2 917 0056 ext 101<br \/>\nFX\u00a0 ++ 598 2 917 0038<br \/>\n<a title=\"file:\/\/\/\\\\www.mhsa-uy.com\" href=\"http:\/\/www.mhsa-uy.com\/\">www.mhsa-uy.com<\/a><\/p>\n<p>Am\u00e9rique du sud (Colombie) &lt;\u2014&gt; Am\u00e9rique du nord (Panama)<br \/>\n<strong>Enlace Caribe Ltda.<\/strong><br \/>\nLuis Ernesto La Rota R.<br \/>\nManga, Calle 28 No. 26-47, Of. 103<br \/>\nCartagena, Colombia<br \/>\nPh +57 (5) 660 8960<br \/>\nMob + 57 315 758 5872<br \/>\n<a href=\"http:\/\/www.enlacecaribe.com\" target=\"_blank\" rel=\"noopener\">www.enlacecaribe.com<\/a><\/p>\n<p>Halifax (Canada) &lt;\u2014&gt; Europe<br \/>\n<strong>PROTOS SHIPPING LTD.<\/strong><br \/>\nJoan Gordon<br \/>\nPhone: 416-621-4381 ext.229<br \/>\nDirect: 647-777-3852<br \/>\nFax: 416-626-1311<br \/>\nemail: <a href=\"mailto:jgordon@protos.ca\" target=\"_blank\" rel=\"noopener\">jgordon@protos.ca<\/a><br \/>\n<a href=\"http:\/\/www.protos.ca\" target=\"_blank\" rel=\"noopener\">http:\/\/www.protos.ca<\/a><\/p>\n<p>Halifax (Canada) &lt;\u2014&gt; Europe<br \/>\n<strong>Wallenius Wilhelmsen Logistics<\/strong><br \/>\nJana Twedt<br \/>\nCommercial \/ Atlantic West<br \/>\nSavannah, USA<br \/>\nPhone: 201-505-4000<br \/>\nEmail: <a href=\"mailto:pricingamericas@2wglobal.com\" target=\"_blank\" rel=\"noopener\">pricingamericas@2wglobal.com<\/a><br \/>\nInternet: <a href=\"http:\/\/www.2wglobal.com\" target=\"_blank\" rel=\"noopener\">www.2wglobal.com<\/a><\/p>\n<p>Halifax (Canada) &lt;\u2014&gt; Europe<br \/>\n<strong>CSI LOGISTICS<\/strong><br \/>\nCarlos Feliu<br \/>\n435 Division Street<br \/>\nElizabeth NJ,07201<br \/>\nFMC No. 022606<br \/>\nTel: 908-351-5488<br \/>\nFax: 908-351-5499<br \/>\nCell: 908-267-5193<br \/>\nEmail: <a href=\"mailto:carlos@csil.us\" target=\"_blank\" rel=\"noopener\">carlos@csil.us<\/a><\/p>\n<p>USA (San Francisco) &lt;&#8212;&gt; Vladivostok (Russie)<strong><br \/>\nCoast Shipping +\u00a0Links Ltd<\/strong><br \/>\nJuillet 2016 : pour une voiture, comptez\u00a0$US3100 dans un container\u00a020&prime; + $US200 d&rsquo;assurance. Suite de l&rsquo;info en anglais : We used <a href=\"http:\/\/www.wcshipping.com\" target=\"_blank\" rel=\"noopener\">West Coast Shipping<\/a> on the USA side who were on to it and very helpful. We used Yuri from <a href=\"http:\/\/links-ltd.com\" target=\"_blank\" rel=\"noopener\">Links Ltd in Vladivostok<\/a> to do all the paperwork Russia side. Also really on to it and helpful. Yuri charges $US250 for his services. Port and customs are about $US800. (A Customs inspection can add an extra $US250 but random). Also, if you have entered the USA by land and did not do a Temporary Import then expect big issues. To export a car from the USA it must be Temporary Imported. We have direct information of cars being sent back to Mexico to get Imported before an export can be done. One simply shipped from Mexico (with issues).<br \/>\n&#8212;<br \/>\nAnyone can do a Temporary Import of a car into the USA. Especially someone on a temporary visit. After all that is their purpose. A couple of things though. The border customs do not want to know. We asked 3 times if we could do an import and we were told 3 times that it was not necessary. Secondly, to import into California a smog certificate is needed. I am not convinced you actually do but the nice customs officer insisted. Our car is from Santiago,Chile which enforces the same Californian smog standard &#8211; so we had one ready. The nice customs officer then insisted a Bill of Lading (for export) &#8211; which we produced with the help of West Coast Shipping. So, the nice customs officer down in San Fransisco gracefully did a Temporary Import and we shipped a couple of days later.<\/p>\n<h3><span id=\"Suivre_votre_navire\"><span style=\"color: #993300;\">Suivre votre navire<\/span><\/span><\/h3>\n<p>Un site tr\u00e8s utile : Marine Traffic<br \/>\n<a href=\"http:\/\/www.marinetraffic.com\" target=\"_blank\" rel=\"noopener\">www.marinetraffic.com<\/a><\/p>\n<h3><span id=\"Vocabulaire\"><span style=\"color: #993300;\">Vocabulaire<\/span><\/span><\/h3>\n<p><strong>Bill of Lading (B\/L)<\/strong><br \/>\nLe document qui couvre le transport par voie maritime. Sign\u00e9 par le transporteur, soit shipping line soit le transitaire, il sert de r\u00e9c\u00e9piss\u00e9 \u00e0 l&rsquo;exp\u00e9diteur pour les marchandises, comme preuve du contrat de transport contenant les conditions de transport, et comme titre de propri\u00e9t\u00e9 des marchandises qui peuvent \u00eatre transf\u00e9r\u00e9s. G\u00e9n\u00e9ralement, un B\/L est \u00e9mis en trois exemplaires originaux, dont l&rsquo;un doit \u00eatre pr\u00e9sent\u00e9 pour r\u00e9clamer les marchandises et par laquelle les autres deviennent nulles.<\/p>\n<p><strong>Freight Forwarder (Transitaire)<\/strong><br \/>\nPersonne ou soci\u00e9t\u00e9 qui organise le transport de marchandises pour le compte de l&rsquo;acheteur ou du vendeur. Dans de nombreux cas, le transitaire \u00e9galement regrouper plusieurs petits envois en un plus grand pour profiter des meilleurs tarifs de fret. Dans la plupart des cas, le transitaire assumera les responsabilit\u00e9s l\u00e9gales d&rsquo;agir en tant que porte-<\/p>\n<p><strong>THC &#8211; Terminal handling charge<\/strong><br \/>\nFrais de manutention au terminal, c&rsquo;est \u00e0 dire prix du d\u00e9chargement sur le port<\/p>\n","protected":false},"excerpt":{"rendered":"<p>Premiers \u00e9l\u00e9ments pour organiser son shipping (compagnies maritimes, transitaires), pr\u00e9parer le v\u00e9hicule pour un shipping en RoRo, voyager avec le v\u00e9hicule ou par avion<\/p>\n","protected":false},"author":2,"featured_media":0,"parent":40,"menu_order":14,"comment_status":"closed","ping_status":"closed","template":"","meta":{"spay_email":""},"jetpack_sharing_enabled":true,"jetpack_shortlink":"https:\/\/wp.me\/P4uy6M-1DD","jetpack_likes_enabled":true,"_links":{"self":[{"href":"http:\/\/songkol.com\/WordPress3\/wp-json\/wp\/v2\/pages\/6301"}],"collection":[{"href":"http:\/\/songkol.com\/WordPress3\/wp-json\/wp\/v2\/pages"}],"about":[{"href":"http:\/\/songkol.com\/WordPress3\/wp-json\/wp\/v2\/types\/page"}],"author":[{"embeddable":true,"href":"http:\/\/songkol.com\/WordPress3\/wp-json\/wp\/v2\/users\/2"}],"replies":[{"embeddable":true,"href":"http:\/\/songkol.com\/WordPress3\/wp-json\/wp\/v2\/comments?post=6301"}],"version-history":[{"count":50,"href":"http:\/\/songkol.com\/WordPress3\/wp-json\/wp\/v2\/pages\/6301\/revisions"}],"predecessor-version":[{"id":7340,"href":"http:\/\/songkol.com\/WordPress3\/wp-json\/wp\/v2\/pages\/6301\/revisions\/7340"}],"up":[{"embeddable":true,"href":"http:\/\/songkol.com\/WordPress3\/wp-json\/wp\/v2\/pages\/40"}],"wp:attachment":[{"href":"http:\/\/songkol.com\/WordPress3\/wp-json\/wp\/v2\/media?parent=6301"}],"curies":[{"name":"wp","href":"https:\/\/api.w.org\/{rel}","templated":true}]}}