{"id":6299,"date":"2016-02-04T12:09:29","date_gmt":"2016-02-04T11:09:29","guid":{"rendered":"http:\/\/songkol.com\/WordPress3\/?page_id=6299"},"modified":"2016-11-15T15:40:05","modified_gmt":"2016-11-15T14:40:05","slug":"conteneur-roro","status":"publish","type":"page","link":"http:\/\/songkol.com\/WordPress3\/preparation\/compagnies-et-transitaires\/conteneur-roro\/","title":{"rendered":"Conteneur ou RoRo ?"},"content":{"rendered":"<p>&gt; Cette page est le\u00a0compl\u00e9ment pratique <a href=\"http:\/\/songkol.com\/WordPress3\/preparation\/compagnies-et-transitaires\/\">d&rsquo;une autre page d\u00e9di\u00e9e au shipping\u00a0(<\/a>compagnies et transitaires)<\/p>\n<p>Avant d\u2019exp\u00e9dier votre v\u00e9hicule par les voies maritimes, quelques informations\u00a0sur le choix du mode d\u2019exp\u00e9dition. La premi\u00e8re chose \u00e0 identifier est la taille de son v\u00e9hicule ce qui permettra ensuite de d\u00e9terminer s\u2019il voyagera dans un conteneur (ferm\u00e9, open top ou flat rack) ou sinon en RoRo.<\/p>\n<h3><span id=\"RORO\"><span style=\"color: #993300;\">RORO<\/span><\/span><\/h3><div id=\"toc_container\" class=\"toc_wrap_right no_bullets\"><p class=\"toc_title\">Sommaire<\/p><ul class=\"toc_list\"><li><a href=\"#RORO\"><span class=\"toc_number toc_depth_1\">1<\/span> RORO<\/a><ul><li><a href=\"#Roll-on_Roll-off\"><span class=\"toc_number toc_depth_2\">1.1<\/span> Roll-on \/ Roll-off<\/a><\/li><\/ul><\/li><li><a href=\"#CONTENEURS_CONTAINERS\"><span class=\"toc_number toc_depth_1\">2<\/span> CONTENEURS \/ CONTAINERS<\/a><ul><li><a href=\"#Conteneurs_20_pieds\"><span class=\"toc_number toc_depth_2\">2.1<\/span> Conteneurs 20 pieds.<\/a><\/li><li><a href=\"#Conteneurs_40_pieds\"><span class=\"toc_number toc_depth_2\">2.2<\/span> Conteneurs 40 pieds.<\/a><\/li><li><a href=\"#Conteneurs_High_Cube\"><span class=\"toc_number toc_depth_2\">2.3<\/span> Conteneurs High Cube<\/a><\/li><li><a href=\"#Conteneurs_Open_Top\"><span class=\"toc_number toc_depth_2\">2.4<\/span> Conteneurs Open Top<\/a><\/li><li><a href=\"#Conteneurs_Flat_Rack\"><span class=\"toc_number toc_depth_2\">2.5<\/span> Conteneurs Flat Rack<\/a><\/li><\/ul><\/li><\/ul><\/div>\n\n<h4><span id=\"Roll-on_Roll-off\">Roll-on \/ Roll-off<\/span><\/h4>\n<div id=\"attachment_6754\" style=\"width: 310px\" class=\"wp-caption alignright\"><img aria-describedby=\"caption-attachment-6754\" data-attachment-id=\"6754\" data-permalink=\"http:\/\/songkol.com\/WordPress3\/preparation\/compagnies-et-transitaires\/roro-vessel\/\" data-orig-file=\"https:\/\/i0.wp.com\/songkol.com\/WordPress3\/wp-content\/uploads\/2016\/02\/RORO-vessel.jpg?fit=494%2C400\" data-orig-size=\"494,400\" data-comments-opened=\"1\" data-image-meta=\"{&quot;aperture&quot;:&quot;0&quot;,&quot;credit&quot;:&quot;&quot;,&quot;camera&quot;:&quot;&quot;,&quot;caption&quot;:&quot;&quot;,&quot;created_timestamp&quot;:&quot;0&quot;,&quot;copyright&quot;:&quot;&quot;,&quot;focal_length&quot;:&quot;0&quot;,&quot;iso&quot;:&quot;0&quot;,&quot;shutter_speed&quot;:&quot;0&quot;,&quot;title&quot;:&quot;&quot;,&quot;orientation&quot;:&quot;0&quot;}\" data-image-title=\"Shipping en RoRo\" data-image-description=\"\" data-image-caption=\"&lt;p&gt;Shipping en RoRo&lt;\/p&gt;\n\" data-medium-file=\"https:\/\/i0.wp.com\/songkol.com\/WordPress3\/wp-content\/uploads\/2016\/02\/RORO-vessel.jpg?fit=300%2C243\" data-large-file=\"https:\/\/i0.wp.com\/songkol.com\/WordPress3\/wp-content\/uploads\/2016\/02\/RORO-vessel.jpg?fit=494%2C400\" loading=\"lazy\" class=\"wp-image-6754 size-medium\" src=\"https:\/\/i0.wp.com\/songkol.com\/WordPress3\/wp-content\/uploads\/2016\/02\/RORO-vessel.jpg?resize=300%2C243\" alt=\"Shipping en RoRo\" width=\"300\" height=\"243\" srcset=\"https:\/\/i0.wp.com\/songkol.com\/WordPress3\/wp-content\/uploads\/2016\/02\/RORO-vessel.jpg?resize=300%2C243 300w, https:\/\/i0.wp.com\/songkol.com\/WordPress3\/wp-content\/uploads\/2016\/02\/RORO-vessel.jpg?w=494 494w\" sizes=\"(max-width: 300px) 100vw, 300px\" data-recalc-dims=\"1\" \/><p id=\"caption-attachment-6754\" class=\"wp-caption-text\">Shipping en RoRo<\/p><\/div>\n<p>C&rsquo;est le choix que nous avons fait pour notre camping-car. Les RoRo ou Roll-on\/roll-off sont des rouliers, navires con\u00e7us pour transporter du fret \u00e0 roues capable d\u2019entrer et sortir par leurs propres roues via des rampes d\u2019acc\u00e8s. Roll-On Roll-Off signifiant litt\u00e9ralement \u00ab roule dedans, roule dehors \u00bb, pour faire la distinction avec les navires de charge habituels o\u00f9 les produits sont charg\u00e9s \u00e0 la verticale par des grues.<\/p>\n<h3><span id=\"CONTENEURS_CONTAINERS\"><span style=\"color: #993300;\">CONTENEURS \/ CONTAINERS<\/span><\/span><\/h3>\n<h4><span id=\"Conteneurs_20_pieds\">Conteneurs 20 pieds.<\/span><\/h4>\n<p>Vus pratiquement dans tous les modes de transports, dans tous les ports et sur tous les continents.<br \/>\nLargeur porte minimum : 2.28m<br \/>\nHauteur porte minimum : 2.26m (2,56m en version High cube)<br \/>\nLongueur conteneur : 5.87m<br \/>\n(dans la pratique les portes font 2,34m en largeur et 2,28m en hauteur)<\/p>\n<h4><span id=\"Conteneurs_40_pieds\">Conteneurs 40 pieds.<\/span><\/h4>\n<p><img data-attachment-id=\"6928\" data-permalink=\"http:\/\/songkol.com\/WordPress3\/preparation\/compagnies-et-transitaires\/conteneur-roro\/sony-dsc\/\" data-orig-file=\"https:\/\/i0.wp.com\/songkol.com\/WordPress3\/wp-content\/uploads\/2016\/02\/7c612b60f4079ec516a046d06e10bd4e.jpg?fit=600%2C413\" data-orig-size=\"600,413\" data-comments-opened=\"1\" data-image-meta=\"{&quot;aperture&quot;:&quot;0&quot;,&quot;credit&quot;:&quot;&quot;,&quot;camera&quot;:&quot;&quot;,&quot;caption&quot;:&quot;SONY DSC&quot;,&quot;created_timestamp&quot;:&quot;0&quot;,&quot;copyright&quot;:&quot;&quot;,&quot;focal_length&quot;:&quot;0&quot;,&quot;iso&quot;:&quot;0&quot;,&quot;shutter_speed&quot;:&quot;0&quot;,&quot;title&quot;:&quot;SONY DSC&quot;,&quot;orientation&quot;:&quot;0&quot;}\" data-image-title=\"SONY DSC\" data-image-description=\"\" data-image-caption=\"&lt;p&gt;SONY DSC&lt;\/p&gt;\n\" data-medium-file=\"https:\/\/i0.wp.com\/songkol.com\/WordPress3\/wp-content\/uploads\/2016\/02\/7c612b60f4079ec516a046d06e10bd4e.jpg?fit=300%2C207\" data-large-file=\"https:\/\/i0.wp.com\/songkol.com\/WordPress3\/wp-content\/uploads\/2016\/02\/7c612b60f4079ec516a046d06e10bd4e.jpg?fit=600%2C413\" loading=\"lazy\" class=\"size-medium wp-image-6928 alignright\" src=\"https:\/\/i0.wp.com\/songkol.com\/WordPress3\/wp-content\/uploads\/2016\/02\/7c612b60f4079ec516a046d06e10bd4e.jpg?resize=300%2C207\" alt=\"SONY DSC\" width=\"300\" height=\"207\" srcset=\"https:\/\/i0.wp.com\/songkol.com\/WordPress3\/wp-content\/uploads\/2016\/02\/7c612b60f4079ec516a046d06e10bd4e.jpg?resize=300%2C207 300w, https:\/\/i0.wp.com\/songkol.com\/WordPress3\/wp-content\/uploads\/2016\/02\/7c612b60f4079ec516a046d06e10bd4e.jpg?w=600 600w\" sizes=\"(max-width: 300px) 100vw, 300px\" data-recalc-dims=\"1\" \/><\/p>\n<p>Vus pratiquement dans tous les modes de transports, dans tous les ports et sur tous les continents.<br \/>\nLargeur porte minimum : 2.28m<br \/>\nHauteur porte minimum : 2.26m (2,56m en version High cube)<br \/>\nLongueur conteneur : 12.00m<br \/>\n(dans la pratique les portes font 2,34m\u00a0en largeur et 2,28m\u00a0en hauteur)<\/p>\n<h4><span id=\"Conteneurs_High_Cube\">Conteneurs High Cube<\/span><\/h4>\n<p>Aussi appel\u00e9 \u00ab\u00a0hi cube\u00a0\u00bb, ils conservent les dimensions des 20 et 40 pieds cit\u00e9s ci-dessus, mais ils ont 30cm de hauteur en plus \u00e0 la porte. Les dimensions sont indiqu\u00e9es plus haut.<\/p>\n<h4><span id=\"Conteneurs_Open_Top\">Conteneurs Open Top<\/span><\/h4>\n<p>Similaires aux conteneurs classiques mais n\u2019ont pas de toit dur. Ce dernier est compos\u00e9 d&rsquo;arcs amovibles et une toile ou une b\u00e2che robuste. Ils sont charg\u00e9s par le dessus.<\/p>\n<h4><span id=\"Conteneurs_Flat_Rack\">Conteneurs Flat Rack<\/span><\/h4>\n<p>Aussi connus sous le terme de plate-forme ou conteneurs plates-formes. Ils n&rsquo;ont pas de superstructures mais ont des extr\u00e9mit\u00e9s fixes ou d\u00e9montables ainsi que des points d&rsquo;ancrage pour fixer la cargaison.<\/p>\n<div id=\"attachment_6766\" style=\"width: 746px\" class=\"wp-caption alignnone\"><img aria-describedby=\"caption-attachment-6766\" data-attachment-id=\"6766\" data-permalink=\"http:\/\/songkol.com\/WordPress3\/preparation\/compagnies-et-transitaires\/conteneur-roro\/container\/\" data-orig-file=\"https:\/\/i0.wp.com\/songkol.com\/WordPress3\/wp-content\/uploads\/2016\/02\/container.jpg?fit=736%2C743\" data-orig-size=\"736,743\" data-comments-opened=\"1\" data-image-meta=\"{&quot;aperture&quot;:&quot;0&quot;,&quot;credit&quot;:&quot;&quot;,&quot;camera&quot;:&quot;&quot;,&quot;caption&quot;:&quot;&quot;,&quot;created_timestamp&quot;:&quot;0&quot;,&quot;copyright&quot;:&quot;&quot;,&quot;focal_length&quot;:&quot;0&quot;,&quot;iso&quot;:&quot;0&quot;,&quot;shutter_speed&quot;:&quot;0&quot;,&quot;title&quot;:&quot;&quot;,&quot;orientation&quot;:&quot;0&quot;}\" data-image-title=\"Dimensions conteneurs\" data-image-description=\"\" data-image-caption=\"&lt;p&gt;Dimensions conteneurs&lt;\/p&gt;\n\" data-medium-file=\"https:\/\/i0.wp.com\/songkol.com\/WordPress3\/wp-content\/uploads\/2016\/02\/container.jpg?fit=297%2C300\" data-large-file=\"https:\/\/i0.wp.com\/songkol.com\/WordPress3\/wp-content\/uploads\/2016\/02\/container.jpg?fit=736%2C743\" loading=\"lazy\" class=\"size-full wp-image-6766\" src=\"https:\/\/i0.wp.com\/songkol.com\/WordPress3\/wp-content\/uploads\/2016\/02\/container.jpg?resize=736%2C743\" alt=\"Dimensions conteneurs\" width=\"736\" height=\"743\" srcset=\"https:\/\/i0.wp.com\/songkol.com\/WordPress3\/wp-content\/uploads\/2016\/02\/container.jpg?w=736 736w, https:\/\/i0.wp.com\/songkol.com\/WordPress3\/wp-content\/uploads\/2016\/02\/container.jpg?resize=150%2C150 150w, https:\/\/i0.wp.com\/songkol.com\/WordPress3\/wp-content\/uploads\/2016\/02\/container.jpg?resize=297%2C300 297w\" sizes=\"(max-width: 736px) 100vw, 736px\" data-recalc-dims=\"1\" \/><p id=\"caption-attachment-6766\" class=\"wp-caption-text\">Dimensions conteneurs<\/p><\/div>\n","protected":false},"excerpt":{"rendered":"<p>&gt; Cette page est le\u00a0compl\u00e9ment pratique d&rsquo;une autre page d\u00e9di\u00e9e au shipping\u00a0(compagnies et transitaires) Avant d\u2019exp\u00e9dier votre v\u00e9hicule par les voies maritimes, quelques informations\u00a0sur le choix du mode d\u2019exp\u00e9dition. La premi\u00e8re chose \u00e0 identifier est la taille de son v\u00e9hicule ce qui permettra ensuite de d\u00e9terminer s\u2019il voyagera dans un conteneur (ferm\u00e9, open top ou [&hellip;]<\/p>\n","protected":false},"author":2,"featured_media":0,"parent":6301,"menu_order":14,"comment_status":"open","ping_status":"closed","template":"","meta":{"spay_email":""},"jetpack_sharing_enabled":true,"jetpack_shortlink":"https:\/\/wp.me\/P4uy6M-1DB","jetpack_likes_enabled":true,"_links":{"self":[{"href":"http:\/\/songkol.com\/WordPress3\/wp-json\/wp\/v2\/pages\/6299"}],"collection":[{"href":"http:\/\/songkol.com\/WordPress3\/wp-json\/wp\/v2\/pages"}],"about":[{"href":"http:\/\/songkol.com\/WordPress3\/wp-json\/wp\/v2\/types\/page"}],"author":[{"embeddable":true,"href":"http:\/\/songkol.com\/WordPress3\/wp-json\/wp\/v2\/users\/2"}],"replies":[{"embeddable":true,"href":"http:\/\/songkol.com\/WordPress3\/wp-json\/wp\/v2\/comments?post=6299"}],"version-history":[{"count":12,"href":"http:\/\/songkol.com\/WordPress3\/wp-json\/wp\/v2\/pages\/6299\/revisions"}],"predecessor-version":[{"id":6931,"href":"http:\/\/songkol.com\/WordPress3\/wp-json\/wp\/v2\/pages\/6299\/revisions\/6931"}],"up":[{"embeddable":true,"href":"http:\/\/songkol.com\/WordPress3\/wp-json\/wp\/v2\/pages\/6301"}],"wp:attachment":[{"href":"http:\/\/songkol.com\/WordPress3\/wp-json\/wp\/v2\/media?parent=6299"}],"curies":[{"name":"wp","href":"https:\/\/api.w.org\/{rel}","templated":true}]}}