{"id":6224,"date":"2016-01-25T23:13:32","date_gmt":"2016-01-25T22:13:32","guid":{"rendered":"http:\/\/songkol.com\/WordPress3\/?page_id=6224"},"modified":"2016-07-20T15:25:32","modified_gmt":"2016-07-20T13:25:32","slug":"evaluer-la-securite-d-une-region","status":"publish","type":"page","link":"http:\/\/songkol.com\/WordPress3\/preparatifs\/evaluer-la-securite-d-une-region\/","title":{"rendered":"Evaluer\u00a0la s\u00e9curit\u00e9 d&rsquo;une r\u00e9gion"},"content":{"rendered":"<p>Il n&rsquo;y a pas une r\u00e9ponse \u00e0 la question. Cela d\u00e9pend de votre vision de la vie, de vos exp\u00e9riences pass\u00e9es, votre personne, et des personnes \u00e0 qui vous parlez. Voici quand m\u00eame <strong>quelques crit\u00e8res \u00e0 retenir, dans le d\u00e9sordre<\/strong>\u00a0:<\/p>\n<h3><span id=\"Les_autres_voyageurs_au_long_cours\">Les autres voyageurs au long cours<\/span><\/h3><div id=\"toc_container\" class=\"toc_wrap_right no_bullets\"><p class=\"toc_title\">Sommaire<\/p><ul class=\"toc_list\"><li><a href=\"#Les_autres_voyageurs_au_long_cours\"><span class=\"toc_number toc_depth_1\">1<\/span> Les autres voyageurs au long cours<\/a><\/li><li><a href=\"#La_police_et_les_soldats\"><span class=\"toc_number toc_depth_1\">2<\/span> La police et les soldats<\/a><\/li><li><a href=\"#Les_gens_du_pays\"><span class=\"toc_number toc_depth_1\">3<\/span> Les gens du pays<\/a><\/li><li><a href=\"#Blogs_guides_cartes\"><span class=\"toc_number toc_depth_1\">4<\/span> Blogs, guides, cartes,\u2026<\/a><\/li><li><a href=\"#Les_ambassades_et_consulats\"><span class=\"toc_number toc_depth_1\">5<\/span> Les ambassades et consulats<\/a><\/li><li><a href=\"#Linstinct\"><span class=\"toc_number toc_depth_1\">6<\/span> L\u2019instinct<\/a><\/li><\/ul><\/div>\n\n<p>Prendre\u00a0le temps de recueillir des informations aupr\u00e8s des voyageurs avec leur v\u00e9hicule qui ont r\u00e9cemment visit\u00e9 la ville\/r\u00e9gion\/pays. Leur exp\u00e9rience est plus int\u00e9ressante que celle de routards sac au dos parce que nous partageons des exp\u00e9riences similaires : points de passage frontaliers avec la paperasserie pour la voiture, l&rsquo;\u00e9tat des routes, les points de contr\u00f4le,\u2026\u00a0Privil\u00e9giez les listes de diffusion tels que le <a href=\"https:\/\/groups.google.com\/forum\/#!forum\/le-lien-amnordcentrale\" target=\"_blank\">Lien AmNordCentrale<\/a>,\u00a0<a href=\"http:\/\/songkol.com\/WordPress3\/preparatifs\/sites-forums-utiles\/\">AmSud<\/a>, ou encore le facebook <a href=\"http:\/\/songkol.com\/WordPress3\/preparatifs\/sites-forums-utiles\/\">PanamTravelers<\/a>\u00a0qui regroupent des voyageurs francophones motoris\u00e9s en cours de voyage. Ce sont des mines d&rsquo;infos pratiques et surtout fraiches.<\/p>\n<h3><span id=\"La_police_et_les_soldats\">La police et les soldats<\/span><\/h3>\n<p>Avec les routiers, les trois\u00a0sont des\u00a0sources d&rsquo;informations fiables. Lorsque les soldats \u00e0 la fronti\u00e8re nous expliquent qu&rsquo;il est plus s\u00fbr de prendre telle route, nous les croyions. Ils ont v\u00e9cu et travaill\u00e9 ici, connaissent les risques, et ils ont aucun int\u00e9r\u00eat \u00e0 ce que des voyageurs aient des ennuis.\u00a0Les soldats colombiens nous faisaient r\u00e9guli\u00e8rement un pouce lev\u00e9 pour nous indiquer que la route \u00e9tait s\u00e9curis\u00e9e.<\/p>\n<h3><span id=\"Les_gens_du_pays\">Les gens du pays<\/span><\/h3>\n<p>C\u2019est le plus d\u00e9licat car ils sont plus stress\u00e9s que vous, d\u2019autant plus quand vous voyagez avec des enfants. Avec l\u2019exp\u00e9rience vous constaterez que les habitants d\u2019un pays consid\u00e8rent souvent le pays d\u2019\u00e0 c\u00f4t\u00e9 plus dangereux que le leur : \u00ab\u00a0fais attention l\u00e0-bas, ils sont tous des voleurs\u00a0\u00bb. Par exemple, les Am\u00e9ricains ne comprennent pas comment vous avez pu survivre\u00a0au Mexique\u2026 V\u00e9rifiez que la personne qui vous averti de ne pas visiter tel lieu ou de prendre telle piste y est all\u00e9 elle-m\u00eame. Une r\u00e8gle qui fonctionne bien quand m\u00eame : poser la m\u00eame question \u00e0 des\u00a0personnes diff\u00e9rentes jusqu&rsquo;\u00e0 entendre au moins deux r\u00e9ponses identiques.<\/p>\n<h3><span id=\"Blogs_guides_cartes\">Blogs, guides, cartes,\u2026<\/span><\/h3>\n<p>Bien s\u00fbr, il y a internet, les journaux, les guides de voyage et les cartes qui contribuent \u00e0 la collecte d&rsquo;informations sur une r\u00e9gion. Attention aux blogs sans dates\u00a0car la situation peut totalement changer en quelques semaines.<\/p>\n<h3><span id=\"Les_ambassades_et_consulats\">Les ambassades et consulats<\/span><\/h3>\n<p>Les sites web des ambassades et diplomatie.gouv.fr informent les voyageurs sur la s\u00e9curit\u00e9 des villes\/r\u00e9gions\/pays travers\u00e9s. Pour une information actualis\u00e9e, il est possible de les appeler. Ceci \u00e9tant dit, nous serions nombreux \u00e0 rester chez nous en France quand on voit l\u2019\u00e9tendu des zones rouges soit-disant \u00e0 risques\u2026<br \/>\n&gt; <a href=\"http:\/\/www.diplomatie.gouv.fr\/fr\/conseils-aux-voyageurs\/conseils-par-pays\/\" target=\"_blank\">Fiches pays de France diplomatie<\/a><\/p>\n<h3><span id=\"Linstinct\">L\u2019instinct<\/span><\/h3>\n<p>Fort de ce faisceau d\u2019infos, il faut aussi apprendre \u00e0 faire confiance \u00e0 son instinct. C\u2019est une voix int\u00e9rieure qui avertit du danger. Ce sentiment bas\u00e9 sur l&rsquo;exp\u00e9rience du voyage n\u2019est pas rationnel. Il est bas\u00e9 sur ce que nous sommes dans la vie, la fa\u00e7on dont on est avec les gens et l\u2019exp\u00e9rience de situations d\u00e9licates, m\u00eame chez vous en France.<\/p>\n","protected":false},"excerpt":{"rendered":"<p>Il n&rsquo;y a pas une r\u00e9ponse \u00e0 la question. Cela d\u00e9pend de votre vision de la vie, de vos exp\u00e9riences pass\u00e9es, votre personne, et des personnes \u00e0 qui vous parlez. Voici quand m\u00eame quelques crit\u00e8res \u00e0 retenir.<\/p>\n","protected":false},"author":2,"featured_media":0,"parent":61,"menu_order":4,"comment_status":"open","ping_status":"closed","template":"","meta":{"spay_email":""},"jetpack_sharing_enabled":true,"jetpack_shortlink":"https:\/\/wp.me\/P4uy6M-1Co","jetpack_likes_enabled":true,"_links":{"self":[{"href":"http:\/\/songkol.com\/WordPress3\/wp-json\/wp\/v2\/pages\/6224"}],"collection":[{"href":"http:\/\/songkol.com\/WordPress3\/wp-json\/wp\/v2\/pages"}],"about":[{"href":"http:\/\/songkol.com\/WordPress3\/wp-json\/wp\/v2\/types\/page"}],"author":[{"embeddable":true,"href":"http:\/\/songkol.com\/WordPress3\/wp-json\/wp\/v2\/users\/2"}],"replies":[{"embeddable":true,"href":"http:\/\/songkol.com\/WordPress3\/wp-json\/wp\/v2\/comments?post=6224"}],"version-history":[{"count":11,"href":"http:\/\/songkol.com\/WordPress3\/wp-json\/wp\/v2\/pages\/6224\/revisions"}],"predecessor-version":[{"id":6939,"href":"http:\/\/songkol.com\/WordPress3\/wp-json\/wp\/v2\/pages\/6224\/revisions\/6939"}],"up":[{"embeddable":true,"href":"http:\/\/songkol.com\/WordPress3\/wp-json\/wp\/v2\/pages\/61"}],"wp:attachment":[{"href":"http:\/\/songkol.com\/WordPress3\/wp-json\/wp\/v2\/media?parent=6224"}],"curies":[{"name":"wp","href":"https:\/\/api.w.org\/{rel}","templated":true}]}}