{"id":6217,"date":"2016-01-25T22:11:54","date_gmt":"2016-01-25T21:11:54","guid":{"rendered":"http:\/\/songkol.com\/WordPress3\/?page_id=6217"},"modified":"2016-02-11T15:16:59","modified_gmt":"2016-02-11T14:16:59","slug":"choisir-un-ordinateur-de-voyage","status":"publish","type":"page","link":"http:\/\/songkol.com\/WordPress3\/preparatifs\/choisir-un-ordinateur-de-voyage\/","title":{"rendered":"Choisir un ordinateur de voyage"},"content":{"rendered":"<p>Aujourd\u2019hui, voyager avec un ordinateur n\u2019est pas un luxe. Taille, autonomie et poids sont les ennemis du voyageur. Nous sommes parti avec deux MacBookPro 13 pouces et deux tablettes Nexus 7 qui ont tenu les 20 mois de voyages. L\u2019id\u00e9e est de vous aider \u00e0 choisir un ordinateur portable correspondant \u00e0 vos besoins et non de dresser une liste de mod\u00e8les qui sera aussit\u00f4t obsol\u00e8te. Quels sont donc les crit\u00e8res qui devraient guider votre choix ?<\/p>\n<h3><span id=\"Petite_taille\">Petite taille<\/span><\/h3><div id=\"toc_container\" class=\"toc_wrap_right no_bullets\"><p class=\"toc_title\">Sommaire<\/p><ul class=\"toc_list\"><li><a href=\"#Petite_taille\"><span class=\"toc_number toc_depth_1\">1<\/span> Petite taille<\/a><\/li><li><a href=\"#Ecran_15_pouces_max\"><span class=\"toc_number toc_depth_1\">2<\/span> Ecran 15 pouces max<\/a><\/li><li><a href=\"#Disque_dur_SSD\"><span class=\"toc_number toc_depth_1\">3<\/span> Disque dur SSD<\/a><\/li><li><a href=\"#Adaptateur_12v\"><span class=\"toc_number toc_depth_1\">4<\/span> Adaptateur 12v<\/a><\/li><li><a href=\"#Processeur\"><span class=\"toc_number toc_depth_1\">5<\/span> Processeur<\/a><\/li><li><a href=\"#Memoire\"><span class=\"toc_number toc_depth_1\">6<\/span> M\u00e9moire<\/a><\/li><li><a href=\"#Vie_de_la_batterie\"><span class=\"toc_number toc_depth_1\">7<\/span> Vie de la batterie<\/a><\/li><li><a href=\"#Netbooks_et_tablettes\"><span class=\"toc_number toc_depth_1\">8<\/span> Netbooks et tablettes<\/a><\/li><li><a href=\"#Mac_ou_PC\"><span class=\"toc_number toc_depth_1\">9<\/span> Mac ou PC ?<\/a><\/li><\/ul><\/div>\n\n<p>Plus il est petit plus il est\u00a0portable, durables et a\u00a0g\u00e9n\u00e9ralement une batterie de plus longue dur\u00e9e.<\/p>\n<h3><span id=\"Ecran_15_pouces_max\">Ecran 15 pouces max<\/span><\/h3>\n<p>Choisissez un \u00e9cran de 15 pouces si vous avez besoin de travailler des photos ou de la video, \u00e9crire, passer des appels, faire des recherches sur internet ou encore travailler \u00e0 distance. 13 pouces serait plus r\u00e9aliste pour les email, mettre \u00e0 jour votre blog et surfer sur le web. Les portables de plus de 15 pouces ont une dur\u00e9e de vie de batterie m\u00e9diocre et p\u00e8sent lourd.<\/p>\n<h3><span id=\"Disque_dur_SSD\">Disque dur SSD<\/span><\/h3>\n<p>Privil\u00e9giez le disque dur SSD. Ils sont plus rapides et moins fragiles aux secousses et chutes que les disques durs m\u00e9caniques. Ils donnent un coup de fouet \u00e0 un ancien ordinateur et \u00e9quipent la grande majorit\u00e9 des ordinateurs neufs. L\u2019astuce est de remplacer votre ancien disque dur par un SSD et de r\u00e9cup\u00e9rer le premier pour le mettre \u00e0 la place du lecteur DVD pour stocker des fichiers. Pour donner un ordre de prix, comptez le gigaoctet des SSD de 240 Go \u00e0 1 To entre 30 et 37 centimes d&rsquo;euros.<\/p>\n<h3><span id=\"Adaptateur_12v\">Adaptateur 12v<\/span><\/h3>\n<p>Assurez-vous de pouvoir alimenter votre ordinateur \u00e0 l\u2019aide d\u2019un transformateur \u00e0 brancher sur la prise 12v de votre v\u00e9hicule. Vous \u00e9conomiserez de l\u2019\u00e9nergie en vous passant du convertisseur 220v qui consomme beaucoup. Pour nos MacBookPro 13 pouces nous avions un <a href=\"http:\/\/www.amazon.fr\/Original-Lavolta\u00ae-Magn\u00e9tique-adaptateur-Allume-Cigare\/dp\/B0042L04P4\" target=\"_blank\">chargeur de voiture 12v 60W Original Lavolta<\/a>.<\/p>\n<h3><span id=\"Processeur\">Processeur<\/span><\/h3>\n<p>Rassurez-vous,\u00a0que vous choisissiez le haut ou le bas de gamme, vous serez tr\u00e8s bien. Sauf si vous avez des gros besoins en vid\u00e9o ou en 3D, le processeur ne sera jamais le maillon faible.<\/p>\n<h3><span id=\"Memoire\">M\u00e9moire<\/span><\/h3>\n<p>Vous n\u2019avez probablement pas besoin de plus de 4 Go. Une mise \u00e0 niveau n\u2019est pas cher mais vous ne sentirez pas la diff\u00e9rence.<\/p>\n<h3><span id=\"Vie_de_la_batterie\">Vie de la batterie<\/span><\/h3>\n<p>Ne croyez pas les informations donn\u00e9es par le constructeur. Gardez \u00e0 l&rsquo;esprit que tous les extras comme un processeur plus rapide, un disque dur suppl\u00e9mentaire ne feront que r\u00e9duire la vie de la batterie.<\/p>\n<h3><span id=\"Netbooks_et_tablettes\">Netbooks et tablettes<\/span><\/h3>\n<p>Au fil des ann\u00e9es, ils sont devenus des options utilis\u00e9es par les voyageurs. Ils sont parfaits pour surfer, envoyer des courriels, \u00e9crire. Ils ont une plus grande vari\u00e9t\u00e9 de tailles et de configurations. La batterie peut tenir jusqu\u2019\u00e0 12h. En contrepartie, le clavier des netbooks est \u00e9troit et le trackpad minuscule.<br \/>\n&gt; <a href=\"http:\/\/www.lesnumeriques.com\/ordinateur-portable\/guide-achat-meilleurs-netbooks-ultraportables-a1226.html\" target=\"_blank\">Guide d\u2019achat netbook<\/a><br \/>\n&gt; <a href=\"http:\/\/www.lesnumeriques.com\/tablette-tactile\/guide-achat-meilleures-tablettes-tactiles-a1224.html\" target=\"_blank\">Guide d\u2019achat tablettes<\/a><\/p>\n<h3><span id=\"Mac_ou_PC\">Mac ou PC ?<\/span><\/h3>\n<p>Je n\u2019ai jamais eu que des Mac mais il me semble qu\u2019en termes de qualit\u00e9 de construction et de conception, il est difficile de trouver quelque chose qui se compare aux MacBook Pro. Ils sont bien adapt\u00e9s au voyage, en particulier le 13 pouces. A sp\u00e9cifications \u00e9gales, un PC coutera quelques centaines d\u2019euros en moins mais vous payez pour une bonne conception.<\/p>\n","protected":false},"excerpt":{"rendered":"<p>Aujourd\u2019hui, voyager avec un ordinateur n\u2019est pas un luxe. Taille, autonomie et poids sont les ennemis du voyageur. Nous sommes parti avec deux MacBookPro 13 pouces et deux tablettes Nexus 7 qui ont tenu les 20 mois de voyages. L\u2019id\u00e9e est de vous aider \u00e0 choisir un ordinateur portable correspondant \u00e0 vos besoins et non [&hellip;]<\/p>\n","protected":false},"author":2,"featured_media":0,"parent":61,"menu_order":11,"comment_status":"closed","ping_status":"closed","template":"","meta":{"spay_email":""},"jetpack_sharing_enabled":true,"jetpack_shortlink":"https:\/\/wp.me\/P4uy6M-1Ch","jetpack_likes_enabled":true,"_links":{"self":[{"href":"http:\/\/songkol.com\/WordPress3\/wp-json\/wp\/v2\/pages\/6217"}],"collection":[{"href":"http:\/\/songkol.com\/WordPress3\/wp-json\/wp\/v2\/pages"}],"about":[{"href":"http:\/\/songkol.com\/WordPress3\/wp-json\/wp\/v2\/types\/page"}],"author":[{"embeddable":true,"href":"http:\/\/songkol.com\/WordPress3\/wp-json\/wp\/v2\/users\/2"}],"replies":[{"embeddable":true,"href":"http:\/\/songkol.com\/WordPress3\/wp-json\/wp\/v2\/comments?post=6217"}],"version-history":[{"count":7,"href":"http:\/\/songkol.com\/WordPress3\/wp-json\/wp\/v2\/pages\/6217\/revisions"}],"predecessor-version":[{"id":6411,"href":"http:\/\/songkol.com\/WordPress3\/wp-json\/wp\/v2\/pages\/6217\/revisions\/6411"}],"up":[{"embeddable":true,"href":"http:\/\/songkol.com\/WordPress3\/wp-json\/wp\/v2\/pages\/61"}],"wp:attachment":[{"href":"http:\/\/songkol.com\/WordPress3\/wp-json\/wp\/v2\/media?parent=6217"}],"curies":[{"name":"wp","href":"https:\/\/api.w.org\/{rel}","templated":true}]}}