{"id":6157,"date":"2016-01-23T23:26:14","date_gmt":"2016-01-23T22:26:14","guid":{"rendered":"http:\/\/songkol.com\/WordPress3\/?page_id=6157"},"modified":"2016-12-09T18:20:39","modified_gmt":"2016-12-09T17:20:39","slug":"banque","status":"publish","type":"page","link":"http:\/\/songkol.com\/WordPress3\/preparatifs\/banque\/","title":{"rendered":"Banque en voyage"},"content":{"rendered":"<p>Quand on parle banque on pense tout de suite aux frais bancaires. Ces derniers peuvent \u00eatre importants mais que regroupent-ils ? Les frais de retrait en liquide, les frais de paiement par carte bancaire, le co\u00fbt d&rsquo;abonnement pour la carte bancaire, les frais annuels de tenue de compte, l&rsquo;assurance perte ou vol des moyens de paiement. Pour des infos plus d\u00e9taill\u00e9es \u00e0 ce sujet, faites un tour par ce bon travail de\u00a0<a href=\"http:\/\/www.tourdumondiste.com\/argent-carte-visa-master-card-tour-du-monde\" target=\"_blank\">comparaison des frais bancaires<\/a>.<\/p>\n<h3><span id=\"Banques_en_ligne\">Banques en ligne<\/span><\/h3><div id=\"toc_container\" class=\"toc_wrap_right no_bullets\"><p class=\"toc_title\">Sommaire<\/p><ul class=\"toc_list\"><li><a href=\"#Banques_en_ligne\"><span class=\"toc_number toc_depth_1\">1<\/span> Banques en ligne<\/a><\/li><li><a href=\"#Cartes_de_retraitsVisa_et_Mastercard\"><span class=\"toc_number toc_depth_1\">2<\/span> Cartes de retraits\u00a0Visa et Mastercard<\/a><\/li><li><a href=\"#Retraits_gratuits_chez_HSBC\"><span class=\"toc_number toc_depth_1\">3<\/span> Retraits gratuits chez HSBC<\/a><\/li><li><a href=\"#Plafond_de_retrait_des_DAB\"><span class=\"toc_number toc_depth_1\">4<\/span> Plafond de retrait des DAB<\/a><\/li><li><a href=\"#Achats_par_internet_avec_validation_via_smartphone\"><span class=\"toc_number toc_depth_1\">5<\/span> Achats par internet avec validation via smartphone<\/a><\/li><li><a href=\"#Typex_sur_le_cryptogramme\"><span class=\"toc_number toc_depth_1\">6<\/span> Typex sur le cryptogramme<\/a><\/li><li><a href=\"#Cas_special_de_lArgentine_2013-2015\"><span class=\"toc_number toc_depth_1\">7<\/span> Cas sp\u00e9cial de l\u2019Argentine (2013-2015)<\/a><\/li><\/ul><\/div>\n\n<p>Jusqu&rsquo;en d\u00e9cembre 2016, la banque N26 se distinguait de la concurrence par la gratuit\u00e9 de son compte courant et\u00a0d&rsquo;une carte bancaire internationale Mastecard Standard. L\u2019offre n\u2019est malheureusement plus valable, et il faudra\u00a0d\u00e9sormais payer 2,99 euros par mois pour une Mastercard classique.\u00a0De plus, la banque ne propose plus le retrait d\u2019esp\u00e8ce gratuit \u00e0 l\u2019\u00e9tranger dans les monnaies\u00a0\u00e9trang\u00e8res. N26 applique maintenant une commission \u00e0 hauteur de 1,7% du montant retir\u00e9.\u00a0Les paiements \u00e0 l\u2019\u00e9tranger, en euro ou non, restent totalement gratuits.<br \/>\nAutres options :\u00a0Hellobank, Fortuneo et\u00a0Monabanq. \u00a0Plus d&rsquo;infos \u00e0 ce sujet : <a href=\"http:\/\/lesacados.com\/ne-plus-payer-de-frais-bancaires-en-voyage\" target=\"_blank\">article de sacados.com<\/a><\/p>\n<h3><span id=\"Cartes_de_retraitsVisa_et_Mastercard\">Cartes de retraits\u00a0Visa et Mastercard<\/span><\/h3>\n<div id=\"attachment_7044\" style=\"width: 310px\" class=\"wp-caption alignright\"><img aria-describedby=\"caption-attachment-7044\" data-attachment-id=\"7044\" data-permalink=\"http:\/\/songkol.com\/WordPress3\/preparatifs\/banque\/7639602656_b043c948c9_z\/\" data-orig-file=\"https:\/\/i0.wp.com\/songkol.com\/WordPress3\/wp-content\/uploads\/2016\/01\/7639602656_b043c948c9_z.jpg?fit=600%2C360\" data-orig-size=\"600,360\" data-comments-opened=\"1\" data-image-meta=\"{&quot;aperture&quot;:&quot;0&quot;,&quot;credit&quot;:&quot;&quot;,&quot;camera&quot;:&quot;&quot;,&quot;caption&quot;:&quot;&quot;,&quot;created_timestamp&quot;:&quot;0&quot;,&quot;copyright&quot;:&quot;&quot;,&quot;focal_length&quot;:&quot;0&quot;,&quot;iso&quot;:&quot;0&quot;,&quot;shutter_speed&quot;:&quot;0&quot;,&quot;title&quot;:&quot;&quot;,&quot;orientation&quot;:&quot;0&quot;}\" data-image-title=\"Change dans la rue\" data-image-description=\"\" data-image-caption=\"&lt;p&gt;Change dans la rue&lt;\/p&gt;\n\" data-medium-file=\"https:\/\/i0.wp.com\/songkol.com\/WordPress3\/wp-content\/uploads\/2016\/01\/7639602656_b043c948c9_z.jpg?fit=300%2C180\" data-large-file=\"https:\/\/i0.wp.com\/songkol.com\/WordPress3\/wp-content\/uploads\/2016\/01\/7639602656_b043c948c9_z.jpg?fit=600%2C360\" loading=\"lazy\" class=\"size-medium wp-image-7044\" src=\"https:\/\/i0.wp.com\/songkol.com\/WordPress3\/wp-content\/uploads\/2016\/01\/7639602656_b043c948c9_z.jpg?resize=300%2C180\" alt=\"Change dans la rue\" width=\"300\" height=\"180\" srcset=\"https:\/\/i0.wp.com\/songkol.com\/WordPress3\/wp-content\/uploads\/2016\/01\/7639602656_b043c948c9_z.jpg?resize=300%2C180 300w, https:\/\/i0.wp.com\/songkol.com\/WordPress3\/wp-content\/uploads\/2016\/01\/7639602656_b043c948c9_z.jpg?w=600 600w\" sizes=\"(max-width: 300px) 100vw, 300px\" data-recalc-dims=\"1\" \/><p id=\"caption-attachment-7044\" class=\"wp-caption-text\">Change dans la rue<\/p><\/div>\n<p>Etant chez HSBC, nous sommes partis avec une carte VISA Premier et une autre MASTERCARD Gold pour \u00eatre certain de pouvoir tirer de l\u2019argent dans tous les pays. Ca n&rsquo;a pas \u00e9t\u00e9 inutile ! HSBC est tr\u00e8s bien repr\u00e9sent\u00e9 en Argentine, Mexique et USA mais en revanche pas du tout au Chili. HSBC \u00e9tait pendant un temps plus pr\u00e9sent en AmSud mais son r\u00e9seau a \u00e9t\u00e9 rachet\u00e9 par d&rsquo;autres banques.<\/p>\n<h3><span id=\"Retraits_gratuits_chez_HSBC\">Retraits gratuits chez HSBC<\/span><\/h3>\n<p>Retraits gratuits \u00e0 condition que vous pr\u00e9leviez chez eux ou dans une banque partenaire du m\u00eame r\u00e9seau (Redbanc au Chili, Banelco en Argentine, Banred en Uruguay, Scotiabank au P\u00e9rou,\u2026)<\/p>\n<h3><span id=\"Plafond_de_retrait_des_DAB\">Plafond de retrait des DAB<\/span><\/h3>\n<p>Ce plafond sera toujours plus bas que le plafond de retrait de votre banque. N\u2019h\u00e9sitez pas \u00e0 tirer jusqu\u2019\u00e0 trois fois de suite sur le m\u00eame DAB.<\/p>\n<h3><span id=\"Achats_par_internet_avec_validation_via_smartphone\">Achats par internet avec validation via smartphone<\/span><\/h3>\n<p>Anticipez le fait\u00a0que certain achats par internet demandent une authentification via un code re\u00e7u sur\u00a0votre smartphone. Votre compte est rattach\u00e9 \u00e0 votre num\u00e9ro de la maison. La premi\u00e8re solution\u00a0serait\u00a0d&rsquo;acqu\u00e9rir\u00a0un t\u00e9l\u00e9phone double carte SIM (cf. notre page sur le <a href=\"http:\/\/songkol.com\/WordPress3\/preparatifs\/internet-en-voyage\/\">T\u00e9l\u00e9phone en voyage<\/a>) avec un petit forfait (FREE \u00e0 2\u20ac\/mois) pour garder votre ligne \u00ab\u00a0maison\u00a0\u00bb active.\u00a0L&rsquo;id\u00e9al serait de se d\u00e9barrasser de ce syst\u00e8me mais nous n&rsquo;avons pas pu le faire avec HSBC. Nous avons aussi d\u00fb nous promener avec la petite calculette qui fournit le code de v\u00e9rification pour acc\u00e9der \u00e0 notre compte via internet. Il y a des boulets que l&rsquo;on a du mal \u00e0 quitter\u2026 mais c&rsquo;est aussi un gage de s\u00e9curit\u00e9.<\/p>\n<h3><span id=\"Typex_sur_le_cryptogramme\">Typex sur le cryptogramme<\/span><\/h3>\n<p>Passer du typex (blanco) sur le cryptogramme \u00e0 trois chiffre au dos de votre CB pour emp\u00eacher\u00a0un piratage de votre carte.<\/p>\n<h3><span id=\"Cas_special_de_lArgentine_2013-2015\">Cas sp\u00e9cial de l\u2019Argentine (2013-2015)<\/span><\/h3>\n<p>Vu la valeur du dollar\/euro au march\u00e9 noir, mieux vaut ne pas utiliser la carte bancaire et tout payer en esp\u00e8ce apr\u00e8s avoir chang\u00e9 dans la rue (calle Florida \u00e0 Buenos Aire par exemple). Pr\u00e9voyez donc du cash pour la dur\u00e9e de tout votre s\u00e9jour en Argentine. L\u2019une des options s\u2019il vous en manque est de faire un aller-retour en Buquebus (ferry) Buenos Aires &#8211; Colonia en Uruguay, pays o\u00f9 il est possible de retirer des dollars aux DAB. Vous aurez vite rentabilis\u00e9 votre voyage.<\/p>\n<p><em>\u00a0Page mise \u00e0 jour.\u00a0<span class=\"last-modified-timestamp\">Sep 22, 2016<\/span><\/em><\/p>\n","protected":false},"excerpt":{"rendered":"<p>Quand on parle banque on pense tout de suite aux frais bancaires. Ces derniers peuvent \u00eatre importants mais que regroupent-ils ? Les frais de retrait en liquide, les frais de paiement par carte bancaire, le co\u00fbt d&rsquo;abonnement pour la carte bancaire, les frais annuels de tenue de compte, l&rsquo;assurance perte ou vol des moyens de [&hellip;]<\/p>\n","protected":false},"author":2,"featured_media":0,"parent":61,"menu_order":13,"comment_status":"closed","ping_status":"open","template":"","meta":{"spay_email":""},"jetpack_sharing_enabled":true,"jetpack_shortlink":"https:\/\/wp.me\/P4uy6M-1Bj","jetpack_likes_enabled":true,"_links":{"self":[{"href":"http:\/\/songkol.com\/WordPress3\/wp-json\/wp\/v2\/pages\/6157"}],"collection":[{"href":"http:\/\/songkol.com\/WordPress3\/wp-json\/wp\/v2\/pages"}],"about":[{"href":"http:\/\/songkol.com\/WordPress3\/wp-json\/wp\/v2\/types\/page"}],"author":[{"embeddable":true,"href":"http:\/\/songkol.com\/WordPress3\/wp-json\/wp\/v2\/users\/2"}],"replies":[{"embeddable":true,"href":"http:\/\/songkol.com\/WordPress3\/wp-json\/wp\/v2\/comments?post=6157"}],"version-history":[{"count":18,"href":"http:\/\/songkol.com\/WordPress3\/wp-json\/wp\/v2\/pages\/6157\/revisions"}],"predecessor-version":[{"id":7130,"href":"http:\/\/songkol.com\/WordPress3\/wp-json\/wp\/v2\/pages\/6157\/revisions\/7130"}],"up":[{"embeddable":true,"href":"http:\/\/songkol.com\/WordPress3\/wp-json\/wp\/v2\/pages\/61"}],"wp:attachment":[{"href":"http:\/\/songkol.com\/WordPress3\/wp-json\/wp\/v2\/media?parent=6157"}],"curies":[{"name":"wp","href":"https:\/\/api.w.org\/{rel}","templated":true}]}}