{"id":6043,"date":"2016-01-05T12:55:05","date_gmt":"2016-01-05T11:55:05","guid":{"rendered":"http:\/\/songkol.com\/WordPress3\/?page_id=6043"},"modified":"2017-06-12T10:31:35","modified_gmt":"2017-06-12T08:31:35","slug":"internet-en-voyage","status":"publish","type":"page","link":"http:\/\/songkol.com\/WordPress3\/preparatifs\/internet-en-voyage\/","title":{"rendered":"Internet et t\u00e9l\u00e9phone en voyage"},"content":{"rendered":"<p>Pour le choix du t\u00e9l\u00e9phone, v\u00e9rifiez qu\u2019il est d\u00e9bloqu\u00e9 (tous op\u00e9rateurs) et compatible avec les fr\u00e9quences GSM des pays travers\u00e9s. La solution est d\u2019emporter un t\u00e9l\u00e9phone quadri-bandes compatibles avec toutes les fr\u00e9quences.<\/p>\n<h3><span id=\"Appels_et_Wifi_via_une_carte_SIM_locale\">Appels et Wifi via une carte SIM locale<\/span><\/h3><div id=\"toc_container\" class=\"toc_wrap_right no_bullets\"><p class=\"toc_title\">Sommaire<\/p><ul class=\"toc_list\"><li><a href=\"#Appels_et_Wifi_via_une_carte_SIM_locale\"><span class=\"toc_number toc_depth_1\">1<\/span> Appels et Wifi via une carte SIM locale<\/a><\/li><li><a href=\"#Partage_de_connexion\"><span class=\"toc_number toc_depth_1\">2<\/span> Partage de connexion<\/a><\/li><li><a href=\"#Un_telephone_deux_numeros_le_mobile_double_SIM\"><span class=\"toc_number toc_depth_1\">3<\/span> Un t\u00e9l\u00e9phone, deux num\u00e9ros =\u00a0le mobile double SIM !<\/a><\/li><li><a href=\"#Achats_par_internet_avec_validation_via_smartphone\"><span class=\"toc_number toc_depth_1\">4<\/span> Achats par internet avec validation via smartphone<\/a><\/li><li><a href=\"#Antenne_amplificatrice_wifi\"><span class=\"toc_number toc_depth_1\">5<\/span> Antenne amplificatrice wifi<\/a><\/li><li><a href=\"#Telephone_satellite\"><span class=\"toc_number toc_depth_1\">6<\/span> T\u00e9l\u00e9phone satellite<\/a><\/li><\/ul><\/div>\n\n<div id=\"attachment_6732\" style=\"width: 160px\" class=\"wp-caption alignright\"><img aria-describedby=\"caption-attachment-6732\" data-attachment-id=\"6732\" data-permalink=\"http:\/\/songkol.com\/WordPress3\/preparatifs\/internet-en-voyage\/huawei-honor-5x_af5babb5058fa377_450x400\/\" data-orig-file=\"https:\/\/i0.wp.com\/songkol.com\/WordPress3\/wp-content\/uploads\/2016\/01\/huawei-honor-5x_af5babb5058fa377_450x400.jpg?fit=450%2C400\" data-orig-size=\"450,400\" data-comments-opened=\"1\" data-image-meta=\"{&quot;aperture&quot;:&quot;0&quot;,&quot;credit&quot;:&quot;&quot;,&quot;camera&quot;:&quot;&quot;,&quot;caption&quot;:&quot;&quot;,&quot;created_timestamp&quot;:&quot;0&quot;,&quot;copyright&quot;:&quot;&quot;,&quot;focal_length&quot;:&quot;0&quot;,&quot;iso&quot;:&quot;0&quot;,&quot;shutter_speed&quot;:&quot;0&quot;,&quot;title&quot;:&quot;&quot;,&quot;orientation&quot;:&quot;0&quot;}\" data-image-title=\"Le Honor 5X permet \u00e0 230\u20ac de profiter \u00e0 la fois de la fonction double SIM et d&amp;rsquo;\u00e9tendre la m\u00e9moire de l&amp;rsquo;appareil\" data-image-description=\"\" data-image-caption=\"&lt;p&gt;Le Honor 5X permet \u00e0 230\u20ac de profiter \u00e0 la fois de la fonction double SIM et d&amp;rsquo;\u00e9tendre la m\u00e9moire de l&amp;rsquo;appareil&lt;\/p&gt;\n\" data-medium-file=\"https:\/\/i0.wp.com\/songkol.com\/WordPress3\/wp-content\/uploads\/2016\/01\/huawei-honor-5x_af5babb5058fa377_450x400.jpg?fit=300%2C267\" data-large-file=\"https:\/\/i0.wp.com\/songkol.com\/WordPress3\/wp-content\/uploads\/2016\/01\/huawei-honor-5x_af5babb5058fa377_450x400.jpg?fit=450%2C400\" loading=\"lazy\" class=\"wp-image-6732 size-thumbnail\" src=\"https:\/\/i0.wp.com\/songkol.com\/WordPress3\/wp-content\/uploads\/2016\/01\/huawei-honor-5x_af5babb5058fa377_450x400.jpg?resize=150%2C150\" alt=\"Huawei Honor 5X Dual SIM \u00e0 230\u20ac\" width=\"150\" height=\"150\" srcset=\"https:\/\/i0.wp.com\/songkol.com\/WordPress3\/wp-content\/uploads\/2016\/01\/huawei-honor-5x_af5babb5058fa377_450x400.jpg?resize=150%2C150 150w, https:\/\/i0.wp.com\/songkol.com\/WordPress3\/wp-content\/uploads\/2016\/01\/huawei-honor-5x_af5babb5058fa377_450x400.jpg?zoom=2&amp;resize=150%2C150 300w, https:\/\/i0.wp.com\/songkol.com\/WordPress3\/wp-content\/uploads\/2016\/01\/huawei-honor-5x_af5babb5058fa377_450x400.jpg?zoom=3&amp;resize=150%2C150 450w\" sizes=\"(max-width: 150px) 100vw, 150px\" data-recalc-dims=\"1\" \/><p id=\"caption-attachment-6732\" class=\"wp-caption-text\">Huawei Honor 5X Dual SIM \u00e0 230\u20ac<\/p><\/div>\n<p>Pour les appels, la solution la plus \u00e9conomique est de passer par\u00a0une application du type Skype, Viber, Hangout,\u2026 Pour se connecter \u00e0 internet, plut\u00f4t que de courir apr\u00e8s les hotspots wifi ouverts qui ont souvent des d\u00e9bits assez lents parce que tout le quartier est branch\u00e9 dessus, nous recommandons l\u2019achat de <span style=\"color: #993300;\">cartes SIM<\/span> dans chaque pays travers\u00e9s<span style=\"color: #993300;\">. <\/span>Privil\u00e9giez\u00a0un abonnement \u00e0 dominante <span style=\"color: #993300;\">data<\/span> plut\u00f4t que voix. Rassurez-vous, les r\u00e9seaux 3G\/4G sont plut\u00f4t bons, m\u00eame en Bolivie. Faites vous param\u00e9trer votre t\u00e9l\u00e9phone par le vendeur de carte SIM\u00a0et ne repartez pas sans que cela fonctionne (faites des tests !). Au m\u00eame moment, faites vous aussi expliquer la proc\u00e9dure pour recharger votre compte (suite de menus pas toujours simple \u00e0 comprendre, d&rsquo;autant plus que c&rsquo;est dans un jargon \u00e0 la fois technique et en espagnol\u2026).<\/p>\n<h3><span id=\"Partage_de_connexion\">Partage de connexion<\/span><\/h3>\n<p>Choisissez un smartphone dot\u00e9 de la fonction \u00ab Partage de connexion \u00bb, aussi appel\u00e9\u00a0\u00ab\u00a0tethering\u00a0\u00bb. Le partage de connexion vous permet d&rsquo;utiliser votre t\u00e9l\u00e9phone et sa connexion au r\u00e9seau Internet comme passerelle, afin d&rsquo;en donner l&rsquo;acc\u00e8s \u00e0 votre ordinateur, tablette ou autre smartphone. En d&rsquo;autres termes, vous pourrez surfer sur Internet depuis votre ordinateur\/tablette par l&rsquo;interm\u00e9diaire de votre t\u00e9l\u00e9phone, sous r\u00e9serve de couverture DATA (donn\u00e9es cellulaires).\u00a0<a href=\"http:\/\/www.lesnumeriques.com\/telephone-portable\/tutoriel-partager-connexion-3-4g-son-smartphone-avec-son-ordinateur-a1873.html\" target=\"_blank\" rel=\"noopener noreferrer\">Pour en savoir plus \u00e0 ce sujet, suivez ce tutoriel<\/a>.<\/p>\n<h3><span id=\"Un_telephone_deux_numeros_le_mobile_double_SIM\">Un t\u00e9l\u00e9phone, deux num\u00e9ros =\u00a0le mobile double SIM !<\/span><\/h3>\n<p>Il existe des mobiles avec double carte SIM qui permettent de combiner votre carte SIM fran\u00e7aise (Free propose un abonnement \u00e0 2\u20ac\/mois) avec une carte SIM locale. Deux lignes en un t\u00e9l\u00e9phone. Super pratique !<br \/>\nQuel mod\u00e8le choisir ? Je laisse les sites sp\u00e9cialis\u00e9s vous r\u00e9pondre :\u00a0<a href=\"http:\/\/www.lesnumeriques.com\/telephone-portable\/top-5-meilleurs-smartphones-double-sim-a2209.html\" target=\"_blank\" rel=\"noopener noreferrer\">Les Num\u00e9riques<\/a>\u00a0et\u00a0<a href=\"http:\/\/www.frandroid.com\/produits-android\/smartphone\/282245_guide-smartphone-double-sim-choisir\" target=\"_blank\" rel=\"noopener noreferrer\">FrAndroid<\/a>.<\/p>\n<h3><span id=\"Achats_par_internet_avec_validation_via_smartphone\">Achats par internet avec validation via smartphone<\/span><\/h3>\n<p>Anticipez le fait\u00a0que certain achats par internet demandent une authentification via un code re\u00e7u sur\u00a0votre smartphone. Votre compte est rattach\u00e9 \u00e0 votre num\u00e9ro de la maison. La premi\u00e8re solution\u00a0serait d&rsquo;acqu\u00e9rir\u00a0un t\u00e9l\u00e9phone double carte SIM (cf. plus bas) avec un petit forfait (FREE \u00e0 2\u20ac\/mois) pour garder votre ligne \u00ab\u00a0maison\u00a0\u00bb active. L&rsquo;id\u00e9al serait de se d\u00e9barrasser de ce syst\u00e8me mais nous n&rsquo;avons pas pu le faire avec HSBC. Nous avons aussi d\u00fb nous promener avec la petite calculette qui fournit le code de v\u00e9rification pour acc\u00e9der \u00e0 notre compte via internet. Il y a des boulets que l&rsquo;on a du mal \u00e0 quitter\u2026 mais c&rsquo;est aussi un gage de s\u00e9curit\u00e9.<\/p>\n<h3><span id=\"Antenne_amplificatrice_wifi\">Antenne amplificatrice wifi<\/span><\/h3>\n<p>Si vous pensez quand m\u00eame opter pour le wifi, voici une configuration qui permet de capter des r\u00e9seaux wifi \u00e0 plusieurs centaines de m\u00e8tres et de redistribuer le wifi dans le camping-car \u00e0 diff\u00e9rents appareils.<br \/>\n&#8211; antenne wifi <a href=\"http:\/\/www.wifi-highpower.com\/32-antenne-yagi-bazooka-19-dbi-75-cm.html\" target=\"_blank\" rel=\"noopener noreferrer\">Yagi \u00ab\u00a0Bazooka\u00a0\u00bb 19 dBi 75 cm<\/a><br \/>\n&#8211; carte Wifi <a href=\"http:\/\/www.wifi-highpower.com\/cartes-wifi-usb\/10-awus036h-carte-wifi-usb-alfa-network-1000-mw-et-antenne-5-dbi.html\" target=\"_blank\" rel=\"noopener noreferrer\">USB Awus036H Alfa Network 1000 mW<\/a><br \/>\n&#8211; routeur Wifi <a href=\"http:\/\/www.wifi-highpower.com\/routeurs-wifi\/21-r36-alfa-network-routeur-extender-wifi-3g.html\" target=\"_blank\" rel=\"noopener noreferrer\">R36 Alfa Network<\/a><\/p>\n<h3><span id=\"Telephone_satellite\">T\u00e9l\u00e9phone satellite<\/span><\/h3>\n<div id=\"attachment_6943\" style=\"width: 310px\" class=\"wp-caption alignright\"><img aria-describedby=\"caption-attachment-6943\" data-attachment-id=\"6943\" data-permalink=\"http:\/\/songkol.com\/WordPress3\/preparatifs\/internet-en-voyage\/location_tel_satellite_iridium_pwb\/\" data-orig-file=\"https:\/\/i0.wp.com\/songkol.com\/WordPress3\/wp-content\/uploads\/2016\/01\/location_tel_satellite_iridium_pwb.png?fit=300%2C300\" data-orig-size=\"300,300\" data-comments-opened=\"1\" data-image-meta=\"{&quot;aperture&quot;:&quot;0&quot;,&quot;credit&quot;:&quot;&quot;,&quot;camera&quot;:&quot;&quot;,&quot;caption&quot;:&quot;&quot;,&quot;created_timestamp&quot;:&quot;0&quot;,&quot;copyright&quot;:&quot;&quot;,&quot;focal_length&quot;:&quot;0&quot;,&quot;iso&quot;:&quot;0&quot;,&quot;shutter_speed&quot;:&quot;0&quot;,&quot;title&quot;:&quot;&quot;,&quot;orientation&quot;:&quot;0&quot;}\" data-image-title=\"T\u00e9l\u00e9phone Satellite Iridium\" data-image-description=\"\" data-image-caption=\"&lt;p&gt;T\u00e9l\u00e9phone Satellite Iridium&lt;\/p&gt;\n\" data-medium-file=\"https:\/\/i0.wp.com\/songkol.com\/WordPress3\/wp-content\/uploads\/2016\/01\/location_tel_satellite_iridium_pwb.png?fit=300%2C300\" data-large-file=\"https:\/\/i0.wp.com\/songkol.com\/WordPress3\/wp-content\/uploads\/2016\/01\/location_tel_satellite_iridium_pwb.png?fit=300%2C300\" loading=\"lazy\" class=\"size-full wp-image-6943\" src=\"https:\/\/i0.wp.com\/songkol.com\/WordPress3\/wp-content\/uploads\/2016\/01\/location_tel_satellite_iridium_pwb.png?resize=300%2C300\" alt=\"T\u00e9l\u00e9phone Satellite Iridium\" width=\"300\" height=\"300\" srcset=\"https:\/\/i0.wp.com\/songkol.com\/WordPress3\/wp-content\/uploads\/2016\/01\/location_tel_satellite_iridium_pwb.png?w=300 300w, https:\/\/i0.wp.com\/songkol.com\/WordPress3\/wp-content\/uploads\/2016\/01\/location_tel_satellite_iridium_pwb.png?resize=150%2C150 150w\" sizes=\"(max-width: 300px) 100vw, 300px\" data-recalc-dims=\"1\" \/><p id=\"caption-attachment-6943\" class=\"wp-caption-text\">T\u00e9l\u00e9phone Satellite Iridium<\/p><\/div>\n<p>Est-ce vraiment utile ? En fait tout d\u00e9pend de votre programme (isolement ponctuel ou prolong\u00e9) et de votre budget. Une simple <a href=\"http:\/\/songkol.com\/WordPress3\/preparatifs\/balise-spot\/\">balise de d\u00e9tresse<\/a> pourrait suffire. Si la solution t\u00e9l\u00e9phone vous semble indispensable, commencez par voir quel r\u00e9seau est disponible dans la zone o\u00f9 vous voyagerez :\u00a0<a href=\"http:\/\/www.cnav.com\/GeoSatelliteCalculator\" target=\"_blank\" rel=\"noopener noreferrer\">http:\/\/www.cnav.com\/GeoSatelliteCalculator<\/a>.\u00a0Je n&rsquo;en dirais pas plus sur le sujet car je n&rsquo;ai aucune exp\u00e9rience dans le domaine mais sachez que\u00a0le r\u00e9seau de communication par satellite le plus r\u00e9pandu est\u00a0Inmarsat (INternational MAritime SATellite) avec des \u00a0satellites\u00a0<a title=\"Orbite g\u00e9ostationnaire\" href=\"https:\/\/fr.wikipedia.org\/wiki\/Orbite_g%C3%A9ostationnaire\">g\u00e9ostationnaires<\/a>.<\/p>\n","protected":false},"excerpt":{"rendered":"<p>Pour le choix du t\u00e9l\u00e9phone, v\u00e9rifiez qu\u2019il est d\u00e9bloqu\u00e9 (tous op\u00e9rateurs) et compatible avec les fr\u00e9quences GSM des pays travers\u00e9s. La solution est d\u2019emporter un t\u00e9l\u00e9phone quadri-bandes compatibles avec toutes les fr\u00e9quences. Appels et Wifi via une carte SIM localeSommaire1 Appels et Wifi via une carte SIM locale2 Partage de connexion3 Un t\u00e9l\u00e9phone, deux num\u00e9ros [&hellip;]<\/p>\n","protected":false},"author":2,"featured_media":0,"parent":61,"menu_order":5,"comment_status":"closed","ping_status":"closed","template":"","meta":{"spay_email":""},"jetpack_sharing_enabled":true,"jetpack_shortlink":"https:\/\/wp.me\/P4uy6M-1zt","jetpack_likes_enabled":true,"_links":{"self":[{"href":"http:\/\/songkol.com\/WordPress3\/wp-json\/wp\/v2\/pages\/6043"}],"collection":[{"href":"http:\/\/songkol.com\/WordPress3\/wp-json\/wp\/v2\/pages"}],"about":[{"href":"http:\/\/songkol.com\/WordPress3\/wp-json\/wp\/v2\/types\/page"}],"author":[{"embeddable":true,"href":"http:\/\/songkol.com\/WordPress3\/wp-json\/wp\/v2\/users\/2"}],"replies":[{"embeddable":true,"href":"http:\/\/songkol.com\/WordPress3\/wp-json\/wp\/v2\/comments?post=6043"}],"version-history":[{"count":35,"href":"http:\/\/songkol.com\/WordPress3\/wp-json\/wp\/v2\/pages\/6043\/revisions"}],"predecessor-version":[{"id":7214,"href":"http:\/\/songkol.com\/WordPress3\/wp-json\/wp\/v2\/pages\/6043\/revisions\/7214"}],"up":[{"embeddable":true,"href":"http:\/\/songkol.com\/WordPress3\/wp-json\/wp\/v2\/pages\/61"}],"wp:attachment":[{"href":"http:\/\/songkol.com\/WordPress3\/wp-json\/wp\/v2\/media?parent=6043"}],"curies":[{"name":"wp","href":"https:\/\/api.w.org\/{rel}","templated":true}]}}