{"id":5847,"date":"2015-11-26T10:46:59","date_gmt":"2015-11-26T09:46:59","guid":{"rendered":"http:\/\/songkol.com\/WordPress3\/?page_id=5847"},"modified":"2020-02-18T16:31:54","modified_gmt":"2020-02-18T15:31:54","slug":"sites-forums-utiles","status":"publish","type":"page","link":"http:\/\/songkol.com\/WordPress3\/preparatifs\/sites-forums-utiles\/","title":{"rendered":"Sites et forums utiles"},"content":{"rendered":"<h3><span id=\"Listes_de_diffusion\"><span style=\"color: #993300;\">Listes de diffusion<\/span><\/span><\/h3><div id=\"toc_container\" class=\"toc_wrap_right no_bullets\"><p class=\"toc_title\">Sommaire<\/p><ul class=\"toc_list\"><li><a href=\"#Listes_de_diffusion\"><span class=\"toc_number toc_depth_1\">1<\/span> Listes de diffusion<\/a><\/li><li><a href=\"#Forums_francophones\"><span class=\"toc_number toc_depth_1\">2<\/span> Forums francophones<\/a><\/li><li><a href=\"#Forums_anglophones\"><span class=\"toc_number toc_depth_1\">3<\/span> Forums anglophones<\/a><\/li><li><a href=\"#Sites_cartographiques_prix_des_carburants\"><span class=\"toc_number toc_depth_1\">4<\/span> Sites cartographiques, prix des carburants<\/a><\/li><li><a href=\"#Sitesde_voyageurs\"><span class=\"toc_number toc_depth_1\">5<\/span> \u00a0Sites\u00a0de voyageurs<\/a><\/li><li><a href=\"#Sites_divers\"><span class=\"toc_number toc_depth_1\">6<\/span> Sites divers<\/a><\/li><\/ul><\/div>\n\n<p>Ces listes de diffusion compl\u00e9mentaires\u00a0sont\u00a0destin\u00e9es aux francophones en pr\u00e9paration d&rsquo;un voyage, en voyage ou ayant \u00e9t\u00e9 en voyage avec leur v\u00e9hicule sur le continent am\u00e9ricain. Elles\u00a0permettent d&rsquo;\u00e9changer des informations sur les itin\u00e9raires, le choix et la pr\u00e9paration d&rsquo;un v\u00e9hicule, l&rsquo;\u00e9tat des routes, les bivouacs, les bonnes adresses, les formalit\u00e9s, les garages\u2026<br \/>\n&gt; Le Lien <strong>AmNordCentrale<\/strong> (Fr) : <a href=\"https:\/\/groups.google.com\/forum\/#!forum\/le-lien-amnordcentrale\" target=\"_blank\" rel=\"noopener noreferrer\">https:\/\/groups.google.com\/forum\/#!forum\/le-lien-amnordcentrale<\/a><br \/>\n&gt; Le Lien <strong>AmSud<\/strong> (Fr) :\u00a0<a href=\"https:\/\/fr.groups.yahoo.com\/neo\/groups\/lelien-amsud\/info\" target=\"_blank\" rel=\"noopener noreferrer\">https:\/\/fr.groups.yahoo.com\/neo\/groups\/lelien-amsud\/info<\/a><\/p>\n<h3><span id=\"Forums_francophones\"><span style=\"color: #993300;\">Forums francophones<\/span><\/span><\/h3>\n<p>Forum Voyageforum : <a href=\"http:\/\/voyageforum.com\/forum\/amerique-du-sud\/\" target=\"_blank\" rel=\"noopener noreferrer\">http:\/\/voyageforum.com\/forum\/amerique-du-sud\/<\/a><br \/>\nForum Casa Trotter (d\u00e9di\u00e9 aux v\u00e9hicules 4&#215;4) : <a href=\"http:\/\/www.casa-trotter.com\/phpBB3\/index.php\" target=\"_blank\" rel=\"noopener noreferrer\">http:\/\/www.casa-trotter.com\/phpBB3\/index.php<br \/>\n<\/a>Dossiers \u00ab\u00a0Faire un tour du monde\u00a0\u00bb : <a href=\"http:\/\/www.lonelyplanet.fr\/article\/comment-organiser-un-tour-du-monde\" target=\"_blank\" rel=\"noopener noreferrer\">www.lonelyplanet.fr<\/a>\u00a0et\u00a0<a href=\"http:\/\/www.routard.com\/guide_dossier\/id_dp\/30\/faire_le_tour_du_monde.htm\" target=\"_blank\" rel=\"noopener noreferrer\">www.routard.com<br \/>\n<\/a>Site sp\u00e9cifique aux tour-de mondistes :\u00a0<a href=\"http:\/\/www.tourdumondiste.com\/\">Tourdumondiste<\/a><\/p>\n<h3><span id=\"Forums_anglophones\"><span style=\"color: #993300;\">Forums anglophones<\/span><\/span><\/h3>\n<p>Facebook Panam Travelers : <a href=\"https:\/\/www.facebook.com\/groups\/panamtravelers\/\" target=\"_blank\" rel=\"noopener noreferrer\">https:\/\/www.facebook.com\/groups\/panamtravelers\/<br \/>\n<\/a>Le wiki du voyageur au long cours en v\u00e9hicule : <a href=\"http:\/\/wikioverland.org\/\" target=\"_blank\" rel=\"noopener noreferrer\">http:\/\/wikioverland.org\/<br \/>\n<\/a>Forum Panamericana :\u00a0<a href=\"http:\/\/panamericanaforum.org\" target=\"_blank\" rel=\"noopener noreferrer\">http:\/\/panamericanaforum.org<br \/>\n<\/a>Panamericana info :\u00a0<a href=\"http:\/\/panamericanainfo.com\/?lang=fr\" target=\"_blank\" rel=\"noopener noreferrer\">http:\/\/panamericanainfo.com\/?lang=fr<\/a><a href=\"http:\/\/panamericanaforum.org\" target=\"_blank\" rel=\"noopener noreferrer\"><br \/>\n<\/a>Site Drive the Americas : <a href=\"http:\/\/www.drivetheamericas.com\/forums\" target=\"_blank\" rel=\"noopener noreferrer\">http:\/\/www.drivetheamericas.com\/forums<br \/>\n<\/a>iOverlander\u00a0(site et application mobile) mis \u00e0 jour par des voyageurs, recense des points GPS de bivouac, camping, usines \u00e0 gaz, point eau,\u2026 :\u00a0<a href=\"http:\/\/ioverlander.com\" target=\"_blank\" rel=\"noopener noreferrer\">http:\/\/ioverlander.com<br \/>\n<\/a>Forum des voyageurs \u00e0 moto :\u00a0<a href=\"http:\/\/www.horizonsunlimited.com\" target=\"_blank\" rel=\"noopener noreferrer\">www.horizonsunlimited.com<\/a><\/p>\n<h3><span id=\"Sites_cartographiques_prix_des_carburants\"><span style=\"color: #993300;\">Sites cartographiques, prix des carburants<\/span><\/span><\/h3>\n<p>&gt;\u00a0<a href=\"http:\/\/www.openstreetmap.org\/\" target=\"_blank\" rel=\"noopener noreferrer\">Open Street Map<\/a>\u00a0: alternative incontournable au GoogleMap qui manque de d\u00e9tails<br \/>\n&gt;\u00a0<a href=\"https:\/\/www.routexl.fr\/\" target=\"_blank\" rel=\"noopener noreferrer\">RouteXL<\/a> : outil qui permet d\u2019indiquer ses \u00e9tapes puis calcul automatiquement l\u2019itin\u00e9raire le plus court, soit en boucle soit de A \u00e0 Z.<br \/>\n&gt;\u00a0<a href=\"http:\/\/fr.globalpetrolprices.com\/diesel_prices\/\" target=\"_blank\" rel=\"noopener noreferrer\">GlobalPetrolPrices<\/a>\u00a0:\u00a0<strong>prix du carburant<\/strong>\u00a0dans le monde :\u00a0<a href=\"http:\/\/fr.globalpetrolprices.com\/diesel_prices\/\" target=\"_blank\" rel=\"noopener noreferrer\">Diesel<\/a>\u00a0\u2013\u00a0<a href=\"http:\/\/fr.globalpetrolprices.com\/gasoline_prices\/\" target=\"_blank\" rel=\"noopener noreferrer\">Super<\/a><\/p>\n<h3><span id=\"Sitesde_voyageurs\">\u00a0<span style=\"color: #993300;\">Sites\u00a0de voyageurs<\/span><\/span><\/h3>\n<p>Pour plus d&rsquo;infos sur les v\u00e9hicules et les am\u00e9nagements possibles, rendez vous sur la page du blog\u00a0<a href=\"http:\/\/songkol.com\/WordPress3\/preparation\/amenageurs-de-4x4-fourgons\/\">Am\u00e9nageurs 4\u00d74\/fourgons<\/a><\/p>\n<p>Jocelyne et Renaud en Toyota LandCruiser hzj78\/9 + cellule <a href=\"http:\/\/psi-azalai.com\" target=\"_blank\" rel=\"noopener noreferrer\">Azalai<\/a> :\u00a0<a href=\"http:\/\/www.tripetnomade.ch\/\" target=\"_blank\" rel=\"noopener noreferrer\">www.tripetnomade.ch<\/a><br \/>\nLouis et Danielle en Renault B110 4&#215;4 + cellule <a href=\"http:\/\/www.clemensonamenagement.com\" target=\"_blank\" rel=\"noopener noreferrer\">Cl\u00e9menson<\/a> :\u00a0<a href=\"http:\/\/www.autempspournous.com\/bivouacs-et-campings-2\" target=\"_blank\" rel=\"noopener noreferrer\">www.autempspournous.com<\/a><br \/>\nFamille \u00ab\u00a0La vie\u00a0devant\u00a0\u00bb\u00a0en camping-car Iveco + cellule <a href=\"http:\/\/www.bimobil.com\/\" target=\"_blank\" rel=\"noopener noreferrer\">Bimobil<\/a> : <a href=\"http:\/\/laviedevant-leskilometresderriere.com\" target=\"_blank\" rel=\"noopener noreferrer\">laviedevant-leskilometresderriere.com<\/a><br \/>\nLaurent et Lise en LandCruiser HZJ 75 am\u00e9nag\u00e9 :\u00a0<a href=\"http:\/\/www.americarpediem.com\/\">www.americarpediem.com<\/a><br \/>\nClaude et Marie-Jo en 4&#215;4 Toyota Hilux + cellule <a href=\"http:\/\/www.globecamper.com\" target=\"_blank\" rel=\"noopener noreferrer\">Globe Camper<\/a> : <a href=\"http:\/\/lagrandemigration.blogspot.fr\" target=\"_blank\" rel=\"noopener noreferrer\">lagrandemigration.blogspot.fr<\/a><br \/>\nH\u00e9l\u00e8ne et Michel en fourgon VW T5 am\u00e9nag\u00e9 par <a href=\"http:\/\/www.stylevan.fr\" target=\"_blank\" rel=\"noopener noreferrer\">Stylvan<\/a> : <a href=\"http:\/\/www.boubouaventures.canalblog.com\/\" target=\"_blank\" rel=\"noopener noreferrer\">www.boubouaventures.canalblog.com<\/a><br \/>\nNathalie et Jean en camping-car Ford Transit : <a href=\"http:\/\/www.natetjean.com\/infospratiquespa\/index.html\" target=\"_blank\" rel=\"noopener noreferrer\">www.natetjean.com<\/a><br \/>\nClaude et Alain (Exploracy) en fourgon Fiat Ducato <a href=\"http:\/\/www.dangel.com\" target=\"_blank\" rel=\"noopener noreferrer\">4&#215;4 Dangel<\/a>\u00a0:\u00a0<a href=\"http:\/\/exploracy.fr\/index.htm\" target=\"_blank\" rel=\"noopener noreferrer\">exploracy.fr<\/a><br \/>\nFamille \u00ab\u00a0Ensemble Autrement\u00a0\u00bb en camping-car Laika :\u00a0<a href=\"http:\/\/www.ensemble-autrement-au-bout-du-monde.com\" target=\"_blank\" rel=\"noopener noreferrer\">www.ensemble-autrement-au-bout-du-monde.com<\/a><br \/>\nFamille Pezeron-Pralat en camping-car Iveco :\u00a0<a href=\"http:\/\/pezeron-pralas.blogspot.fr\/p\/nouveau-conseils-et-astuces-aux.html\" target=\"_blank\" rel=\"noopener noreferrer\">pezeron-pralas.blogspot.fr<\/a><br \/>\nFamille \u00ab\u00a0Caracol Home\u00a0\u00bb en camping-car Laika :\u00a0<a href=\"http:\/\/www.caracolhome.fr\/site\/infos\/126-art-infobivouac\" target=\"_blank\" rel=\"noopener noreferrer\">www.caracolhome.fr<\/a><br \/>\nFamille Geonautes en camping-car Ford Transit :\u00a0<a href=\"http:\/\/www.geonautesaunouveaumonde.eu\/INFOS_PRATIQUES.php\" target=\"_blank\" rel=\"noopener noreferrer\">geonautesaunouveaumonde.eu<\/a><br \/>\nLise et Herv\u00e9 en fourgon Citroen, naturalistes\u00a0en voyage : <a href=\"http:\/\/www.disfrutelanaturaleza.com\/le-coin-des\/voyageurs.html\" target=\"_blank\" rel=\"noopener noreferrer\">www.disfrutelanaturaleza.com<\/a><br \/>\nFamille Tortucar en camping-car Laika :\u00a0<a href=\"http:\/\/tortucar.canalblog.com\" target=\"_blank\" rel=\"noopener noreferrer\">tortucar.canalblog.com<br \/>\n<\/a>Famille &lsquo;Heureux qui comme Ulysse\u00a0\u00bb en camping-car : <a href=\"http:\/\/www.heureuxquicommeulysse.fr\/Infos_ARG.htm\" target=\"_blank\" rel=\"noopener noreferrer\">www.heureuxquicommeulysse.fr<\/a><\/p>\n<h3><span id=\"Sites_divers\"><span style=\"color: #993300;\">Sites divers<\/span><\/span><\/h3>\n<p>Lise et Herv\u00e9, deux naturalistes\u00a0en voyage en AmSud :\u00a0<a href=\"http:\/\/www.disfrutelanaturaleza.com\/le-coin-des\/voyageurs.html\" target=\"_blank\" rel=\"noopener noreferrer\">www.disfrutelanaturaleza.com<\/a><br \/>\nOiseaux d&rsquo;Argentine :\u00a0<a href=\"http:\/\/www.oiseaux-argentine.com\" target=\"_blank\" rel=\"noopener noreferrer\">www.oiseaux-argentine.com<br \/>\n<\/a>Les indiens de Patagonie et de Terre de Feu :\u00a0<a href=\"http:\/\/www.limbos.org\/sur\/elsur.htm\" target=\"_blank\" rel=\"noopener noreferrer\">www.limbos.org\/sur\/elsur.htm<br \/>\n<\/a>Les chasseurs-cueilleurs canoeros :\u00a0<a href=\"http:\/\/rue89.nouvelobs.com\/blog\/alma-latina\/2014\/10\/07\/patagonie-ils-retrouvent-les-traces-des-peuples-disparus-233597\" target=\"_blank\" rel=\"noopener noreferrer\">Patagonie\u00a0: les peuples \u00ab\u00a0disparus\u00a0\u00bb<\/a><\/p>\n<p><em>Derni\u00e8re modification :\u00a0<span class=\"last-modified-timestamp\">F\u00e9v 18, 2020 @ 16 h 31 min<\/span><\/em><\/p>\n","protected":false},"excerpt":{"rendered":"<p>Listes de diffusionSommaire1 Listes de diffusion2 Forums francophones3 Forums anglophones4 Sites cartographiques, prix des carburants5 \u00a0Sites\u00a0de voyageurs6 Sites divers Ces listes de diffusion compl\u00e9mentaires\u00a0sont\u00a0destin\u00e9es aux francophones en pr\u00e9paration d&rsquo;un voyage, en voyage ou ayant \u00e9t\u00e9 en voyage avec leur v\u00e9hicule sur le continent am\u00e9ricain. Elles\u00a0permettent d&rsquo;\u00e9changer des informations sur les itin\u00e9raires, le choix et la [&hellip;]<\/p>\n","protected":false},"author":2,"featured_media":0,"parent":61,"menu_order":5,"comment_status":"open","ping_status":"closed","template":"","meta":{"spay_email":""},"jetpack_sharing_enabled":true,"jetpack_shortlink":"https:\/\/wp.me\/P4uy6M-1wj","jetpack_likes_enabled":true,"_links":{"self":[{"href":"http:\/\/songkol.com\/WordPress3\/wp-json\/wp\/v2\/pages\/5847"}],"collection":[{"href":"http:\/\/songkol.com\/WordPress3\/wp-json\/wp\/v2\/pages"}],"about":[{"href":"http:\/\/songkol.com\/WordPress3\/wp-json\/wp\/v2\/types\/page"}],"author":[{"embeddable":true,"href":"http:\/\/songkol.com\/WordPress3\/wp-json\/wp\/v2\/users\/2"}],"replies":[{"embeddable":true,"href":"http:\/\/songkol.com\/WordPress3\/wp-json\/wp\/v2\/comments?post=5847"}],"version-history":[{"count":48,"href":"http:\/\/songkol.com\/WordPress3\/wp-json\/wp\/v2\/pages\/5847\/revisions"}],"predecessor-version":[{"id":7366,"href":"http:\/\/songkol.com\/WordPress3\/wp-json\/wp\/v2\/pages\/5847\/revisions\/7366"}],"up":[{"embeddable":true,"href":"http:\/\/songkol.com\/WordPress3\/wp-json\/wp\/v2\/pages\/61"}],"wp:attachment":[{"href":"http:\/\/songkol.com\/WordPress3\/wp-json\/wp\/v2\/media?parent=5847"}],"curies":[{"name":"wp","href":"https:\/\/api.w.org\/{rel}","templated":true}]}}