{"id":5839,"date":"2015-11-26T10:14:46","date_gmt":"2015-11-26T09:14:46","guid":{"rendered":"http:\/\/songkol.com\/WordPress3\/?page_id=5839"},"modified":"2016-09-22T15:42:19","modified_gmt":"2016-09-22T13:42:19","slug":"enfants","status":"publish","type":"page","link":"http:\/\/songkol.com\/WordPress3\/preparatifs\/enfants\/","title":{"rendered":"Voyager avec ses enfants"},"content":{"rendered":"<p>Aussi jeunes soient-ils, nous sommes partis en voyage pour ouvrir nos enfants au monde. Leur bien-\u00eatre \u00e9tait une priorit\u00e9. Voyager avec eux et les voir s\u2019\u00e9merveiller a \u00e9t\u00e9 magique. Aux parents voyageurs qui lisent ces lignes : oui les enfants sont tout \u00e0 fait capables de vivre ce type d\u2019aventure. Plus vous y prendrez du plaisir plus vos\u00a0enfants se sentiront en confiance.<\/p>\n<h3><span id=\"Dangers_a_voyager_avec_ses_enfants\">Dangers \u00e0 voyager avec ses enfants<\/span><\/h3><div id=\"toc_container\" class=\"toc_wrap_right no_bullets\"><p class=\"toc_title\">Sommaire<\/p><ul class=\"toc_list\"><li><a href=\"#Dangers_a_voyager_avec_ses_enfants\"><span class=\"toc_number toc_depth_1\">1<\/span> Dangers \u00e0 voyager avec ses enfants<\/a><\/li><li><a href=\"#Education_scolaire\"><span class=\"toc_number toc_depth_1\">2<\/span> Education scolaire<\/a><\/li><li><a href=\"#Les_preparatifs_et_litineraire_avec_des_enfants\"><span class=\"toc_number toc_depth_1\">3<\/span> Les pr\u00e9paratifs et l\u2019itin\u00e9raire avec des enfants<\/a><\/li><li><a href=\"#Nos_activites_privilegiees_avec_les_enfants\"><span class=\"toc_number toc_depth_1\">4<\/span> Nos activit\u00e9s privil\u00e9gi\u00e9es avec les enfants<\/a><\/li><li><a href=\"#Des_compromis_a_faire\"><span class=\"toc_number toc_depth_1\">5<\/span> Des compromis \u00e0 faire<\/a><\/li><li><a href=\"#Voyager_avec_vos_enfants_ouvre_plus_de_portes\"><span class=\"toc_number toc_depth_1\">6<\/span> Voyager avec vos enfants ouvre plus de portes<\/a><\/li><li><a href=\"#Developpement_de_lrsquoenfant_pendant_un_voyage_au_long_cours\"><span class=\"toc_number toc_depth_1\">7<\/span> D\u00e9veloppement de l&rsquo;enfant pendant un voyage au long cours<\/a><\/li><li><a href=\"#Divers\"><span class=\"toc_number toc_depth_1\">8<\/span> Divers<\/a><ul><li><a href=\"#Vetements_a_emporter\"><span class=\"toc_number toc_depth_2\">8.1<\/span> V\u00eatements \u00e0 emporter<\/a><\/li><li><a href=\"#Pour_Nils_13_mois_au_depart\"><span class=\"toc_number toc_depth_2\">8.2<\/span> Pour Nils (13 mois au d\u00e9part)<\/a><\/li><li><a href=\"#Camping\"><span class=\"toc_number toc_depth_2\">8.3<\/span> Camping<\/a><\/li><li><a href=\"#Lessives\"><span class=\"toc_number toc_depth_2\">8.4<\/span> Lessives<\/a><\/li><\/ul><\/li><\/ul><\/div>\n\n<p>Nous ne nous sommes jamais senti en danger. Ca peut paraitre inconscient mais il me semble que voyager avec ses enfants en Am\u00e9rique latine vous prot\u00e8ge des petits \u00ab\u00a0ennuis\u00a0\u00bb. Le plus difficile est de garder un oeil sur ses enfants tout en leur laissant un espace de libert\u00e9 suffisant pour qu\u2019ils fassent leurs propres exp\u00e9riences.<\/p>\n<h3><span id=\"Education_scolaire\">Education scolaire<\/span><\/h3>\n<div id=\"attachment_4898\" style=\"width: 310px\" class=\"wp-caption alignright\"><img aria-describedby=\"caption-attachment-4898\" data-attachment-id=\"4898\" data-permalink=\"http:\/\/songkol.com\/WordPress3\/preparatifs\/enfants\/montezuma-02\/\" data-orig-file=\"https:\/\/i0.wp.com\/songkol.com\/WordPress3\/wp-content\/uploads\/2015\/03\/MONTEZUMA-02.jpg?fit=1200%2C600\" data-orig-size=\"1200,600\" data-comments-opened=\"1\" data-image-meta=\"{&quot;aperture&quot;:&quot;7.1&quot;,&quot;credit&quot;:&quot;&quot;,&quot;camera&quot;:&quot;Canon EOS 5D&quot;,&quot;caption&quot;:&quot;&quot;,&quot;created_timestamp&quot;:&quot;1421400095&quot;,&quot;copyright&quot;:&quot;&quot;,&quot;focal_length&quot;:&quot;17&quot;,&quot;iso&quot;:&quot;250&quot;,&quot;shutter_speed&quot;:&quot;0.01&quot;,&quot;title&quot;:&quot;&quot;,&quot;orientation&quot;:&quot;1&quot;}\" data-image-title=\"MONTEZUMA-02\" data-image-description=\"\" data-image-caption=\"&lt;p&gt;MONTEZUMA \/ Anna \u00e9crit une phrase par jour et suit le programme de CP via un cahier conseill\u00e9 par sa maitresse&lt;\/p&gt;\n\" data-medium-file=\"https:\/\/i0.wp.com\/songkol.com\/WordPress3\/wp-content\/uploads\/2015\/03\/MONTEZUMA-02.jpg?fit=300%2C150\" data-large-file=\"https:\/\/i0.wp.com\/songkol.com\/WordPress3\/wp-content\/uploads\/2015\/03\/MONTEZUMA-02.jpg?fit=768%2C384\" loading=\"lazy\" class=\"wp-image-4898 size-medium\" src=\"https:\/\/i0.wp.com\/songkol.com\/WordPress3\/wp-content\/uploads\/2015\/03\/MONTEZUMA-02.jpg?resize=300%2C150\" alt=\"MONTEZUMA \/ Anna \u00e9crit une phrase par jour et suit le programme de CP via des cahiers conseill\u00e9s par sa maitresse\" width=\"300\" height=\"150\" srcset=\"https:\/\/i0.wp.com\/songkol.com\/WordPress3\/wp-content\/uploads\/2015\/03\/MONTEZUMA-02.jpg?resize=300%2C150 300w, https:\/\/i0.wp.com\/songkol.com\/WordPress3\/wp-content\/uploads\/2015\/03\/MONTEZUMA-02.jpg?resize=1024%2C512 1024w, https:\/\/i0.wp.com\/songkol.com\/WordPress3\/wp-content\/uploads\/2015\/03\/MONTEZUMA-02.jpg?w=1200 1200w\" sizes=\"(max-width: 300px) 100vw, 300px\" data-recalc-dims=\"1\" \/><p id=\"caption-attachment-4898\" class=\"wp-caption-text\">MONTEZUMA \/ Anna \u00e9crit une phrase par jour et suit le programme de CP via des livres conseill\u00e9s par sa maitresse<\/p><\/div>\n<p>La question ne s\u2019est pas pos\u00e9e pour Nils qui avait 1 an le jour du d\u00e9part. Pour Anna (4 ans) le d\u00e9fi \u00e9tait de lui apprendre \u00e0 lire, \u00e9crire et compter\u2026 Notre id\u00e9e \u00e9tait de profiter du voyage pour r\u00e9aliser un apprentissage un peu diff\u00e9rent : lire les panneaux sur la route, compter les tomates au march\u00e9, se rep\u00e9rer sur\u00a0une carte routi\u00e8re, dessiner dans le sable,\u2026 N\u2019\u00e9tant pas des enseignants, nous avons suivi des livres conseill\u00e9s par les maitresses de Grande section et du CP d\u2019Anna. Au d\u00e9but, nous faisions l\u2019\u00e9cole quand l\u2019occasion se pr\u00e9sentait puis nous avons compris qu\u2019il \u00e9tait important de garder un rythme r\u00e9gulier pour aider Anna \u00e0 se situer dans le temps. Nous avons donc instaur\u00e9 une heure d\u2019\u00e9cole tous les matins de la semaine et vacances les week-ends. Un calendrier fait maison \u00e0 mettre \u00e0 jour chaque matin et la \u00ab\u00a0phrase du jour\u00a0\u00bb ont aussi bien aid\u00e9 \u00e0 garder le rythme, autant pour les enfants que pour nous.<\/p>\n<blockquote><p><strong>Cours gratuits<\/strong><br \/>\nDepuis le retour, nous avons eu de bons \u00e9chos sur\u00a0<a href=\"http:\/\/www.academie-en-ligne.fr\" target=\"_blank\">www.academie-en-ligne.fr<\/a>\u00a0C&rsquo;est le\u00a0site de l\u2019Acad\u00e9mie en ligne (AEL) con\u00e7u par le CNED pour offrir des supports de cours gratuits correspondants aux programmes de l\u2019\u00e9cole, du coll\u00e8ge et du lyc\u00e9e, dans la plupart des disciplines d\u2019enseignement g\u00e9n\u00e9ral (fran\u00e7ais, l\u2019anglais, les math\u00e9matiques, l\u2019histoire-g\u00e9ographie, les sciences&#8230;).<\/p>\n<p><strong>CNED ou pas CNED ?<\/strong><br \/>\nNous n&rsquo;avons pas de conseils particuliers \u00e0 ce sujet parce que nous nos enfants \u00e9taient trop jeunes pour \u00eatre concern\u00e9s. En revanche, je vous renvois vers cette page d&rsquo;une famille partie avec des ados qui ont \u00e9cris un topo \u00e0 ce sujet :<br \/>\n<a href=\"http:\/\/tdm.les-ombres.net\/cid733\/cned-ou-pas-cned.html\" target=\"_blank\">Tour du monde Les Ombres<\/a><\/p><\/blockquote>\n<h3><span id=\"Les_preparatifs_et_litineraire_avec_des_enfants\">Les pr\u00e9paratifs et l\u2019itin\u00e9raire avec des enfants<\/span><\/h3>\n<p>Il faut avant tout s\u2019adapter \u00e0 leur rythme. C\u2019est un savant dosage entre les envies et les possibilit\u00e9s de chacun, enfants et parents. Cela n\u2019emp\u00eache pas de partir sur des randos de 2 ou 3 nuits sous tente mais les journ\u00e9es de marche seront bien plus courtes. A trop leur demander d\u2019effort, on prend le risque de les fatiguer et surtout de les d\u00e9gouter au point de devoir arr\u00eater le voyage.<br \/>\nPour l\u2019itin\u00e9raire, il n\u2019\u00e9tait pas vraiment fix\u00e9. Nous l\u2019avons improvis\u00e9 en fonction des possibilit\u00e9s du pays et des envies de chacun. En fonction des demandes d\u2019Anna nous pr\u00e9voyions des arr\u00eats dans des \u00ab\u00a0lieux de rencontre\u00a0\u00bb de voyageurs o\u00f9 nous avions de bonnes chances de trouver d\u2019autres familles. Et puis l\u2019une des bonnes surprises de ce voyage en Am\u00e9rique latine c\u2019est que tous ces pays sont tr\u00e8s famille : nous \u00e9tions toujours les bienvenus.<\/p>\n<h3><span id=\"Nos_activites_privilegiees_avec_les_enfants\">Nos activit\u00e9s privil\u00e9gi\u00e9es avec les enfants<\/span><\/h3>\n<p>Principalement, la d\u00e9couverte des animaux dans leur environnement naturel. C\u2019est passionnant ! Nils nous a souvent parl\u00e9 des singes qui avaient l\u2019habitude de passer au dessus de notre bivouac au Costa Rica, et Anna des b\u00e9b\u00e9s tortues sortant du sable. Le folklore des f\u00eates de village ont captiv\u00e9s les enfants (les costumes traditionnelles, les chants, les danses,\u2026). Les ph\u00e9nom\u00e8nes naturels \u00e9merveillent aussi les enfants : le vrombissement des geysers del Tatio (Chili), les craquements explosifs du glacier Perito Moreno,\u2026 Les paysages \u00ab\u00a0statiques\u00a0\u00bb ont moins de succ\u00e8s. Il faut que \u00e7a bouge ! \ud83d\ude42<\/p>\n<h3><span id=\"Des_compromis_a_faire\">Des compromis \u00e0 faire<\/span><\/h3>\n<p>Je (lionel) me suis d\u00e8s le d\u00e9but fait \u00e0 l\u2019id\u00e9e qu\u2019il fallait faire une croix sur mon mode de voyage en solo pour m\u2019adapter \u00e0 un voyage en famille. C\u2019\u00e9tait \u00e7a, ou ne pas voyager du tout. Je n\u2019ai jamais \u00e9t\u00e9 amen\u00e9 \u00e0 me dire \u00ab\u00a0je ne l\u2019ai pas fait \u00e0 cause des enfants\u00a0\u00bb. D\u2019un autre c\u00f4t\u00e9, je pense que les parents\u00a0se font de fausses id\u00e9es\u00a0sur ce qui pourrait \u00eatre faisable ou pas avec des enfants. Tout est une question de pr\u00e9paration et d\u2019adaptation. Il est possible de vivre des exp\u00e9riences un peu roots, m\u00eame en famille. Passer deux nuits sous tente dans les Torres del Paine ou une nuit au pied du Fitz Roy n\u2019ont rien d\u2019une folie.<\/p>\n<h3><span id=\"Voyager_avec_vos_enfants_ouvre_plus_de_portes\">Voyager avec vos enfants ouvre plus de portes<\/span><\/h3>\n<p>L\u2019Am\u00e9rique latine est un beau continent rien que pour cet accueil chaleureux qu\u2019il r\u00e9serve aux familles. Anna baragouinait l\u2019espagnol apr\u00e8s 6 mois de voyage. Avec Nils, qui \u00e9tait plut\u00f4t de bonne humeur, ils nous ont permit de rentrer en contact avec d\u2019autres familles que nous n\u2019aurions pas rencontr\u00e9es dans un voyage en couple. Voyager avec ses enfants facilite aussi la vie pour les passages de fronti\u00e8re.<\/p>\n<h3><span id=\"Developpement_de_lrsquoenfant_pendant_un_voyage_au_long_cours\">D\u00e9veloppement de l&rsquo;enfant pendant un voyage au long cours<\/span><\/h3>\n<p>En tant que parents, il n\u2019est pas \u00e9vident de comprendre ce que vivent nos enfants pendant un voyage au long cours.\u00a0A la question \u00ab\u00a0d\u2019o\u00f9 viens-tu ?\u00a0\u00bb, Anna (4 \u00e0 6 ans pendant le voyage) ne semblait pas perdue. Elle r\u00e9pondait par son pays de naissance, sa nationalit\u00e9. Si en deux ans elle a travers\u00e9 une douzaine de pays diff\u00e9rents, je ne crois pas non plus qu\u2019elle ait acquis une culture multi-facettes. Elle a plut\u00f4t d\u00fb y gagner en ouverture d\u2019esprit et curiosit\u00e9.\u00a0Pour approfondir le sujet, je vous reporte vers le livre \u00ab\u00a0Les enfants de la troisi\u00e8me culture\u00a0\u00bb dont l&rsquo;auteure <strong>C\u00e9cile Gylbert\u00a0<\/strong>est interview\u00e9e sur cette page de <a href=\"http:\/\/www.lepetitjournal.com\/expat\/famille\/195763-livre-les-enfants-de-la-troisieme-culture\" target=\"_blank\">lepetitjournal.com<\/a><br \/>\n<strong>Valeurs culturelles<\/strong><br \/>\nUn voyage au long cours \u00ab\u00a0r\u00e9ussi\u00a0\u00bb pourrait \u00eatre reconnu par la capacit\u00e9 \u00e0 mixer notre culture d\u2019origine avec la culture des pays travers\u00e9s. Nous avons tous d\u00fb r\u00e9am\u00e9nager nos codes culturels. Pour nous adultes, cela s\u2019est fait sur une base culturelle solide. Pour nos enfants cela s\u2019est certainement construit essentiellement \u00e0 partir de celle que nous leur transmettions mais aussi de celles des pays travers\u00e9s, \u00e0 travers les habitudes de vie, les codes culturels et de la curiosit\u00e9 culturelle.<br \/>\n<strong>Vivre au pr\u00e9sent<\/strong><br \/>\nNos enfants ont grandi pendant 2 ans au gr\u00e9 du voyage avec l\u2019exp\u00e9rience permanente du changement. Combien de temps va-t-on rester ? O\u00f9 va-t-on aller apr\u00e8s ? Inconsciemment, Anna se pr\u00e9parait au changement. Ca n\u2019a pas \u00e9t\u00e9 facile parfois. Nos changements g\u00e9ographiques et culturels ont forc\u00e9ment fa\u00e7onn\u00e9 leur personnalit\u00e9 de mani\u00e8re particuli\u00e8re.<br \/>\n<strong>Ouverture et curiosit\u00e9<\/strong><br \/>\nAnna (plus que Nils je pense) a construit son identit\u00e9 en fonction des multiples rencontres qu\u2019elle a v\u00e9cu au cours du voyage. Elle a appris l\u2019espagnol toute seule au bout de 6 mois de voyage. J\u2019imagine que ca laissera une empreinte chez elle : peut-\u00eatre est-elle plus curieuse et adaptable \u00e0 diff\u00e9rents environnements.<br \/>\n<strong>\u00catre \u00e0 l\u2019\u00e9coute\u2026<\/strong><br \/>\nNous avons autant que possible \u00e9t\u00e9 \u00e0 l\u2019\u00e9coute de nos enfants : questionnements, frustration, incompr\u00e9hensions, choc culturel, tristesse de la s\u00e9paration avec les amis\u00a0et la famille. C\u2019\u00e9tait une condition pour les aider \u00e0 garder confiance et \u00e0 grandir.<em><br \/>\n<\/em><\/p>\n<h3><span id=\"Divers\">Divers<\/span><\/h3>\n<h4><span id=\"Vetements_a_emporter\">V\u00eatements \u00e0 emporter<\/span><\/h4>\n<div id=\"attachment_5715\" style=\"width: 310px\" class=\"wp-caption alignright\"><img aria-describedby=\"caption-attachment-5715\" data-attachment-id=\"5715\" data-permalink=\"http:\/\/songkol.com\/WordPress3\/blog\/2015\/05\/09\/navajo-nation-window-rock-canyon-de-chelly-little-painted-desert\/painteddesert-12\/\" data-orig-file=\"https:\/\/i0.wp.com\/songkol.com\/WordPress3\/wp-content\/uploads\/2015\/08\/PAINTEDDESERT-12.jpg?fit=600%2C600\" data-orig-size=\"600,600\" data-comments-opened=\"1\" data-image-meta=\"{&quot;aperture&quot;:&quot;16&quot;,&quot;credit&quot;:&quot;&quot;,&quot;camera&quot;:&quot;Canon EOS 5D&quot;,&quot;caption&quot;:&quot;&quot;,&quot;created_timestamp&quot;:&quot;1431160123&quot;,&quot;copyright&quot;:&quot;&quot;,&quot;focal_length&quot;:&quot;17&quot;,&quot;iso&quot;:&quot;1600&quot;,&quot;shutter_speed&quot;:&quot;0.002&quot;,&quot;title&quot;:&quot;&quot;,&quot;orientation&quot;:&quot;1&quot;}\" data-image-title=\"PAINTEDDESERT-12\" data-image-description=\"\" data-image-caption=\"&lt;p&gt;FLAGSTAFF \/ Reveil sous 10 cm de neige !&lt;\/p&gt;\n\" data-medium-file=\"https:\/\/i0.wp.com\/songkol.com\/WordPress3\/wp-content\/uploads\/2015\/08\/PAINTEDDESERT-12.jpg?fit=300%2C300\" data-large-file=\"https:\/\/i0.wp.com\/songkol.com\/WordPress3\/wp-content\/uploads\/2015\/08\/PAINTEDDESERT-12.jpg?fit=600%2C600\" loading=\"lazy\" class=\"wp-image-5715 size-medium\" src=\"https:\/\/i0.wp.com\/songkol.com\/WordPress3\/wp-content\/uploads\/2015\/08\/PAINTEDDESERT-12.jpg?resize=300%2C300\" alt=\"FLAGSTAFF \/ Reveil sous la neige !\" width=\"300\" height=\"300\" srcset=\"https:\/\/i0.wp.com\/songkol.com\/WordPress3\/wp-content\/uploads\/2015\/08\/PAINTEDDESERT-12.jpg?resize=300%2C300 300w, https:\/\/i0.wp.com\/songkol.com\/WordPress3\/wp-content\/uploads\/2015\/08\/PAINTEDDESERT-12.jpg?resize=150%2C150 150w, https:\/\/i0.wp.com\/songkol.com\/WordPress3\/wp-content\/uploads\/2015\/08\/PAINTEDDESERT-12.jpg?w=600 600w\" sizes=\"(max-width: 300px) 100vw, 300px\" data-recalc-dims=\"1\" \/><p id=\"caption-attachment-5715\" class=\"wp-caption-text\">FLAGSTAFF \/ Reveil sous la neige !<\/p><\/div>\n<p>&#8211; une paire de botte<br \/>\n&#8211; une veste \u00ab\u00a0Gore-tex\u00a0\u00bb<br \/>\n&#8211; une polaire<br \/>\n&#8211; sweat-shirts<br \/>\n&#8211; une paire de basket<br \/>\n&#8211; une paire de sandales<br \/>\n&#8211; une paire de bottes<br \/>\n&#8211; une paire de chaussures de marche pour Anna<br \/>\n&#8211; lots de tee-shirts (manches longues\/courtes)<br \/>\n&#8211; culottes, chaussettes\/collant chaud (pour les deux)\u2026<br \/>\n&#8211; maillot de bain<br \/>\n&#8211; chapeau<br \/>\n&#8211; bonnet bien chaud<br \/>\n&#8211; moufles\/\u00e9charpe<br \/>\n&#8211; lunettes de soleil avec cordons (pas faciles \u00e0 trouver sur place\u2026)<br \/>\n&#8211; pantalons (jeans, toile, pantalon pour marcher pour Anna)<br \/>\n&#8211; shorts<br \/>\n&#8211; jupe\/robe<\/p>\n<h4><span id=\"Pour_Nils_13_mois_au_depart\">Pour Nils (13 mois au d\u00e9part)<\/span><\/h4>\n<p>&#8211; il y a des couches PARTOUT, plus Huggies que\u00a0Pampers<br \/>\n&#8211; en revanche, impossible de trouver du liniment<\/p>\n<h4><span id=\"Camping\">Camping<\/span><\/h4>\n<p><img data-attachment-id=\"6359\" data-permalink=\"http:\/\/songkol.com\/WordPress3\/preparatifs\/enfants\/monumentvalley-17\/\" data-orig-file=\"https:\/\/i0.wp.com\/songkol.com\/WordPress3\/wp-content\/uploads\/2015\/11\/MONUMENTVALLEY-17.jpg?fit=600%2C600\" data-orig-size=\"600,600\" data-comments-opened=\"1\" data-image-meta=\"{&quot;aperture&quot;:&quot;5.6&quot;,&quot;credit&quot;:&quot;&quot;,&quot;camera&quot;:&quot;Canon EOS 5D&quot;,&quot;caption&quot;:&quot;&quot;,&quot;created_timestamp&quot;:&quot;1431585086&quot;,&quot;copyright&quot;:&quot;&quot;,&quot;focal_length&quot;:&quot;17&quot;,&quot;iso&quot;:&quot;800&quot;,&quot;shutter_speed&quot;:&quot;0.016666666666667&quot;,&quot;title&quot;:&quot;&quot;,&quot;orientation&quot;:&quot;1&quot;}\" data-image-title=\"MONUMENTVALLEY-17\" data-image-description=\"\" data-image-caption=\"\" data-medium-file=\"https:\/\/i0.wp.com\/songkol.com\/WordPress3\/wp-content\/uploads\/2015\/11\/MONUMENTVALLEY-17.jpg?fit=300%2C300\" data-large-file=\"https:\/\/i0.wp.com\/songkol.com\/WordPress3\/wp-content\/uploads\/2015\/11\/MONUMENTVALLEY-17.jpg?fit=600%2C600\" loading=\"lazy\" class=\"size-thumbnail wp-image-6359 alignright\" src=\"https:\/\/i0.wp.com\/songkol.com\/WordPress3\/wp-content\/uploads\/2015\/11\/MONUMENTVALLEY-17.jpg?resize=150%2C150\" alt=\"MONUMENTVALLEY-17\" width=\"150\" height=\"150\" srcset=\"https:\/\/i0.wp.com\/songkol.com\/WordPress3\/wp-content\/uploads\/2015\/11\/MONUMENTVALLEY-17.jpg?resize=150%2C150 150w, https:\/\/i0.wp.com\/songkol.com\/WordPress3\/wp-content\/uploads\/2015\/11\/MONUMENTVALLEY-17.jpg?resize=300%2C300 300w, https:\/\/i0.wp.com\/songkol.com\/WordPress3\/wp-content\/uploads\/2015\/11\/MONUMENTVALLEY-17.jpg?w=600 600w\" sizes=\"(max-width: 150px) 100vw, 150px\" data-recalc-dims=\"1\" \/>&#8211; sacs de couchage: pr\u00e9voir des sacs bien chauds pour tout le monde car m\u00eame en plein \u00e9t\u00e9 au parc Torres del Paine ou au Fitz Roy par exemple, les nuits sont sacr\u00e9ment fra\u00eeches sous la tente!<br \/>\n&#8211; Pour Nils : trois gigoteuses (une avec des bras amovibles, l&rsquo;autre en \u00ab\u00a0polaire\u00a0\u00bb, une d&rsquo;\u00e9t\u00e9 mais elle sert peu finalement)<br \/>\n&#8211; Pour Anna : un sac de couchage D\u00e9cat&rsquo; que nous aurions d\u00fb prendre plus chaud<br \/>\n&#8211; Pour Anna et Nils : lampe frontale<br \/>\n&#8211; Petit sac \u00e0 dos pour Anna<br \/>\n&#8211; A l&rsquo;approche de la Bolivie et des grands froids en altitude (-20\u00b0 !), nous avons confectionn\u00e9 deux sacs \u00e0 viande en polaire pour les enfants<\/p>\n<h4><span id=\"Lessives\">Lessives<\/span><\/h4>\n<p>Il y a des lavanderias partout. En r\u00e8gle g\u00e9n\u00e9rale, on d\u00e9pose son linge sale le matin et on le r\u00e9cup\u00e8re en fin de journ\u00e9e, ou le lendemain. Il ne faut pas s&rsquo;attendre \u00e0 r\u00e9cup\u00e9rer des affaires avec plus une t\u00e2che mais c&rsquo;est propre et \u00e7a sent bon!<\/p>\n<h3><\/h3>\n","protected":false},"excerpt":{"rendered":"<p>Voyager avec ses enfants et les voir s\u2019\u00e9merveiller est magique. Voici quelques r\u00e9ponses aux questions que vous vous posez : d\u00e9veloppement de l&rsquo;enfant, \u00e9cole, activit\u00e9s,\u2026<\/p>\n","protected":false},"author":3,"featured_media":0,"parent":61,"menu_order":2,"comment_status":"open","ping_status":"closed","template":"","meta":{"spay_email":""},"jetpack_sharing_enabled":true,"jetpack_shortlink":"https:\/\/wp.me\/P4uy6M-1wb","jetpack_likes_enabled":true,"_links":{"self":[{"href":"http:\/\/songkol.com\/WordPress3\/wp-json\/wp\/v2\/pages\/5839"}],"collection":[{"href":"http:\/\/songkol.com\/WordPress3\/wp-json\/wp\/v2\/pages"}],"about":[{"href":"http:\/\/songkol.com\/WordPress3\/wp-json\/wp\/v2\/types\/page"}],"author":[{"embeddable":true,"href":"http:\/\/songkol.com\/WordPress3\/wp-json\/wp\/v2\/users\/3"}],"replies":[{"embeddable":true,"href":"http:\/\/songkol.com\/WordPress3\/wp-json\/wp\/v2\/comments?post=5839"}],"version-history":[{"count":25,"href":"http:\/\/songkol.com\/WordPress3\/wp-json\/wp\/v2\/pages\/5839\/revisions"}],"predecessor-version":[{"id":7050,"href":"http:\/\/songkol.com\/WordPress3\/wp-json\/wp\/v2\/pages\/5839\/revisions\/7050"}],"up":[{"embeddable":true,"href":"http:\/\/songkol.com\/WordPress3\/wp-json\/wp\/v2\/pages\/61"}],"wp:attachment":[{"href":"http:\/\/songkol.com\/WordPress3\/wp-json\/wp\/v2\/media?parent=5839"}],"curies":[{"name":"wp","href":"https:\/\/api.w.org\/{rel}","templated":true}]}}