{"id":5816,"date":"2015-11-24T17:17:57","date_gmt":"2015-11-24T16:17:57","guid":{"rendered":"http:\/\/songkol.com\/WordPress3\/?page_id=5816"},"modified":"2018-02-12T22:04:20","modified_gmt":"2018-02-12T21:04:20","slug":"cellule-du-camping-car","status":"publish","type":"page","link":"http:\/\/songkol.com\/WordPress3\/preparation\/cellule-du-camping-car\/","title":{"rendered":"Cellule du camping-car"},"content":{"rendered":"<h3><span id=\"Avant_de_partir\"><span style=\"color: #993300;\">Avant de partir<\/span><\/span><\/h3><div id=\"toc_container\" class=\"toc_wrap_right no_bullets\"><p class=\"toc_title\">Sommaire<\/p><ul class=\"toc_list\"><li><a href=\"#Avant_de_partir\"><span class=\"toc_number toc_depth_1\">1<\/span> Avant de partir<\/a><\/li><li><a href=\"#Partir_avec\"><span class=\"toc_number toc_depth_1\">2<\/span> Partir avec<\/a><\/li><li><a href=\"#Pendant_le_voyage\"><span class=\"toc_number toc_depth_1\">3<\/span> Pendant le voyage<\/a><ul><li><a href=\"#Eaux_noires_Eaux_grises\"><span class=\"toc_number toc_depth_2\">3.1<\/span> Eaux noires \/ Eaux grises<\/a><\/li><li><a href=\"#Etancheite_des_joints\"><span class=\"toc_number toc_depth_2\">3.2<\/span> Etanch\u00e9it\u00e9 des joints<\/a><\/li><\/ul><\/li><li><a href=\"#Liensutiles\"><span class=\"toc_number toc_depth_1\">4<\/span> Liens\u00a0utiles<\/a><\/li><li><a href=\"#Shopping\"><span class=\"toc_number toc_depth_1\">5<\/span> Shopping<\/a><\/li><\/ul><\/div>\n\n<p><strong>&gt; \u00a0JOINTS D&rsquo;\u00c9TANCH\u00c9IT\u00c9 : <\/strong>faites contr\u00f4ler l&rsquo;\u00e9tanch\u00e9it\u00e9 du camping-car par un pro car les infiltrations d&rsquo;eau sont la gangr\u00e8ne des camping-car dont la structure est en tasseaux de bois de pin.\u00a0Plus d&rsquo;infos \u00e0 ce sujet sur notre page <a href=\"http:\/\/songkol.com\/WordPress3\/preparation\/infiltrations\/\">Infiltrations, la gangr\u00e8ne des camping-car<\/a><strong><br \/>\n&gt; CHAUFFAGE\u00a0:<\/strong> <span style=\"color: #ff0000;\">r\u00e9viser le syst\u00e8me de chauffage air\/eau <\/span>et<span style=\"color: #ff0000;\"> installer un <a href=\"http:\/\/www.camping-car-plus.com\/gaz-et-jerricans-a-carburant\/accessoires-gaz-et-filtres\/filtre-a-gaz-borel-2131.html\" target=\"_blank\">filtre \u00e0 gaz<\/a><\/span>\u00a0(Borel par exemple) pour emp\u00eacher que la paraffine contenue dans les bouteilles de gaz ne remonte jusqu\u2019au syst\u00e8me de chauffage et se fige dans l\u2019\u00e9lectrovanne par temps froid. C&rsquo;est du v\u00e9cu\u2026<br \/>\n<img data-attachment-id=\"6290\" data-permalink=\"http:\/\/songkol.com\/WordPress3\/preparation\/cellule-du-camping-car\/capture-decran-2016-02-04-a-09-54-01\/\" data-orig-file=\"https:\/\/i0.wp.com\/songkol.com\/WordPress3\/wp-content\/uploads\/2015\/11\/Capture-d\u2019\u00e9cran-2016-02-04-\u00e0-09.54.01.jpg?fit=274%2C205\" data-orig-size=\"274,205\" data-comments-opened=\"1\" data-image-meta=\"{&quot;aperture&quot;:&quot;0&quot;,&quot;credit&quot;:&quot;&quot;,&quot;camera&quot;:&quot;&quot;,&quot;caption&quot;:&quot;&quot;,&quot;created_timestamp&quot;:&quot;0&quot;,&quot;copyright&quot;:&quot;&quot;,&quot;focal_length&quot;:&quot;0&quot;,&quot;iso&quot;:&quot;0&quot;,&quot;shutter_speed&quot;:&quot;0&quot;,&quot;title&quot;:&quot;&quot;,&quot;orientation&quot;:&quot;0&quot;}\" data-image-title=\"Capture d\u2019\u00e9cran 2016-02-04 \u00e0 09.54.01\" data-image-description=\"\" data-image-caption=\"\" data-medium-file=\"https:\/\/i0.wp.com\/songkol.com\/WordPress3\/wp-content\/uploads\/2015\/11\/Capture-d\u2019\u00e9cran-2016-02-04-\u00e0-09.54.01.jpg?fit=274%2C205\" data-large-file=\"https:\/\/i0.wp.com\/songkol.com\/WordPress3\/wp-content\/uploads\/2015\/11\/Capture-d\u2019\u00e9cran-2016-02-04-\u00e0-09.54.01.jpg?fit=274%2C205\" loading=\"lazy\" class=\"alignright wp-image-6290 size-full\" src=\"https:\/\/i0.wp.com\/songkol.com\/WordPress3\/wp-content\/uploads\/2015\/11\/Capture-d\u2019\u00e9cran-2016-02-04-\u00e0-09.54.01.jpg?resize=274%2C205\" alt=\"Capture d\u2019\u00e9cran 2016-02-04 \u00e0 09.54.01\" width=\"274\" height=\"205\" data-recalc-dims=\"1\" \/>&gt;\u00a0<strong>ELECTRONIQUE :<\/strong> <span style=\"color: #ff0000;\">arrangez-vous pour que le maximum d\u2019\u00e9quipements \u00e9lectroniques se recharge via le 12v et non le 220v.<\/span> La plupart d\u2019entre eux sont en effet aliment\u00e9s par des transformateurs qui convertissent le 220v en 16 ou 17v. Ce serait donc contreproductif de passer du 12v au 220v pour ensuite redescendre au 16v alors que des transfos avec allume cigare savent tr\u00e8s bien transformer le 12v en 16v. A titre d&rsquo;exemple, nous avions une <a href=\"http:\/\/www.amazon.fr\/Original-Lavolta\u00ae-Magn\u00e9tique-adaptateur-Allume-Cigare\/dp\/B0042L04P4\" target=\"_blank\">transformateur allume-cigare Lavolta<\/a> pour nos deux portables MacBookPro 13\u00a0\u00bb.<br \/>\n<img data-attachment-id=\"6289\" data-permalink=\"http:\/\/songkol.com\/WordPress3\/preparation\/cellule-du-camping-car\/capture-decran-2016-02-04-a-09-52-00\/\" data-orig-file=\"https:\/\/i0.wp.com\/songkol.com\/WordPress3\/wp-content\/uploads\/2015\/11\/Capture-d\u2019\u00e9cran-2016-02-04-\u00e0-09.52.00-e1454576120499.jpg?fit=150%2C126\" data-orig-size=\"150,126\" data-comments-opened=\"1\" data-image-meta=\"{&quot;aperture&quot;:&quot;0&quot;,&quot;credit&quot;:&quot;&quot;,&quot;camera&quot;:&quot;&quot;,&quot;caption&quot;:&quot;&quot;,&quot;created_timestamp&quot;:&quot;0&quot;,&quot;copyright&quot;:&quot;&quot;,&quot;focal_length&quot;:&quot;0&quot;,&quot;iso&quot;:&quot;0&quot;,&quot;shutter_speed&quot;:&quot;0&quot;,&quot;title&quot;:&quot;&quot;,&quot;orientation&quot;:&quot;0&quot;}\" data-image-title=\"Capture d\u2019\u00e9cran 2016-02-04 \u00e0 09.52.00\" data-image-description=\"\" data-image-caption=\"\" data-medium-file=\"https:\/\/i0.wp.com\/songkol.com\/WordPress3\/wp-content\/uploads\/2015\/11\/Capture-d\u2019\u00e9cran-2016-02-04-\u00e0-09.52.00-e1454576120499.jpg?fit=300%2C252\" data-large-file=\"https:\/\/i0.wp.com\/songkol.com\/WordPress3\/wp-content\/uploads\/2015\/11\/Capture-d\u2019\u00e9cran-2016-02-04-\u00e0-09.52.00-e1454576120499.jpg?fit=150%2C126\" loading=\"lazy\" class=\"alignright wp-image-6289 size-thumbnail\" src=\"https:\/\/i0.wp.com\/songkol.com\/WordPress3\/wp-content\/uploads\/2015\/11\/Capture-d\u2019\u00e9cran-2016-02-04-\u00e0-09.52.00.jpg?resize=150%2C150\" alt=\"\" width=\"150\" height=\"150\" data-recalc-dims=\"1\" \/>&gt; <strong>PRISES USB :<\/strong> privil\u00e9giez les prises USB plutot que les prises allume-cigare qui finissent toujours par avoir du jeu avec une utilisation quotidienne. A le refaire, j&rsquo;aurais install\u00e9 ce <a href=\"http:\/\/www.amazon.fr\/CARCHET\u00ae-Adaptateur-Chargeur-Voltm\u00e8tre-Voiture\/dp\/B00NMC642G\/ref=pd_sim_23_2?ie=UTF8&amp;dpID=41pb%2BuJFdFL&amp;dpSrc=sims&amp;preST=_AC_UL160_SR160%2C160_&amp;refRID=0T3CZ3E9CFYSSKXF4FB6\" target=\"_blank\">combin\u00e9\u00a0tout-en-un de chez Carchet<\/a> :\u00a0 prises USB 1A (t\u00e9l\u00e9phone) et\u00a02,1A (tablette) + allume-cigare + voltm\u00e8tre pour avoir une id\u00e9e de l&rsquo;\u00e9tat de la batterie. Tout le monde peut se brancher sans attendre qu&rsquo;un appareil termine sa recharge.<br \/>\n&gt;\u00a0<strong>GAZ :<\/strong> vos bouteilles vous suivront tout au long de votre voyage. <span style=\"color: #ff0000;\">Partez avec un ensemble bouteille+filtre+d\u00e9tendeurs qui fonctionne <\/span>car les bouteilles sud am\u00e9ricaines n\u2019ont pas les m\u00eames dimensions (plus larges ou plus hautes). De m\u00eame, retenez bien que les syst\u00e8mes de connexions sont diff\u00e9rents des n\u00f4tres en Europe.\u00a0Pour info,\u00a0plut\u00f4t que d&rsquo;\u00e9changer votre bouteille contre une autre, vous devrez trouver dans chaque pays travers\u00e9s des \u00ab\u00a0usines \u00e0 gaz\u00a0\u00bb chez qui vous demanderez un remplissage.<br \/>\n<strong>&gt; FRIGO :<\/strong> d&rsquo;apr\u00e8s plusieurs blogs de voyageurs, le frigo trimixte (12v\/220v\/gaz) peine dans les pays chauds ou en altitude. Ca fume noir, s\u2019encrasse, il faut ouvrir pour nettoyer\u2026 Nous l\u2019avons remplac\u00e9 par un frigo compression aliment\u00e9 par les 220w solaires (deux panneaux de 110w). Nous nous sommes branch\u00e9 au secteur une dizaine de fois sur tout le voyage.<br \/>\n&gt;\u00a0<strong>ECLAIRAGE :<\/strong> remplacer les halog\u00e8nes par des LED qui consomment bien moins et qui ne chauffent pas<br \/>\n&gt; <strong>TRAITEMENT DE L&rsquo;EAU :\u00a0<\/strong>nous avons\u00a0quatre ennemis : <span style=\"color: #339966;\">1-\u00a0La pollution<\/span> (humaine ou non). On doit filtrer les\u00a0particules en suspension, fixer les polluants par des r\u00e9sines et\/ou du charbon actif, r\u00e9guler le pH. <span style=\"color: #339966;\">2-\u00a0Les virus.<\/span> Tr\u00e8s petits, ils passent les filtres. N\u2019\u00e9tant pas vraiment vivants, il sont difficiles \u00e0 tuer, m\u00eame \u00e0 des temp\u00e9ratures sup\u00e9rieures \u00e0 100\u00b0C (h\u00e9patite&#8230;). <span style=\"color: #339966;\">3-\u00a0Les bact\u00e9ries.<\/span> Plus grosses que les virus, elles s\u2019\u00e9liminent facilement par filtration et avec des proc\u00e9d\u00e9s chimiques qui ne sont pas nocifs pour nous (chlore, iode, argent&#8230;). Pour la temp\u00e9rature, c&rsquo;est assez variable. <span style=\"color: #339966;\">4-\u00a0Les protozoaires.<\/span> Ils sont proches de nous, la lutte chimique est donc difficile. Mais leur taille importante permet de les filtrer facilement et de les \u00e9liminer \u00e0 basse temp\u00e9rature sauf les formes r\u00e9sistantes (cystes).<br \/>\nL&rsquo;ensemble de ces formes peut \u00eatre d\u00e9truite par les UV (steripen de rando) en quelques minutes quelque soit la temp\u00e9rature et le pH sous r\u00e9serve que l&rsquo;eau soit limpide (pr\u00e9filtrage indispensable). Il existe des solutions UV d\u00e9di\u00e9es aux camping-car et bateaux (12 et 220 V) : <a href=\"http:\/\/lacentrale-eco.com\/eau\/traitement-et-sterilisation-uv\/traitement-mono-uv-4w-16w-de-50l-h-a-410lh.html\" target=\"_blank\">lacentrale-eco<\/a>\u00a0&#8211; <a href=\"https:\/\/chouchousdesa.fr\/traitement-de-l-eau-par-uv\/394-led-uv-pour-potabiliser-l-eau-par-uv-en-camping-car.html\" target=\"_blank\">chouchoudesa.fr<\/a>\u00a0. N&rsquo;ayant pas connaissance de ce mode de purification nous avions opt\u00e9 pour\u00a0un <a href=\"http:\/\/www.santeduvoyageur.com\/traitement-de-leau\/katadynr-filtre-kd-mono.html\" target=\"_blank\">robinet purificateur d\u2019eau KD Mono<\/a> sans pompage avec cartouche Superdyn. Le <a href=\"http:\/\/www.seagull-west-europe.com\/produits\/seagull_IV.html\">Seagull<\/a> a tr\u00e8s bonne r\u00e9putation. A vous de voir si vous avez besoin de filtrer toute l&rsquo;eau du v\u00e9hicule ou seulement un robinet install\u00e9 dans le coin cuisine.<br \/>\n<b>&gt; REMPLACER LA CLIM 220V PAR UN LANTERNEAU\u00a0<\/b>qui am\u00e8nera plus de lumi\u00e8res \u00e0 l&rsquo;int\u00e9rieur. Une clim p\u00e8se lourd sur le toit et sert peu si vous privil\u00e9giez les bivouacs. Ce poids en moins c&rsquo;est des ennuis en moins avec toutes les vibrations et chocs sur les pistes.<\/p>\n<h3><span id=\"Partir_avec\"><span style=\"color: #993300;\">Partir avec<\/span><\/span><\/h3>\n<p>&gt; <strong>REPARATION :<\/strong> tubes de Sikaflex avec pistolet. Cette colle polyur\u00e9thane r\u00e9sistante aux UV est le produit miracle pour la r\u00e9alisation d\u2019assemblages \u00e9tanches et souples et l\u2019\u00e9tanch\u00e9it\u00e9 des joints existants<br \/>\n&gt; <strong>EAU :<\/strong> pour le plein d\u2019eau, un kit d\u2019embouts pour robinet\u00a0avec les 3 diam\u00e8tres (\u00e0 prendre en double parce que vous perdrez)<br \/>\n&gt; <strong>EAU :<\/strong> une pompe \u00e0 eau de rechange pour la cellule<\/p>\n<h3><span id=\"Pendant_le_voyage\"><span style=\"color: #993300;\">Pendant le voyage<\/span><\/span><\/h3>\n<h4><span id=\"Eaux_noires_Eaux_grises\">Eaux noires \/ Eaux grises<\/span><\/h4>\n<p><strong>&gt;\u00a0VIDANGE\u00a0DES EAUX NOIRES<\/strong><br \/>\nC\u2019est la partie la moins glamour du voyage et surtout celle qui pose un vrai cas de conscience\u2026 Je n\u2019ai jamais pu m\u2019y faire. Partis d\u2019AmSud, ca a \u00e9t\u00e9 un soulagement quand nous sommes arriv\u00e9s aux USA o\u00f9 nous avons imm\u00e9diatement pris l\u2019habitude de vidanger dans les dump station des parcs nationaux (souvent gratuit et en plus possibilit\u00e9 de faire le plein d\u2019eau propre). Avant \u00e7a, nous vidangions r\u00e9guli\u00e8rement\u00a0dans le bas-c\u00f4t\u00e9 d\u2019une piste, loin des cultures ou d\u2019un cours d\u2019eau pour minimiser les risques de contamination (ils existent quand m\u00eame). Je n\u2019ai pas demand\u00e9 aux campings parce que nous n\u2019y sommes pas all\u00e9. Quand on a une cuve de 80 litres qui s&rsquo;ouvre via une vanne en guillotine, il faut d\u00e9velopper toute une technique pour ne pas s\u2019en mettre plein les pieds\u2026 Un grand moment de solitude\u2026 Mais cette grosse contenance nous donnait une certaine \u00ab\u00a0autonomie\u00a0\u00bb. Nous n\u2019avons jamais d\u00fb quitter un bivouac parce que la fameuse \u00ab\u00a0boite \u00e0 caca\u00a0\u00bb \u00e9tait pleine.<br \/>\n<strong>&gt;\u00a0ODEURS<br \/>\n<\/strong>Pour limiter au maximum le courant d\u2019air qui am\u00e8ne les odeurs dans la cellule, il faut penser \u00e0 graissez le joint des toilettes avec une graisse au lithium. S\u2019il est en bon \u00e9tat, sa pr\u00e9sence permet une bonne \u00e9tanch\u00e9it\u00e9 qui retient une pellicule d\u2019eau dans le fond de la cuvette.<br \/>\n<strong>&gt; PRODUIT OU PAS ?<br \/>\n<\/strong>Il faut \u00e9viter l\u2019additif bact\u00e9ricide Aqua\u00a0Kem Blue de Thetford (un poison pour l\u2019environnement !). Optez plut\u00f4t pour un produit \u00e0 base de sulfate de cuivre sous forme de\u00a0poudre (sachets de\u00a0bouillie bordelaise que l\u2019on trouve facilement dans les r\u00e9gions arboricoles et viticoles) ou de cristaux (rayon piscine). Pr\u00e9cision : la bouillie bordelaise est un m\u00e9lange de sulfate de\u00a0cuivre et de chaux utilis\u00e9 en jardinage comme fongicide pour tuer les champignons des v\u00e9g\u00e9taux. Ce produit reste donc moins\u00a0toxique pour la nature que l\u2019Aqua Kem Blue, mais il est \u00e0 utiliser avec mod\u00e9ration\u2026<br \/>\n<strong>&gt; ENTRETIEN<br \/>\n<\/strong>Pour nettoyer le d\u00e9p\u00f4t qui s\u2019accrochait \u00e0 la cuve, je vidais un sac de gros sel avec un peu d\u2019eau. Apr\u00e8s une matin\u00e9e de virages andins, le fond de cuve \u00e9tait tout propre. Je pense que le vinaigre blanc pourrait aussi \u00eatre utile pour \u00e9liminer les odeurs.<\/p>\n<h4><span id=\"Etancheite_des_joints\">Etanch\u00e9it\u00e9 des joints<\/span><\/h4>\n<p>La meilleure solution est la\u00a0<span style=\"color: #ff0000;\">vigilance.<\/span>\u00a0Faites des inspections r\u00e9guli\u00e8res, par exemple lors des lavages.\u00a0Ne pas h\u00e9siter \u00e0 refaire un joint douteux avec du\u00a0mastic-colle souple Sika Fc11 dont vous aurez emport\u00e9 un bon stock.<br \/>\n&gt; Plus d&rsquo;infos \u00e0 ce sujet sur notre page\u00a0<a href=\"http:\/\/songkol.com\/WordPress3\/preparation\/infiltrations\/\">Infiltrations, la gangr\u00e8ne des camping-car<\/a><\/p>\n<h3><span id=\"Liensutiles\"><strong><span style=\"color: #993300;\">Liens\u00a0utiles<\/span><\/strong><\/span><\/h3>\n<p><span style=\"color: #000000;\">Conseils et astuces\u00a0pour l&rsquo;entretien et la modification de votre camping-car\u00a0ou\u00a0fourgon :<br \/>\n&gt;\u00a0<a href=\"http:\/\/f.dichamp.pagesperso-orange.fr\" target=\"_blank\">http:\/\/f.dichamp.pagesperso-orange.fr<br \/>\n<\/a>Il y a tout un topo sur les syst\u00e8mes de chauffage qui m&rsquo;a bien aid\u00e9 quand j&rsquo;avais des soucis avec le Truma (cette satan\u00e9 paraffine !)<br \/>\n&gt;\u00a0<a href=\"http:\/\/autocaravane.fr\" target=\"_blank\">http:\/\/autocaravane.fr<\/a><br \/>\nDes\u00a0articles\u00a0pour choisir, entretenir et modifier votre camping-car<br \/>\n<\/span><\/p>\n<h3><span id=\"Shopping\"><span style=\"color: #993300;\">Shopping<\/span><\/span><\/h3>\n<p><iframe loading=\"lazy\" style=\"width: 120px; height: 240px;\" src=\"\/\/ws-eu.amazon-adsystem.com\/widgets\/q?ServiceVersion=20070822&amp;OneJS=1&amp;Operation=GetAdHtml&amp;MarketPlace=FR&amp;source=ac&amp;ref=tf_til&amp;ad_type=product_link&amp;tracking_id=lelacsonenkir-21&amp;marketplace=amazon&amp;region=FR&amp;placement=B00NMC642G&amp;asins=B00NMC642G&amp;linkId=&amp;show_border=true&amp;link_opens_in_new_window=true\" width=\"300\" height=\"150\" frameborder=\"0\" marginwidth=\"0\" marginheight=\"0\" scrolling=\"no\"><br \/>\n<\/iframe><\/p>\n","protected":false},"excerpt":{"rendered":"<p>Avant de partirSommaire1 Avant de partir2 Partir avec3 Pendant le voyage3.1 Eaux noires \/ Eaux grises3.2 Etanch\u00e9it\u00e9 des joints4 Liens\u00a0utiles5 Shopping &gt; \u00a0JOINTS D&rsquo;\u00c9TANCH\u00c9IT\u00c9 : faites contr\u00f4ler l&rsquo;\u00e9tanch\u00e9it\u00e9 du camping-car par un pro car les infiltrations d&rsquo;eau sont la gangr\u00e8ne des camping-car dont la structure est en tasseaux de bois de pin.\u00a0Plus d&rsquo;infos \u00e0 ce [&hellip;]<\/p>\n","protected":false},"author":2,"featured_media":0,"parent":40,"menu_order":6,"comment_status":"open","ping_status":"closed","template":"","meta":{"spay_email":""},"jetpack_sharing_enabled":true,"jetpack_shortlink":"https:\/\/wp.me\/P4uy6M-1vO","jetpack_likes_enabled":true,"_links":{"self":[{"href":"http:\/\/songkol.com\/WordPress3\/wp-json\/wp\/v2\/pages\/5816"}],"collection":[{"href":"http:\/\/songkol.com\/WordPress3\/wp-json\/wp\/v2\/pages"}],"about":[{"href":"http:\/\/songkol.com\/WordPress3\/wp-json\/wp\/v2\/types\/page"}],"author":[{"embeddable":true,"href":"http:\/\/songkol.com\/WordPress3\/wp-json\/wp\/v2\/users\/2"}],"replies":[{"embeddable":true,"href":"http:\/\/songkol.com\/WordPress3\/wp-json\/wp\/v2\/comments?post=5816"}],"version-history":[{"count":42,"href":"http:\/\/songkol.com\/WordPress3\/wp-json\/wp\/v2\/pages\/5816\/revisions"}],"predecessor-version":[{"id":7056,"href":"http:\/\/songkol.com\/WordPress3\/wp-json\/wp\/v2\/pages\/5816\/revisions\/7056"}],"up":[{"embeddable":true,"href":"http:\/\/songkol.com\/WordPress3\/wp-json\/wp\/v2\/pages\/40"}],"wp:attachment":[{"href":"http:\/\/songkol.com\/WordPress3\/wp-json\/wp\/v2\/media?parent=5816"}],"curies":[{"name":"wp","href":"https:\/\/api.w.org\/{rel}","templated":true}]}}