{"id":5798,"date":"2015-11-24T15:45:20","date_gmt":"2015-11-24T14:45:20","guid":{"rendered":"http:\/\/songkol.com\/WordPress3\/?page_id=5798"},"modified":"2016-07-03T15:06:47","modified_gmt":"2016-07-03T13:06:47","slug":"preparation-et-assistance-technique","status":"publish","type":"page","link":"http:\/\/songkol.com\/WordPress3\/preparation\/preparation-et-assistance-technique\/","title":{"rendered":"Assistance technique"},"content":{"rendered":"<p>Nos connaissances en m\u00e9canique \u00e9tant proches de z\u00e9ro, il fallait pouvoir nous reposer en toute confiance sur des professionnels qui comprendraient notre projet et accepteraient de nous assister pendant le voyage. Apr\u00e8s de longues recherches infructueuses autour de Montpellier, nous avons trouv\u00e9 le bin\u00f4me en or dans l\u2019Aveyron : <strong>Jeremy Cros (Revel)<\/strong> \u00e0 Saint Rome De Cernon pour la partie cellule et <strong>Nicolas Armand-Lalot (gestionnaire de l\u2019atelier du garage Mas-Iveco)<\/strong> pour le ch\u00e2ssis\/moteur. Ils avaient d\u00e9j\u00e0 travaill\u00e9 ensemble sur un projet similaire avec <a href=\"http:\/\/www.ensemble-autrement-au-bout-du-monde.com\" target=\"_blank\">une famille milavoise<\/a>.<br \/>\nNicolas et Jeremy ont toujours \u00e9t\u00e9 aimables, patients, \u00e0 l&rsquo;\u00e9coute et pas avares de conseils. Ils n\u2019ont chang\u00e9 que les pi\u00e8ces qui le n\u00e9cessitaient et \u00e0 aucun moment n\u2019ont pouss\u00e9 \u00e0 la consommation. Et pendant le voyage, ils ont tous les deux \u00e9t\u00e9 disponibles pour r\u00e9pondre aux appels et mails. Une assistance pr\u00e9cieuse quand vous \u00eates au milieu de nul part\u2026<br \/>\nEn r\u00e9sum\u00e9, Nicolas et Jeremy sont tous les deux des sp\u00e9cialistes hors pair, professionnels et consciencieux qui nous auront \u00e9t\u00e9 d\u2019une grande aide dans la r\u00e9ussite de ce voyage. Merci mille fois\u00a0\u00e0 eux !<\/p>\n<p><strong>&gt; Garage Mas &#8211; Iveco (Nicolas Armand-Lalot)<\/strong><br \/>\nVente et r\u00e9paration de poids-lourds<br \/>\nZI rue Denis Papin<br \/>\n12400 Saint Affrique<br \/>\nT\u00e9l. 05 65 99 02 11<br \/>\nCourriel :\u00a0<a href=\"mailto:atelier-mas@orange.fr\" target=\"_blank\">atelier-mas@orange.fr<\/a><br \/>\nWeb : <a href=\"http:\/\/www.garage-poids-lourd-saint-affrique.fr\" target=\"_blank\">http:\/\/www.garage-poids-lourd-saint-affrique.fr<\/a><\/p>\n<p><strong>&gt; Revel (Jeremy Cros)<\/strong><br \/>\nVente et entretien de camping-car, caravane, fourgon<br \/>\nzone artisanale plaine Laumi\u00e8re<br \/>\n12490 Saint Rome De Cernon<br \/>\nT\u00e9l. 06 25 15 07 85<br \/>\nCourriel :\u00a0<a href=\"mailto:revel.jcros@orange.fr\" target=\"_blank\">revel.jcros@orange.fr<\/a><\/p>\n","protected":false},"excerpt":{"rendered":"<p>Nos connaissances en m\u00e9canique \u00e9tant proches de z\u00e9ro, il fallait pouvoir nous reposer en toute confiance sur des professionnels qui comprendraient notre projet et accepteraient de nous assister pendant le voyage. Apr\u00e8s de longues recherches infructueuses autour de Montpellier, nous avons trouv\u00e9 le bin\u00f4me en or dans l\u2019Aveyron : Jeremy Cros (Revel) \u00e0 Saint Rome [&hellip;]<\/p>\n","protected":false},"author":2,"featured_media":0,"parent":40,"menu_order":6,"comment_status":"open","ping_status":"closed","template":"","meta":{"spay_email":""},"jetpack_sharing_enabled":true,"jetpack_shortlink":"https:\/\/wp.me\/P4uy6M-1vw","jetpack_likes_enabled":true,"_links":{"self":[{"href":"http:\/\/songkol.com\/WordPress3\/wp-json\/wp\/v2\/pages\/5798"}],"collection":[{"href":"http:\/\/songkol.com\/WordPress3\/wp-json\/wp\/v2\/pages"}],"about":[{"href":"http:\/\/songkol.com\/WordPress3\/wp-json\/wp\/v2\/types\/page"}],"author":[{"embeddable":true,"href":"http:\/\/songkol.com\/WordPress3\/wp-json\/wp\/v2\/users\/2"}],"replies":[{"embeddable":true,"href":"http:\/\/songkol.com\/WordPress3\/wp-json\/wp\/v2\/comments?post=5798"}],"version-history":[{"count":5,"href":"http:\/\/songkol.com\/WordPress3\/wp-json\/wp\/v2\/pages\/5798\/revisions"}],"predecessor-version":[{"id":6922,"href":"http:\/\/songkol.com\/WordPress3\/wp-json\/wp\/v2\/pages\/5798\/revisions\/6922"}],"up":[{"embeddable":true,"href":"http:\/\/songkol.com\/WordPress3\/wp-json\/wp\/v2\/pages\/40"}],"wp:attachment":[{"href":"http:\/\/songkol.com\/WordPress3\/wp-json\/wp\/v2\/media?parent=5798"}],"curies":[{"name":"wp","href":"https:\/\/api.w.org\/{rel}","templated":true}]}}