{"id":5768,"date":"2015-09-06T11:08:52","date_gmt":"2015-09-06T09:08:52","guid":{"rendered":"http:\/\/songkol.com\/WordPress3\/?page_id=5768"},"modified":"2019-04-13T18:20:59","modified_gmt":"2019-04-13T16:20:59","slug":"conseils-pour-la-revente-dun-vehicule-francais-entre-francais","status":"publish","type":"page","link":"http:\/\/songkol.com\/WordPress3\/preparation\/conseils-pour-la-revente-dun-vehicule-francais-entre-francais\/","title":{"rendered":"Revente entre Fran\u00e7ais"},"content":{"rendered":"<p>Cette page s\u2019adresse aux Fran\u00e7ais souhaitant vendre leur v\u00e9hicule fran\u00e7ais\u00a0\u00e0 un acheteur fran\u00e7ais, hors Union europ\u00e9enne. Deux\u00a0options s&rsquo;offrent \u00e0 vous pour la revente :<br \/>\n1 &#8211; faire une demande de carte grise sans contr\u00f4le technique (demande de d\u00e9rogation)<br \/>\n2 &#8211; faire valider une vente par la pr\u00e9fecture via une fiche d&rsquo;identification du v\u00e9hicule (pas de nouvelle carte grise)<br \/>\nSachez qu&rsquo;il est aussi possible de <a href=\"http:\/\/songkol.com\/WordPress3\/preparation\/vente-quebecois\/\">vendre votre v\u00e9hicule fran\u00e7ais \u00e0 un Qu\u00e9b\u00e9cois s&rsquo;il a plus de 15 ans<\/a>.<\/p>\n<h2><span id=\"1_8211_Vente_sans_controle_technique_avec_uneFiche_didentification_du_vehicule_FIV\"><span style=\"color: #993300;\">1 &#8211; Vente sans contr\u00f4le technique avec une\u00a0<em>Fiche d\u2019identification du v\u00e9hicule (FIV)<\/em><\/span><\/span><\/h2><div id=\"toc_container\" class=\"toc_wrap_right no_bullets\"><p class=\"toc_title\">Sommaire<\/p><ul class=\"toc_list\"><li><a href=\"#1_8211_Vente_sans_controle_technique_avec_uneFiche_didentification_du_vehicule_FIV\"><span class=\"toc_number toc_depth_1\">1<\/span> 1 &#8211; Vente sans contr\u00f4le technique avec une\u00a0Fiche d\u2019identification du v\u00e9hicule (FIV)<\/a><ul><li><ul><li><ul><li><a href=\"#Constat_de_depart\"><span class=\"toc_number toc_depth_4\">1.0.0.1<\/span> Constat de d\u00e9part<\/a><\/li><li><a href=\"#Transfert_de_propriete_vente\"><span class=\"toc_number toc_depth_4\">1.0.0.2<\/span> Transfert de propri\u00e9t\u00e9 (vente)<\/a><\/li><li><a href=\"#Papier_au_nom_du_nouveau_proprietaire\"><span class=\"toc_number toc_depth_4\">1.0.0.3<\/span> Papier au nom du nouveau propri\u00e9taire<\/a><\/li><\/ul><\/li><\/ul><\/li><li><a href=\"#Procedure_suivie\"><span class=\"toc_number toc_depth_2\">1.1<\/span> Proc\u00e9dure suivie<\/a><\/li><li><a href=\"#Important\"><span class=\"toc_number toc_depth_2\">1.2<\/span> Important<\/a><\/li><li><a href=\"#Modalite_de_transaction\"><span class=\"toc_number toc_depth_2\">1.3<\/span> Modalit\u00e9 de transaction<\/a><\/li><li><a href=\"#Des_liens_utiles\"><span class=\"toc_number toc_depth_2\">1.4<\/span> Des liens utiles<\/a><\/li><\/ul><\/li><li><a href=\"#2_8211_Obtention_de_la_carte_grisesans_controle_technique\"><span class=\"toc_number toc_depth_1\">2<\/span> 2 &#8211; Obtention de la carte grise\u00a0sans controle technique<\/a><\/li><li><a href=\"#Importation_auCanada\"><span class=\"toc_number toc_depth_1\">3<\/span> Importation au\u00a0Canada<\/a><ul><li><ul><li><a href=\"#Le_formulaire_B15\"><span class=\"toc_number toc_depth_3\">3.0.1<\/span> Le formulaire B15<\/a><\/li><li><a href=\"#Formulaire_1\"><span class=\"toc_number toc_depth_3\">3.0.2<\/span> Formulaire 1<\/a><\/li><li><a href=\"#Certificat_drsquoimmatriculation\"><span class=\"toc_number toc_depth_3\">3.0.3<\/span> Certificat d&rsquo;immatriculation<\/a><\/li><li><a href=\"#Formulaire_drsquoinspection_mecanique\"><span class=\"toc_number toc_depth_3\">3.0.4<\/span> Formulaire d&rsquo;inspection m\u00e9canique<\/a><\/li><li><a href=\"#Votre_permis_de_conduire\"><span class=\"toc_number toc_depth_3\">3.0.5<\/span> Votre permis de conduire<\/a><\/li><\/ul><\/li><\/ul><\/li><\/ul><\/div>\n\n<p><b>AVERTISSEMENT : ci-dessous, notre exp\u00e9rience\u00a0datant de 2015. Depuis 2017, la demande de FIV est \u00e0 faire via\u00a0<\/b><a style=\"font-weight: bold;\" href=\"https:\/\/immatriculation.ants.gouv.fr\/\" target=\"_blank\" rel=\"noopener nofollow\">immatriculation.ants.gouv.fr<\/a><b>. Plus d&rsquo;infos sur cette demande de FIV ici :<\/b><br \/>\n<a href=\"https:\/\/immatriculation.ants.gouv.fr\/Questions-frequentes\/Demarche-Je-souhaite-faire-une-autre-demande\/Demande-de-fiche-d-identification-du-vehicule\" target=\"_blank\" rel=\"noopener\"><strong>https:\/\/immatriculation.ants.gouv.fr\/Questions-frequentes\/Demarche-Je-souhaite-faire-une-autre-demande\/Demande-de-fiche-d-identification-du-vehicule<\/strong><\/a><\/p>\n<p>2015 : Voici\u00a0notre <span style=\"text-decoration: underline;\">exp\u00e9rience r\u00e9ussie<\/span> (\u00e9t\u00e9 2015) d&rsquo;une<strong> vente\u00a0valid\u00e9e par une pr\u00e9fecture fran\u00e7aise sans contr\u00f4le technique.\u00a0<\/strong>ATTENTION\u00a0: des voyageurs signalent\u00a0que la revente d\u00e9crite ci-dessous fonctionne pour une premi\u00e8re revente mais les pr\u00e9fectures s&rsquo;opposent \u00e0\u00a0une deuxi\u00e8me revente entre Fran\u00e7ais. L&rsquo;autre solution serait\u00a0d&rsquo;annuler la vente entre l&rsquo;ancien et l&rsquo;actuel propri\u00e9taire puis de\u00a0refaire une vente directement entre les anciens propri\u00e9taires et les nouveaux acqu\u00e9reurs.<\/p>\n<p>Il nous semble important de faire le distingo entre le transfert de propri\u00e9t\u00e9 (la vente) et l\u2019obtention pour le nouveau propri\u00e9taire de papiers \u00e0 son nom. L&rsquo;information que vous devez retenir \u00a0:\u00a0Le titre de propri\u00e9t\u00e9 d&rsquo;un v\u00e9hicule d&rsquo;occasion n&rsquo;est pas la carte grise mais le\u00a0certificat de cession.<\/p>\n<h5><span id=\"Constat_de_depart\">Constat de d\u00e9part<\/span><\/h5>\n<p>En l\u2019absence d\u2019un contr\u00f4le technique, les pr\u00e9fectures ne sont pas autoris\u00e9es \u00e0 d\u00e9livrer un nouveau certificat d&rsquo;immatriculation (ex carte grise). Le nouveau propri\u00e9taire a pourtant besoin d\u2019un document officiel pour prouver aux douaniers\/policiers des pays travers\u00e9s que le v\u00e9hicule lui appartient.<\/p>\n<h5><span id=\"Transfert_de_propriete_vente\">Transfert de propri\u00e9t\u00e9 (vente)<\/span><\/h5>\n<p><strong>Le titre de propri\u00e9t\u00e9 d&rsquo;un v\u00e9hicule d&rsquo;occasion n&rsquo;est pas la carte grise mais le <a href=\"https:\/\/www.formulaires.modernisation.gouv.fr\/gf\/showFormulaireSignaletiqueConsulter.do?numCerfa=13754\" target=\"_blank\" rel=\"noopener\">certificat de cession<\/a>. La carte grise est un document d&rsquo;autorisation de circulation\u00a0(cf. <a href=\"https:\/\/www.service-public.fr\/particuliers\/vosdroits\/F20036\" target=\"_blank\" rel=\"noopener\">service-public.fr<\/a>).\u00a0\u00a0<\/strong>La proc\u00e9dure est donc la m\u00eame qu\u2019en France. La pr\u00e9fecture n&rsquo;a pas besoin d\u2019un contr\u00f4le technique pour enregistrer une d\u00e9claration de cession. Officiellement, le transfert de propri\u00e9t\u00e9 se fait lors de la signature des trois exemplaires du certificat de cession.<\/p>\n<h5><span id=\"Papier_au_nom_du_nouveau_proprietaire\">Papier au nom du nouveau propri\u00e9taire<\/span><\/h5>\n<p>En l&rsquo;absence d&rsquo;un contr\u00f4le technique, le papier officiel qui fera office de carte grise aupr\u00e8s des douaniers lors des passages de fronti\u00e8res est la \u00ab\u00a0<u>Fiche d\u2019identification du v\u00e9hicule<\/u>\u00a0\u00bb. Ce document d\u00e9livr\u00e9 par les pr\u00e9fectures mentionne le nom de l\u2019acqu\u00e9reur et r\u00e9capitule les caract\u00e9ristiques techniques du v\u00e9hicule. Cette fiche est connue des pr\u00e9fectures puisque c\u2019est ce document qu\u2019elles d\u00e9livrent pour un renouvellement de papier en cas de vol\/perte du certificat d&rsquo;immatriculation (ex carte grise).<\/p>\n<h3><span id=\"Procedure_suivie\">Proc\u00e9dure suivie<\/span><\/h3>\n<p>1 &#8211; contact par mail avec le \u00ab\u00a0chef du bureau des usagers de la route\u00a0\u00bb d&rsquo;une pr\u00e9fecture pour expliquer clairement et en d\u00e9tail la situation : vente d\u2019un v\u00e9hicule fran\u00e7ais, entre Fran\u00e7ais, hors Union europ\u00e9enne, sans retour possible pour effectuer un contr\u00f4le technique + besoin d\u2019une fiche d\u2019identification du v\u00e9hicule. Soyez patient car le cas n\u2019est pas fr\u00e9quent pour eux.<br \/>\n2 &#8211; t\u00e9l\u00e9chargement des trois exemplaires du Certificat de cession (cf lien ci-dessous)<br \/>\n3 &#8211; signature par le vendeur et l&rsquo;acheteur du Certificat de cession<br \/>\n4 &#8211; envoi par mail de l\u2019exemplaire \u00ab\u00a0pr\u00e9fecture\u00a0\u00bb du Certificat de cession \u00e0 notre contact en pr\u00e9fecture<br \/>\n5 &#8211; r\u00e9ception par mail de l\u2019accus\u00e9 d&rsquo;enregistrement de la cession d\u00e9livr\u00e9 par la pr\u00e9fecture<br \/>\n6 &#8211; l\u2019acheteur fait la demande de la fiche d\u2019identification du v\u00e9hicule<\/p>\n<h3><span id=\"Important\">Important<\/span><\/h3>\n<p>Pour assurer le succ\u00e8s de l\u2019op\u00e9ration, il est imp\u00e9ratif que acqu\u00e9reur et vendeur aient le m\u00eame contact en pr\u00e9fecture. En l\u2019occurence, avant m\u00eame d&rsquo;avoir lanc\u00e9 la proc\u00e9dure, le chef du \u00ab\u00a0bureau des usagers de la route\u00a0\u00bb nous avait assur\u00e9 par mail que l\u2019acqu\u00e9reur recevrait la fiche d\u2019identification du v\u00e9hicule.<\/p>\n<h3><span id=\"Modalite_de_transaction\">Modalit\u00e9 de transaction<\/span><\/h3>\n<p>Tout est possible mais voici deux exemples :<br \/>\n1 &#8211; Pour nous, on s\u2019est mis d\u2019accord avec la famille par oral (t\u00e9l\u00e9phone) et la transaction s\u2019est faite d\u2019un bloc \u00e0 Montr\u00e9al par virement banquaire. Le certificat de cession a \u00e9t\u00e9 sign\u00e9 un samedi mais nous avons d\u00fb attendre\u00a0que le virement soit sur notre compte le mardi pour donner les cl\u00e9s (CC gar\u00e9 dans un parking s\u00e9curis\u00e9).<br \/>\n2 &#8211; Dans le cas o\u00f9 il n\u2019y aurait pas de rencontre possible (plannings qui ne co\u00efncident pas)\u00a0: un premier tiers pour que les deux parties s\u2019engagent l\u2019une vers l\u2019autre (le vendeur de ne pas vendre \u00e0 qqun d\u2019autres, et l\u2019acheteur qu\u2019il ne laissera pas le vendeur en plan), puis les quasi deux tiers quand le certificat de cession a \u00e9t\u00e9 sign\u00e9 (transfert de propri\u00e9t\u00e9), et enfin un\u00a0reliquat de 2000\u20ac au moment de la prise de possession du v\u00e9hicule par les acheteurs quelques semaines\/mois apr\u00e8s (le v\u00e9hicule \u00e9tant bien conforme \u00e0 la description).<\/p>\n<h3><span id=\"Des_liens_utiles\">Des liens utiles<\/span><\/h3>\n<p>&gt; Fiche d\u2019identification du v\u00e9hicule<br \/>\n<a href=\"http:\/\/vosdroits.service-public.fr\/particuliers\/F21009.xhtml\" target=\"_blank\" rel=\"nofollow noopener\">http:\/\/vosdroits.service-public.fr\/&#8230;culiers\/F&#8230;<\/a><br \/>\n&gt; T\u00e9l\u00e9charger le certificat de cession (formulaire cerfa n\u00b013754*02)<br \/>\n<a href=\"https:\/\/www.formulaires.modernisation.gouv.fr\/gf\/showFormulaireSignaletiqueConsulter.do?numCerfa=13754\" target=\"_blank\" rel=\"nofollow noopener\">https:\/\/www.formulaires.modernisation.gouv.fr\/&#8230;.<br \/>\n<\/a>&gt; Plus d&rsquo;infos pratiques sur les forums francophones des\u00a0<a href=\"https:\/\/groups.google.com\/forum\/#!forum\/le-lien-amnordcentrale\" target=\"_blank\" rel=\"noopener\">Liens AmNordCentrale<\/a>\u00a0et\u00a0<a href=\"https:\/\/fr.groups.yahoo.com\/neo\/groups\/lelien-amsud\/info\" target=\"_blank\" rel=\"noopener\">AmSud<\/a>\u00a0et\u00a0sur le\u00a0<a href=\"http:\/\/wikioverland.org\/Main_Page\" target=\"_blank\" rel=\"noopener\">wikioverland<\/a>\u00a0(anglophone).<\/p>\n<h2><span id=\"2_8211_Obtention_de_la_carte_grisesans_controle_technique\"><span style=\"color: #993300;\">2 &#8211; Obtention de la carte grise\u00a0sans controle technique<\/span><\/span><\/h2>\n<p>C&rsquo;est la loterie\u2026\u00a0Tentez votre chance aupr\u00e8s de la\u00a0Chef du service des cartes grises de la pr\u00e9fecture de l&rsquo;H\u00e9rault. Ci-dessous la lettre envoy\u00e9e par une famille qui a obtenu une carte grise sans pr\u00e9senter le contr\u00f4le technique.<\/p>\n<blockquote><p><strong>Objet : Demande de d\u00e9rogation \u00e0 la r\u00e9alisation d\u2019un contr\u00f4le technique pour l\u2019obtention d\u2019une carte grise <\/strong><\/p>\n<div>Nous avons achet\u00e9 un camping-car le XX\/XX\/XXX \u00e0 M. ZZZZZ . La cession a \u00e9t\u00e9 enregistr\u00e9e par la pr\u00e9fecture de XXXXXXX.\u00a0Ce camping-car n\u2019\u00e9tait pas sur le sol fran\u00e7ais au moment de la vente mais en XXXXX. En effet, nous avons achet\u00e9 ce v\u00e9hicule pour r\u00e9aliser un tour d\u2019Am\u00e9rique du sud sur plusieurs mois, nos vendeurs finissant eux-m\u00eames un tel p\u00e9riple. De ce fait, nous n\u2019avons jamais pu r\u00e9aliser de contr\u00f4le technique et nous n\u2019avons pas pu demander l\u2019\u00e9mission d\u2019une carte grise \u00e0 notre nom.<\/div>\n<div><\/div>\n<div>Nous allons revendre ce v\u00e9hicule en XX-XX-XX \u00e0 M. YYYYY \u00a0qui va \u00e9galement, avec sa famille, r\u00e9aliser un voyage sur le continent sud am\u00e9ricain. Le v\u00e9hicule ne revenant pas sur le sol fran\u00e7ais (ou europ\u00e9en), nous ne pourrons pas r\u00e9aliser de contr\u00f4le technique.<\/div>\n<div><\/div>\n<div>Vous vous \u00eates entretenue le XX\/XX\/XXXX avec XXXXX , la compagne de M.\u00a0YYYYY\u00a0. Vous lui avez indiqu\u00e9 la possibilit\u00e9 d\u2019obtenir une d\u00e9rogation \u00e0 l\u2019obligation de pr\u00e9senter un contr\u00f4le technique dans notre cas.C\u2019est pourquoi je vous sollicite aujourd\u2019hui afin d\u2019obtenir une carte grise \u00e0 mon nom et de pouvoir r\u00e9aliser la cession du v\u00e9hicule dans les r\u00e8gles avec M.\u00a0YYYYY\u00a0.<\/div>\n<p>Je vous remercie pour votre compr\u00e9hension dans un cas, vous l\u2019aurez compris, tr\u00e8s particulier.<\/p>\n<p>Je vous prie d\u2019agr\u00e9er, Madame, l\u2019expression de mes salutations distingu\u00e9es.<\/p>\n<p>Pi\u00e8ces jointes : &#8211; Formulaire de demande de carte grise &#8211; Carte grise barr\u00e9e de l\u2019ancien propri\u00e9taire &#8211; D\u00e9claration de cession du v\u00e9hicule &#8211; Copie carte d\u2019identit\u00e9 &#8211; Justificatif de domicile &#8211; Ch\u00e8que pour r\u00e8glement<\/p><\/blockquote>\n<h2><span id=\"Importation_auCanada\"><span style=\"color: #993300;\">Importation au\u00a0Canada<\/span><\/span><\/h2>\n<p>Tout camping-car\u00a0de plus de 15 ans peut \u00eatre import\u00e9 l\u00e9galement au Canada. <span style=\"text-decoration: underline;\">Ce qui suit est une\u00a0exp\u00e9rience\u00a0v\u00e9cue par un Qu\u00e9b\u00e9cois<\/span> : vente d&rsquo;un camping-car fran\u00e7ais \u00e0 un Qu\u00e9b\u00e9cois.\u00a0Voici les formulaires et documents requis que vous avez de besoin pour aller au bureau des v\u00e9hicules (SAAQ) (N.B. : Le vendeur n&rsquo;a pas besoin d&rsquo;\u00eatre pr\u00e9sent.) :<br \/>\n&gt;\u00a0<a href=\"http:\/\/www.tc.gc.ca\/eng\/motorvehiclesafety\/safevehicles-importation-other-than-index-446.htm\" target=\"_blank\" rel=\"noopener\">Importing vehicles purchased in countries OTHER than the United States<\/a><br \/>\n&gt;\u00a0<a title=\"Governement of Canada\" href=\"http:\/\/www.tc.gc.ca\/eng\/motorvehiclesafety\/safevehicles-importation-other-than-faq-1283.htm\" target=\"_blank\" rel=\"noopener\">FAQ &#8211; Importing vehicles purchased in countries OTHER than the United States<\/a><\/p>\n<h4><span id=\"Le_formulaire_B15\">Le formulaire B15<\/span><\/h4>\n<p>Disponible au bureau de l&rsquo;Agence des services frontaliers du Canada (\u00a0<a href=\"http:\/\/www.cbsa-asfc.gc.ca\/do-rb\/provinces\/qc-fra.html\">http:\/\/www.cbsa-asfc.gc.ca\/do-rb\/provinces\/qc-fra.html<\/a>\u00a0) ou \u00e0 la fronti\u00e8re du Canada.<br \/>\nN.B.: \u00c0 l&rsquo;Agence des Services Frontaliers du Canada, ils vous demanderont la valeur du v\u00e9hicule et feront payer 5 % de taxes par la suite sur ce\u00a0montant. Et ce n&rsquo;est pas tout. Quand l&rsquo;acheteur passera au bureau des v\u00e9hicules du Qu\u00e9bec (SAAQ) il lui en co\u00fbtera \u00a09.975% de taxes sur le total de\u00a0la valeur du v\u00e9hicule avec les taxes de 5% d\u00e9clar\u00e9es sur la formulaire B15. Au bureau des v\u00e9hicules (SAAQ) vous pouvez contester la valeur du\u00a0v\u00e9hicule, ils vous diront de faire \u00e9valuer le v\u00e9hicule (ils ont les no de t\u00e9l\u00e9phones des centres d&rsquo;\u00e9valuation accr\u00e9dit\u00e9s, les prix varient \u00e9norm\u00e9ment d&rsquo;un\u00a0\u00e9valuateur \u00e0 l&rsquo;autre entre 150 $ et 300$). D\u00e9pend de votre dossier mais moi j&rsquo;ai sauv\u00e9 2000$ \ud83d\ude42<br \/>\nEX: Votre d\u00e9claration d&rsquo;\u00e9valuation du v\u00e9hicule 25000$ x 5% TPS taxe = 1250$ de taxe a payer au services frontaliers par le vendeur. Je vous\u00a0conseille de faire une d\u00e9claration le plus bas possible.<br \/>\nAu bureau des v\u00e9hicules : 25000$ + 1250$ =26250$ x 9.975% \u00a0TVQ taxe= 2618.44$ de Taxe a payer \u00e0 la SAAQ par l&rsquo;acheteur. Donc l&rsquo;acheteur doit\u00a0tenter de faire \u00e9valuer \u00e0 la baisse le prix du v\u00e9hicule pour sauver le plus de taxes possibles.<\/p>\n<h4><span id=\"Formulaire_1\">Formulaire 1<\/span><\/h4>\n<p>Disponible au bureau de l&rsquo;Agence des services frontaliers du Canada ou \u00e0 la fronti\u00e8re du Canada.<br \/>\nLe formulaire 1 contient les renseignements sur le v\u00e9hicule et le propri\u00e9taire (de France).<\/p>\n<h4><span id=\"Certificat_drsquoimmatriculation\">Certificat d&rsquo;immatriculation<\/span><\/h4>\n<p>(Carte Grise) du v\u00e9hicule \u00e0 importer.<\/p>\n<h4><span id=\"Formulaire_drsquoinspection_mecanique\">Formulaire d&rsquo;inspection m\u00e9canique<\/span><\/h4>\n<p>Vous sera remis apr\u00e8s l&rsquo;inspection. Co\u00fbt 170 $ taxes incluses. Informez-vous \u00e0 la SAAQ pour connaitre les garages mandataires pour faire les\u00a0inspections m\u00e9caniques ou ici :\u00a0<a href=\"https:\/\/saaq.gouv.qc.ca\/\">https:\/\/saaq.gouv.qc.ca\/<\/a><br \/>\nN.B. : Il est important de savoir le PNBV (Poids Nominal Brute) du v\u00e9hicule. Ce qui veux dire le poids du v\u00e9hicule, y compris sa capacit\u00e9 de\u00a0chargement maximal, selon les indications de son constructeur. SI le PNBV est plus de 4500 KG vous devez vous rendre chez un garage mandataire\u00a0de v\u00e9hicule lourd.<\/p>\n<h4><span id=\"Votre_permis_de_conduire\">Votre permis de conduire<\/span><\/h4>\n<div class=\"\"><\/div>\n<div class=\"\"><em>Derni\u00e8re modification :\u00a0<span class=\"last-modified-timestamp\">Avr 13, 2019 @ 18 h 20 min<\/span><\/em><\/div>\n","protected":false},"excerpt":{"rendered":"<p>Tout sur la la revente \u00e0 l&rsquo;\u00e9tranger d&rsquo;un v\u00e9hicule fran\u00e7ais entre Fran\u00e7ais. En toute l\u00e9galit\u00e9 !<\/p>\n","protected":false},"author":2,"featured_media":0,"parent":40,"menu_order":2,"comment_status":"open","ping_status":"closed","template":"","meta":{"spay_email":""},"jetpack_sharing_enabled":true,"jetpack_shortlink":"https:\/\/wp.me\/P4uy6M-1v2","jetpack_likes_enabled":true,"_links":{"self":[{"href":"http:\/\/songkol.com\/WordPress3\/wp-json\/wp\/v2\/pages\/5768"}],"collection":[{"href":"http:\/\/songkol.com\/WordPress3\/wp-json\/wp\/v2\/pages"}],"about":[{"href":"http:\/\/songkol.com\/WordPress3\/wp-json\/wp\/v2\/types\/page"}],"author":[{"embeddable":true,"href":"http:\/\/songkol.com\/WordPress3\/wp-json\/wp\/v2\/users\/2"}],"replies":[{"embeddable":true,"href":"http:\/\/songkol.com\/WordPress3\/wp-json\/wp\/v2\/comments?post=5768"}],"version-history":[{"count":64,"href":"http:\/\/songkol.com\/WordPress3\/wp-json\/wp\/v2\/pages\/5768\/revisions"}],"predecessor-version":[{"id":7362,"href":"http:\/\/songkol.com\/WordPress3\/wp-json\/wp\/v2\/pages\/5768\/revisions\/7362"}],"up":[{"embeddable":true,"href":"http:\/\/songkol.com\/WordPress3\/wp-json\/wp\/v2\/pages\/40"}],"wp:attachment":[{"href":"http:\/\/songkol.com\/WordPress3\/wp-json\/wp\/v2\/media?parent=5768"}],"curies":[{"name":"wp","href":"https:\/\/api.w.org\/{rel}","templated":true}]}}