{"id":28,"date":"2013-09-29T22:15:33","date_gmt":"2013-09-29T20:15:33","guid":{"rendered":"http:\/\/songkol.com\/WordPress3\/?page_id=28"},"modified":"2017-02-08T11:50:46","modified_gmt":"2017-02-08T10:50:46","slug":"qui-sommes-nous","status":"publish","type":"page","link":"http:\/\/songkol.com\/WordPress3\/qui-sommes-nous\/","title":{"rendered":"Les voyageurs"},"content":{"rendered":"<p><a href=\"https:\/\/i0.wp.com\/songkol.com\/WordPress3\/wp-content\/uploads\/2013\/09\/nous1.jpg\"><img data-attachment-id=\"1080\" data-permalink=\"http:\/\/songkol.com\/WordPress3\/qui-sommes-nous\/nous1\/\" data-orig-file=\"https:\/\/i0.wp.com\/songkol.com\/WordPress3\/wp-content\/uploads\/2013\/09\/nous1.jpg?fit=1280%2C960\" data-orig-size=\"1280,960\" data-comments-opened=\"1\" data-image-meta=\"{&quot;aperture&quot;:&quot;3.5&quot;,&quot;credit&quot;:&quot;&quot;,&quot;camera&quot;:&quot;DSC-HX50V&quot;,&quot;caption&quot;:&quot;&quot;,&quot;created_timestamp&quot;:&quot;1393524482&quot;,&quot;copyright&quot;:&quot;&quot;,&quot;focal_length&quot;:&quot;4.3&quot;,&quot;iso&quot;:&quot;320&quot;,&quot;shutter_speed&quot;:&quot;0.033333333333333&quot;,&quot;title&quot;:&quot;&quot;}\" data-image-title=\"CARRETERA AUSTRALE \/ Entre Puerto Bertrand et Puerto Rio Tranquilo\" data-image-description=\"\" data-image-caption=\"&lt;p&gt;CARRETERA AUSTRALE \/ Entre Puerto Bertrand et Puerto Rio Tranquilo&lt;\/p&gt;\n\" data-medium-file=\"https:\/\/i0.wp.com\/songkol.com\/WordPress3\/wp-content\/uploads\/2013\/09\/nous1.jpg?fit=300%2C225\" data-large-file=\"https:\/\/i0.wp.com\/songkol.com\/WordPress3\/wp-content\/uploads\/2013\/09\/nous1.jpg?fit=768%2C576\" loading=\"lazy\" class=\"size-medium wp-image-1080 alignright\" src=\"https:\/\/i0.wp.com\/songkol.com\/WordPress3\/wp-content\/uploads\/2013\/09\/nous1.jpg?resize=300%2C225\" alt=\"nous1\" width=\"300\" height=\"225\" srcset=\"https:\/\/i0.wp.com\/songkol.com\/WordPress3\/wp-content\/uploads\/2013\/09\/nous1.jpg?resize=300%2C225 300w, https:\/\/i0.wp.com\/songkol.com\/WordPress3\/wp-content\/uploads\/2013\/09\/nous1.jpg?resize=1024%2C768 1024w, https:\/\/i0.wp.com\/songkol.com\/WordPress3\/wp-content\/uploads\/2013\/09\/nous1.jpg?w=1280 1280w\" sizes=\"(max-width: 300px) 100vw, 300px\" data-recalc-dims=\"1\" \/><\/a>Nous sommes une famille:\u00a0 Lionel, Nelly, Anna et Nils. Beaucoup de \u00ab\u00a0n\u00a0\u00bb et beaucoup de \u00ab\u00a0l\u00a0\u00bb! Anna avait\u00a0\u00ab\u00a04 ans trois quart\u00a0\u00bb au d\u00e9part et Nils un an et des poussi\u00e8res. Lionel a franchi le cap des 40 un mois avant de partir et Nelly a eu quelques mois de plus avant d&rsquo;en faire de m\u00eame. Nous avions tous les deux envie je crois de vivre quelque chose de diff\u00e9rent pendant ces 20\u00a0mois de voyage, quelque chose d&rsquo;unique. Parce que c&rsquo;est nous, parce qu&rsquo;ils sont nos enfants et que nous voulions partager avec eux ces instants d&rsquo;existence qui\u00a0nous ont marqu\u00e9 \u00e0 jamais, chacun \u00e0 notre mani\u00e8re.<\/p>\n<p>Nous sommes\u00a0donc partis en novembre 2013 pour une grande aventure de presque deux ans qui nous a men\u00e9e du point le plus au Sud des Am\u00e9riques jusqu&rsquo;au Canada d&rsquo;o\u00f9 nous sommes rentr\u00e9s en France en juillet 2015.\u00a0Une belle aventure en famille !<\/p>\n<h3><span style=\"color: #993300;\">Quelques mots six mois apr\u00e8s le retour<\/span><\/h3>\n<div id=\"attachment_610\" style=\"width: 310px\" class=\"wp-caption alignright\"><img aria-describedby=\"caption-attachment-610\" data-attachment-id=\"610\" data-permalink=\"http:\/\/songkol.com\/WordPress3\/blog\/2014\/01\/22\/pali-aike-il-est-ou-ce-volcan\/2101paliaike4\/\" data-orig-file=\"https:\/\/i0.wp.com\/songkol.com\/WordPress3\/wp-content\/uploads\/2014\/01\/2101PaliAike4.jpg?fit=1280%2C853\" data-orig-size=\"1280,853\" data-comments-opened=\"1\" data-image-meta=\"{&quot;aperture&quot;:&quot;16&quot;,&quot;credit&quot;:&quot;&quot;,&quot;camera&quot;:&quot;Canon EOS 5D&quot;,&quot;caption&quot;:&quot;&quot;,&quot;created_timestamp&quot;:&quot;1390251149&quot;,&quot;copyright&quot;:&quot;&quot;,&quot;focal_length&quot;:&quot;40&quot;,&quot;iso&quot;:&quot;800&quot;,&quot;shutter_speed&quot;:&quot;0.002&quot;,&quot;title&quot;:&quot;&quot;}\" data-image-title=\"PN PALI AIKE \/ Parc Volcanique\" data-image-description=\"\" data-image-caption=\"&lt;p&gt;PN PALI AIKE \/ Parc Volcanique&lt;\/p&gt;\n\" data-medium-file=\"https:\/\/i0.wp.com\/songkol.com\/WordPress3\/wp-content\/uploads\/2014\/01\/2101PaliAike4.jpg?fit=300%2C199\" data-large-file=\"https:\/\/i0.wp.com\/songkol.com\/WordPress3\/wp-content\/uploads\/2014\/01\/2101PaliAike4.jpg?fit=768%2C512\" loading=\"lazy\" class=\"wp-image-610 size-medium\" src=\"https:\/\/i0.wp.com\/songkol.com\/WordPress3\/wp-content\/uploads\/2014\/01\/2101PaliAike4.jpg?resize=300%2C199\" alt=\"Pali Aike\" width=\"300\" height=\"199\" srcset=\"https:\/\/i0.wp.com\/songkol.com\/WordPress3\/wp-content\/uploads\/2014\/01\/2101PaliAike4.jpg?resize=300%2C199 300w, https:\/\/i0.wp.com\/songkol.com\/WordPress3\/wp-content\/uploads\/2014\/01\/2101PaliAike4.jpg?resize=1024%2C682 1024w, https:\/\/i0.wp.com\/songkol.com\/WordPress3\/wp-content\/uploads\/2014\/01\/2101PaliAike4.jpg?w=1280 1280w\" sizes=\"(max-width: 300px) 100vw, 300px\" data-recalc-dims=\"1\" \/><p id=\"caption-attachment-610\" class=\"wp-caption-text\">CHILI \/ Parc volcanique Pali Aike<\/p><\/div>\n<p><span style=\"color: #993300;\"><strong>NELLY :<\/strong> <\/span>Voil\u00e0 six mois que nous avons repos\u00e9 nos pieds sur le sol fran\u00e7ais. Nous avons repris nos vies l\u00e0 o\u00f9 nous les avions laiss\u00e9es mais, bien s\u00fbr, dans notre t\u00eate, dans notre coeur, les choses sont diff\u00e9rentes, empreintes \u00e0 jamais d\u2019un extra-ordinaire. Ce que l\u2019on a v\u00e9cu, rien ni personne ne pourra nous l\u2019enlever. Nous avons r\u00e9ussi \u00e0 nous offrir le luxe de vivre 20 mois au jour le jour, en savourant, ou d\u00e9testant c\u2019est selon, chaque minute, chaque jour. Je ferme les yeux et je nous vois tous les quatre, notre groupe. Je nous vois vivre en totale autonomie par rapport \u00e0 notre environnement familier, amical, familial et professionnel. Vous dire que cela s\u2019est fait du jour au lendemain ne serait pas honn\u00eate de ma part. Surtout de ma part peut-\u00eatre d\u2019ailleurs. Si Lionel a, me semble-t-il, assez vite ouvert son horizon \u00e0 tous les possibles, il m\u2019aura fallu un peu plus de temps. Un peu plus de temps pour l\u00e2cher prise, \u00eatre rassur\u00e9e sur le bien-\u00eatre des enfants, retrouver chaque jour leur joie de vivre et poursuivre en toute confiance mon aventure, notre aventure \u00e0 deux, notre aventure \u00e0 quatre. Rester confiant sur nos capacit\u00e9s \u00e0 \u201ccomposer\u201d tout en restant fid\u00e8le \u00e0 soi-m\u00eame\u2026<br \/>\nAu bout de quelques semaines de voyage, j\u2019avais trouv\u00e9 ma petite phrase, \u201cvoyager c\u2019est s\u2019adapter\u201d. Je ne voudrais pas que cela soit vu comme une r\u00e9signation.\u00a0 Petit \u00e0 petit on se lib\u00e8re et on est plus \u00e0 l\u2019\u00e9coute de ses envies et de ses besoins. Mais pas oblig\u00e9 de faire des milliers de kilom\u00e8tres pour vivre tout cela ! Nous, on en avait simplement envie.<br \/>\nUn autre aspect du voyage, et non des moindres, est la rencontre avec l\u2019autre, les autres, tous ces gens qui ont exactement les m\u00eames besoins que nous mais dont nous ignorions tout. Pendant ces 20 mois, nous nous sommes sentis \u201ccitoyens du monde\u201d, nous avons un peu appris \u00e0 vivre au rythme des habitants dont nous traversions le pays. S&rsquo;il y a bien s\u00fbr de tout, comme partout, il y a beaucoup d&rsquo;hommes, de femmes et d&rsquo;enfants avec qui nous avons partag\u00e9 un regard, un fr\u00f4lement, quelques mots ou une v\u00e9ritable rencontre. J\u2019ai envie de leur dire merci de nous avoir \u201caccueillis\u201d ainsi, d\u2019avoir \u00e9t\u00e9 d\u2019une si grande gentillesse et d\u2019une belle attention envers nos enfants, envers nous.<\/p>\n<p><strong><span style=\"color: #993300;\">LIONEL :<\/span> <\/strong>Mon d\u00e9sir \u00e9tait de vivre une aventure humaine, partager quelque chose de fort en famille, loin des sentiers battus, en contact avec la nature et d\u2019autres formes de soci\u00e9t\u00e9s.\u00a0Cette aventure m\u2019apparaissait comme n\u00e9cessaire pour aller de l\u2019avant : un voyage initiatique qui repr\u00e9sente une \u00e9tape de ma vie.\u00a0Oui, nous avons pris\u00a0des risques, d\u2019autant plus avec des enfants en bas \u00e2ge, mais pour \u00eatre honn\u00eate il n\u2019y a pas de r\u00e9el danger. Ce f\u00fbt surtout une occasion de repousser nos limites en vivant une vie de nomade qui oblige \u00e0 renoncer aux standards de confort occidentaux.\u00a0Le camping-car, la moto, le kayak, le v\u00e9lo sont pour moi des outils secondaires permettant de vivre l\u2019exp\u00e9rience en atteignant des lieux isol\u00e9s en autonomie.<br \/>\nAu final, je vois ce voyage comme une exp\u00e9rience qui permet d\u2019avoir un regard diff\u00e9rent sur la vie. Je reste le m\u00eame, avec mes d\u00e9fauts et qualit\u00e9s, mais chaque voyage m\u2019aide \u00e0 comprendre qui je suis.<\/p>\n","protected":false},"excerpt":{"rendered":"<p>Nous sommes une famille:\u00a0 Lionel, Nelly, Anna et Nils. Beaucoup de \u00ab\u00a0n\u00a0\u00bb et beaucoup de \u00ab\u00a0l\u00a0\u00bb! Anna avait\u00a0\u00ab\u00a04 ans trois quart\u00a0\u00bb au d\u00e9part et Nils un an et des poussi\u00e8res. Lionel a franchi le cap des 40 un mois avant de partir et Nelly a eu quelques mois de plus avant d&rsquo;en faire de m\u00eame. [&hellip;]<\/p>\n","protected":false},"author":2,"featured_media":0,"parent":0,"menu_order":2,"comment_status":"open","ping_status":"closed","template":"","meta":{"spay_email":""},"jetpack_sharing_enabled":true,"jetpack_shortlink":"https:\/\/wp.me\/P4uy6M-s","jetpack_likes_enabled":true,"_links":{"self":[{"href":"http:\/\/songkol.com\/WordPress3\/wp-json\/wp\/v2\/pages\/28"}],"collection":[{"href":"http:\/\/songkol.com\/WordPress3\/wp-json\/wp\/v2\/pages"}],"about":[{"href":"http:\/\/songkol.com\/WordPress3\/wp-json\/wp\/v2\/types\/page"}],"author":[{"embeddable":true,"href":"http:\/\/songkol.com\/WordPress3\/wp-json\/wp\/v2\/users\/2"}],"replies":[{"embeddable":true,"href":"http:\/\/songkol.com\/WordPress3\/wp-json\/wp\/v2\/comments?post=28"}],"version-history":[{"count":27,"href":"http:\/\/songkol.com\/WordPress3\/wp-json\/wp\/v2\/pages\/28\/revisions"}],"predecessor-version":[{"id":7186,"href":"http:\/\/songkol.com\/WordPress3\/wp-json\/wp\/v2\/pages\/28\/revisions\/7186"}],"wp:attachment":[{"href":"http:\/\/songkol.com\/WordPress3\/wp-json\/wp\/v2\/media?parent=28"}],"curies":[{"name":"wp","href":"https:\/\/api.w.org\/{rel}","templated":true}]}}