{"id":1839,"date":"2014-04-20T14:49:04","date_gmt":"2014-04-20T12:49:04","guid":{"rendered":"http:\/\/songkol.com\/WordPress3\/?page_id=1839"},"modified":"2016-09-26T15:07:58","modified_gmt":"2016-09-26T13:07:58","slug":"itineraire","status":"publish","type":"page","link":"http:\/\/songkol.com\/WordPress3\/preparatifs\/itineraire\/","title":{"rendered":"Itin\u00e9raire et bivouacs"},"content":{"rendered":"<p>IMPORTANT : nos bivouacs pr\u00e9f\u00e9r\u00e9s sont en <span style=\"color: #ffcc00;\"><strong>JAUNE<\/strong><\/span><br \/>\n<iframe loading=\"lazy\" src=\"https:\/\/www.google.com\/maps\/d\/u\/0\/embed?mid=z7F53D818jxc.kQFNtTV_3OzE\" width=\"750\" height=\"480\"><\/iframe><br \/>\n<strong>&gt; <\/strong><strong><a href=\"https:\/\/www.google.com\/maps\/d\/edit?mid=z7F53D818jxc.kQFNtTV_3OzE&amp;usp=sharing\" target=\"_blank\">Voir cette\u00a0carte en grand format<\/a><\/strong><\/p>\n<h2><span id=\"600_jours_55_000_km\">600 jours \/ 55 000 km<\/span><\/h2><div id=\"toc_container\" class=\"toc_wrap_right no_bullets\"><p class=\"toc_title\">Sommaire<\/p><ul class=\"toc_list\"><li><a href=\"#600_jours_55_000_km\"><span class=\"toc_number toc_depth_1\">1<\/span> 600 jours \/ 55 000 km<\/a><\/li><li><a href=\"#Points_GPS\"><span class=\"toc_number toc_depth_1\">2<\/span> Points GPS<\/a><\/li><li><a href=\"#Balise_satellite\"><span class=\"toc_number toc_depth_1\">3<\/span> Balise satellite<\/a><\/li><\/ul><\/div>\n\n<p>Nous avons voyag\u00e9 de novembre 2013 \u00e0 juillet 2015, de Montevideo (Uruguay) \u00e0 Montr\u00e9al (Canada), soit 55.000km parcourus en 20 mois. Nous \u00e9tions parmi les plus lents ! Notre itin\u00e9raire \u00e9tait calcul\u00e9 \u00e0 la semaine. <strong>Prenez votre\u00a0temps !<\/strong>\u00a0C&rsquo;est d&rsquo;autant plus vrai si <a href=\"http:\/\/songkol.com\/WordPress3\/preparatifs\/enfants\/\">vous voyagez en famille<\/a>. Concr\u00e8tement, cela\u00a0\u00a0repr\u00e9sente\u00a0+\/-<strong>\u00a090 km\/jour.<\/strong>\u00a0Nous avions une\u00a0<strong>moyenne de 40km\/h en montagne<\/strong>\u00a0et\u00a0<strong>60 km\/h en plaine.<\/strong><br \/>\n&gt; Plus d&rsquo;infos :\u00a0<a href=\"http:\/\/songkol.com\/WordPress3\/preparatifs\/comment-etablir-son-itineraire\/\">Conseils pour \u00e9tablir votre itin\u00e9raire<\/a><\/p>\n<h2><span id=\"Points_GPS\">Points GPS<\/span><\/h2>\n<p>Reportez-vous sur la page\u00a0<a href=\"http:\/\/songkol.com\/WordPress3\/preparatifs\/points-gps-a-telecharger\/\">points GPS \u00e0 t\u00e9l\u00e9charger<\/a>\u00a0\u00a0(bivouacs, points d&rsquo;int\u00e9r\u00eats touristiques, randos, usines \u00e0 gaz, garages, campings,\u2026).<\/p>\n<h2><span id=\"Balise_satellite\">Balise satellite<\/span><\/h2>\n<div id=\"attachment_4583\" style=\"width: 310px\" class=\"wp-caption alignright\"><img aria-describedby=\"caption-attachment-4583\" data-attachment-id=\"4583\" data-permalink=\"http:\/\/songkol.com\/WordPress3\/preparatifs\/balise-spot\/baru-07\/\" data-orig-file=\"https:\/\/i0.wp.com\/songkol.com\/WordPress3\/wp-content\/uploads\/2015\/01\/BARU-07.jpg?fit=1200%2C600\" data-orig-size=\"1200,600\" data-comments-opened=\"1\" data-image-meta=\"{&quot;aperture&quot;:&quot;8&quot;,&quot;credit&quot;:&quot;&quot;,&quot;camera&quot;:&quot;Canon EOS 5D&quot;,&quot;caption&quot;:&quot;&quot;,&quot;created_timestamp&quot;:&quot;1419615631&quot;,&quot;copyright&quot;:&quot;&quot;,&quot;focal_length&quot;:&quot;40&quot;,&quot;iso&quot;:&quot;200&quot;,&quot;shutter_speed&quot;:&quot;0.008&quot;,&quot;title&quot;:&quot;&quot;,&quot;orientation&quot;:&quot;1&quot;}\" data-image-title=\"BARU-07\" data-image-description=\"\" data-image-caption=\"&lt;p&gt;VOLCAN BARU \/ La balise Spot qui nous suit partout&lt;\/p&gt;\n\" data-medium-file=\"https:\/\/i0.wp.com\/songkol.com\/WordPress3\/wp-content\/uploads\/2015\/01\/BARU-07.jpg?fit=300%2C150\" data-large-file=\"https:\/\/i0.wp.com\/songkol.com\/WordPress3\/wp-content\/uploads\/2015\/01\/BARU-07.jpg?fit=768%2C384\" loading=\"lazy\" class=\"wp-image-4583 size-medium\" src=\"https:\/\/i0.wp.com\/songkol.com\/WordPress3\/wp-content\/uploads\/2015\/01\/BARU-07.jpg?resize=300%2C150\" alt=\"Balise Spot\" width=\"300\" height=\"150\" srcset=\"https:\/\/i0.wp.com\/songkol.com\/WordPress3\/wp-content\/uploads\/2015\/01\/BARU-07.jpg?resize=300%2C150 300w, https:\/\/i0.wp.com\/songkol.com\/WordPress3\/wp-content\/uploads\/2015\/01\/BARU-07.jpg?resize=1024%2C512 1024w, https:\/\/i0.wp.com\/songkol.com\/WordPress3\/wp-content\/uploads\/2015\/01\/BARU-07.jpg?w=1200 1200w\" sizes=\"(max-width: 300px) 100vw, 300px\" data-recalc-dims=\"1\" \/><p id=\"caption-attachment-4583\" class=\"wp-caption-text\">Balise Spot<\/p><\/div>\n<p>Nous \u00e9tions \u00e9quip\u00e9 d&rsquo;une <a href=\"http:\/\/songkol.com\/WordPress3\/preparatifs\/balise-spot\/\">balise SPOT<\/a>. Indispensable ou pas, le d\u00e9bat est ouvert. Elle \u00e9tait activ\u00e9e de temps \u00e0 autre pour donner notre position ou pour garder les coordonn\u00e9es exactes de nos bivouacs.<br \/>\n&gt; Plus d&rsquo;infos : <a href=\"http:\/\/songkol.com\/WordPress3\/preparatifs\/balise-spot\/\">topo sur les balises de tracking<\/a>.<\/p>\n<h2><\/h2>\n","protected":false},"excerpt":{"rendered":"<p>IMPORTANT : nos bivouacs pr\u00e9f\u00e9r\u00e9s sont en JAUNE &gt; Voir cette\u00a0carte en grand format 600 jours \/ 55 000 kmSommaire1 600 jours \/ 55 000 km2 Points GPS3 Balise satellite Nous avons voyag\u00e9 de novembre 2013 \u00e0 juillet 2015, de Montevideo (Uruguay) \u00e0 Montr\u00e9al (Canada), soit 55.000km parcourus en 20 mois. Nous \u00e9tions parmi les [&hellip;]<\/p>\n","protected":false},"author":2,"featured_media":0,"parent":61,"menu_order":2,"comment_status":"open","ping_status":"closed","template":"","meta":{"spay_email":""},"jetpack_sharing_enabled":true,"jetpack_shortlink":"https:\/\/wp.me\/P4uy6M-tF","jetpack_likes_enabled":true,"_links":{"self":[{"href":"http:\/\/songkol.com\/WordPress3\/wp-json\/wp\/v2\/pages\/1839"}],"collection":[{"href":"http:\/\/songkol.com\/WordPress3\/wp-json\/wp\/v2\/pages"}],"about":[{"href":"http:\/\/songkol.com\/WordPress3\/wp-json\/wp\/v2\/types\/page"}],"author":[{"embeddable":true,"href":"http:\/\/songkol.com\/WordPress3\/wp-json\/wp\/v2\/users\/2"}],"replies":[{"embeddable":true,"href":"http:\/\/songkol.com\/WordPress3\/wp-json\/wp\/v2\/comments?post=1839"}],"version-history":[{"count":55,"href":"http:\/\/songkol.com\/WordPress3\/wp-json\/wp\/v2\/pages\/1839\/revisions"}],"predecessor-version":[{"id":3089,"href":"http:\/\/songkol.com\/WordPress3\/wp-json\/wp\/v2\/pages\/1839\/revisions\/3089"}],"up":[{"embeddable":true,"href":"http:\/\/songkol.com\/WordPress3\/wp-json\/wp\/v2\/pages\/61"}],"wp:attachment":[{"href":"http:\/\/songkol.com\/WordPress3\/wp-json\/wp\/v2\/media?parent=1839"}],"curies":[{"name":"wp","href":"https:\/\/api.w.org\/{rel}","templated":true}]}}